{"id":141,"date":"2026-03-20T15:45:25","date_gmt":"2026-03-20T15:45:25","guid":{"rendered":"https:\/\/violet-lapwing-232108.hostingersite.com\/sobre\/"},"modified":"2026-04-06T18:51:06","modified_gmt":"2026-04-06T18:51:06","slug":"sobre","status":"publish","type":"page","link":"https:\/\/boatorna.com\/en\/sobre\/","title":{"rendered":"About Us"},"content":{"rendered":"<div data-elementor-type=\"wp-page\" data-elementor-id=\"141\" class=\"elementor elementor-141\">\n\t\t\t\t<div data-aos=\"fade-up\" class=\"hostinger-elementor-aos elementor-element elementor-element-4416749 e-grid hostinger-ai-about-us-3 e-con-boxed e-con e-parent\" data-id=\"4416749\" data-element_type=\"container\" data-e-type=\"container\">\n\t\t\t\t\t<div class=\"e-con-inner\">\n\t\t<div data-aos=\"fade-up\" class=\"hostinger-elementor-aos elementor-element elementor-element-ac68c9f e-con-full e-flex e-con e-child\" data-id=\"ac68c9f\" data-element_type=\"container\" data-e-type=\"container\">\n\t\t\t\t<div class=\"elementor-element elementor-element-5dbfd0c hostinger-ai-title elementor-widget elementor-widget-heading\" data-id=\"5dbfd0c\" data-element_type=\"widget\" data-e-type=\"widget\" data-widget_type=\"heading.default\">\n\t\t\t\t<div class=\"elementor-widget-container\">\n\t\t\t\t\t<h1 class=\"elementor-heading-title elementor-size-default\">About us<\/h1>\t\t\t\t<\/div>\n\t\t\t\t<\/div>\n\t\t\t\t<div class=\"elementor-element elementor-element-54bca8c hostinger-ai-description elementor-widget elementor-widget-text-editor\" data-id=\"54bca8c\" data-element_type=\"widget\" data-e-type=\"widget\" data-widget_type=\"text-editor.default\">\n\t\t\t\t<div class=\"elementor-widget-container\">\n\t\t\t\t\t\t\t\t\t<p>BoaTorna is born of the earth, in a carefully cultivated landscape where every element is nurtured with care. We are not for everyone; we are for those who understand that excellence demands time, dedication and control.<\/p><p>Design and quality don\u2019t just go hand in hand; they are the starting point for everything. The exclusive collections, combined with the partnership with Manuta\u2019s, transform every space into a true statement of sophistication.<\/p><p>BoaTorna exists because there are no limits to excellence.<\/p>\t\t\t\t\t\t\t\t<\/div>\n\t\t\t\t<\/div>\n\t\t\t\t<div class=\"elementor-element elementor-element-11cd716 hostinger-ai-cta-button hostinger-index-0 elementor-align-center elementor-widget elementor-widget-button\" data-id=\"11cd716\" data-element_type=\"widget\" data-e-type=\"widget\" data-widget_type=\"button.default\">\n\t\t\t\t<div class=\"elementor-widget-container\">\n\t\t\t\t\t\t\t\t\t<div class=\"elementor-button-wrapper\">\n\t\t\t\t\t<a class=\"elementor-button elementor-button-link elementor-size-sm\" href=\"https:\/\/boatorna.com\/en\/loja\/\" target=\"_blank\">\n\t\t\t\t\t\t<span class=\"elementor-button-content-wrapper\">\n\t\t\t\t\t\t\t\t\t<span class=\"elementor-button-text\">Find out more<\/span>\n\t\t\t\t\t<\/span>\n\t\t\t\t\t<\/a>\n\t\t\t\t<\/div>\n\t\t\t\t\t\t\t\t<\/div>\n\t\t\t\t<\/div>\n\t\t\t\t<\/div>\n\t\t<div data-aos=\"fade-up\" class=\"hostinger-elementor-aos elementor-element elementor-element-534449b e-con-full e-grid e-con e-child\" data-id=\"534449b\" data-element_type=\"container\" data-e-type=\"container\">\n\t\t\t\t<div class=\"elementor-element elementor-element-639dc81 hostinger-ai-image hostinger-index-4 elementor-widget elementor-widget-image\" data-id=\"639dc81\" data-element_type=\"widget\" data-e-type=\"widget\" data-widget_type=\"image.default\">\n\t\t\t\t<div class=\"elementor-widget-container\">\n\t\t\t\t\t\t\t\t\t\t\t\t\t\t\t<img fetchpriority=\"high\" decoding=\"async\" width=\"1080\" height=\"1350\" src=\"https:\/\/boatorna.com\/wp-content\/uploads\/2026\/03\/2-1.png\" class=\"attachment-full size-full wp-image-195\" alt=\"decora\u00e7\u00e3o-sobre\" srcset=\"https:\/\/boatorna.com\/wp-content\/uploads\/2026\/03\/2-1.png 1080w, https:\/\/boatorna.com\/wp-content\/uploads\/2026\/03\/2-1-600x750.png 600w, https:\/\/boatorna.com\/wp-content\/uploads\/2026\/03\/2-1-240x300.png 240w, https:\/\/boatorna.com\/wp-content\/uploads\/2026\/03\/2-1-819x1024.png 819w, https:\/\/boatorna.com\/wp-content\/uploads\/2026\/03\/2-1-768x960.png 768w\" sizes=\"(max-width: 1080px) 100vw, 1080px\" \/>\t\t\t\t\t\t\t\t\t\t\t\t\t\t\t<\/div>\n\t\t\t\t<\/div>\n\t\t\t\t<div class=\"elementor-element elementor-element-a59b6bc hostinger-ai-image hostinger-index-5 elementor-widget elementor-widget-image\" data-id=\"a59b6bc\" data-element_type=\"widget\" data-e-type=\"widget\" data-widget_type=\"image.default\">\n\t\t\t\t<div class=\"elementor-widget-container\">\n\t\t\t\t\t\t\t\t\t\t\t\t\t\t\t<img decoding=\"async\" width=\"662\" height=\"1000\" src=\"https:\/\/boatorna.com\/wp-content\/uploads\/2026\/03\/em-peee.jpg\" class=\"attachment-full size-full wp-image-295\" alt=\"sobre-decora\u00e7\u00e3o-loja de decora\u00e7\u00e3o- BoaTorna\" srcset=\"https:\/\/boatorna.com\/wp-content\/uploads\/2026\/03\/em-peee.jpg 662w, https:\/\/boatorna.com\/wp-content\/uploads\/2026\/03\/em-peee-600x906.jpg 600w, https:\/\/boatorna.com\/wp-content\/uploads\/2026\/03\/em-peee-199x300.jpg 199w\" sizes=\"(max-width: 662px) 100vw, 662px\" \/>\t\t\t\t\t\t\t\t\t\t\t\t\t\t\t<\/div>\n\t\t\t\t<\/div>\n\t\t\t\t<\/div>\n\t\t\t\t\t<\/div>\n\t\t\t\t<\/div>\n\t\t<div data-aos=\"fade-up\" class=\"hostinger-elementor-aos elementor-element elementor-element-3168083 e-flex e-con-boxed e-con e-parent\" data-id=\"3168083\" data-element_type=\"container\" data-e-type=\"container\">\n\t\t\t\t\t<div class=\"e-con-inner\">\n\t\t<div data-aos=\"fade-up\" class=\"hostinger-elementor-aos elementor-element elementor-element-4a928a1 e-con-full e-flex e-con e-child\" data-id=\"4a928a1\" data-element_type=\"container\" data-e-type=\"container\">\n\t\t\t\t<div class=\"elementor-element elementor-element-df13938 hostinger-ai-title elementor-widget elementor-widget-heading\" data-id=\"df13938\" data-element_type=\"widget\" data-e-type=\"widget\" data-widget_type=\"heading.default\">\n\t\t\t\t<div class=\"elementor-widget-container\">\n\t\t\t\t\t<h2 class=\"elementor-heading-title elementor-size-default\">BoaTorna Gallery<\/h2>\t\t\t\t<\/div>\n\t\t\t\t<\/div>\n\t\t\t\t<div class=\"elementor-element elementor-element-613cd71 hostinger-ai-description elementor-widget elementor-widget-heading\" data-id=\"613cd71\" data-element_type=\"widget\" data-e-type=\"widget\" data-widget_type=\"heading.default\">\n\t\t\t\t<div class=\"elementor-widget-container\">\n\t\t\t\t\t<p class=\"elementor-heading-title elementor-size-default\">A glimpse of each decorative item.<\/p>\t\t\t\t<\/div>\n\t\t\t\t<\/div>\n\t\t\t\t<\/div>\n\t\t\t\t\t<\/div>\n\t\t\t\t<\/div>\n\t\t<div data-aos=\"fade-up\" class=\"hostinger-elementor-aos elementor-element elementor-element-0951d5d hostinger-ai-about-us-1 e-flex e-con-boxed e-con e-parent\" data-id=\"0951d5d\" data-element_type=\"container\" data-e-type=\"container\">\n\t\t\t\t\t<div class=\"e-con-inner\">\n\t\t<div data-aos=\"fade-up\" class=\"hostinger-elementor-aos elementor-element elementor-element-12883d3 image-row e-con-full e-grid e-con e-child\" data-id=\"12883d3\" data-element_type=\"container\" data-e-type=\"container\">\n\t\t\t\t<div class=\"elementor-element elementor-element-b6f6ff5 hostinger-ai-image hostinger-index-8 elementor-widget elementor-widget-image\" data-id=\"b6f6ff5\" data-element_type=\"widget\" data-e-type=\"widget\" data-widget_type=\"image.default\">\n\t\t\t\t<div class=\"elementor-widget-container\">\n\t\t\t\t\t\t\t\t\t\t\t\t\t\t\t<img decoding=\"async\" width=\"1200\" height=\"1600\" src=\"https:\/\/boatorna.com\/wp-content\/uploads\/2026\/03\/salaaaaaaa.jpeg\" class=\"attachment-full size-full wp-image-280\" alt=\"\" srcset=\"https:\/\/boatorna.com\/wp-content\/uploads\/2026\/03\/salaaaaaaa.jpeg 1200w, https:\/\/boatorna.com\/wp-content\/uploads\/2026\/03\/salaaaaaaa-600x800.jpeg 600w, https:\/\/boatorna.com\/wp-content\/uploads\/2026\/03\/salaaaaaaa-225x300.jpeg 225w, https:\/\/boatorna.com\/wp-content\/uploads\/2026\/03\/salaaaaaaa-768x1024.jpeg 768w, https:\/\/boatorna.com\/wp-content\/uploads\/2026\/03\/salaaaaaaa-1152x1536.jpeg 1152w\" sizes=\"(max-width: 1200px) 100vw, 1200px\" \/>\t\t\t\t\t\t\t\t\t\t\t\t\t\t\t<\/div>\n\t\t\t\t<\/div>\n\t\t\t\t<div class=\"elementor-element elementor-element-71048c8 hostinger-ai-image hostinger-index-9 elementor-widget elementor-widget-image\" data-id=\"71048c8\" data-element_type=\"widget\" data-e-type=\"widget\" data-widget_type=\"image.default\">\n\t\t\t\t<div class=\"elementor-widget-container\">\n\t\t\t\t\t\t\t\t\t\t\t\t\t\t\t<img loading=\"lazy\" decoding=\"async\" width=\"1200\" height=\"1600\" src=\"https:\/\/boatorna.com\/wp-content\/uploads\/2026\/03\/asssss.jpeg\" class=\"attachment-full size-full wp-image-398\" alt=\"\" srcset=\"https:\/\/boatorna.com\/wp-content\/uploads\/2026\/03\/asssss.jpeg 1200w, https:\/\/boatorna.com\/wp-content\/uploads\/2026\/03\/asssss-600x800.jpeg 600w, https:\/\/boatorna.com\/wp-content\/uploads\/2026\/03\/asssss-225x300.jpeg 225w, https:\/\/boatorna.com\/wp-content\/uploads\/2026\/03\/asssss-768x1024.jpeg 768w, https:\/\/boatorna.com\/wp-content\/uploads\/2026\/03\/asssss-1152x1536.jpeg 1152w\" sizes=\"(max-width: 1200px) 100vw, 1200px\" \/>\t\t\t\t\t\t\t\t\t\t\t\t\t\t\t<\/div>\n\t\t\t\t<\/div>\n\t\t\t\t<div class=\"elementor-element elementor-element-2931984 hostinger-ai-image hostinger-index-10 elementor-widget elementor-widget-image\" data-id=\"2931984\" data-element_type=\"widget\" data-e-type=\"widget\" data-widget_type=\"image.default\">\n\t\t\t\t<div class=\"elementor-widget-container\">\n\t\t\t\t\t\t\t\t\t\t\t\t\t\t\t<img loading=\"lazy\" decoding=\"async\" width=\"1080\" height=\"1328\" src=\"https:\/\/boatorna.com\/wp-content\/uploads\/2026\/03\/Capa-e1774275320786.png\" class=\"attachment-full size-full wp-image-232\" alt=\"\" srcset=\"https:\/\/boatorna.com\/wp-content\/uploads\/2026\/03\/Capa-e1774275320786.png 1080w, https:\/\/boatorna.com\/wp-content\/uploads\/2026\/03\/Capa-e1774275320786-600x738.png 600w, https:\/\/boatorna.com\/wp-content\/uploads\/2026\/03\/Capa-e1774275320786-244x300.png 244w, https:\/\/boatorna.com\/wp-content\/uploads\/2026\/03\/Capa-e1774275320786-833x1024.png 833w, https:\/\/boatorna.com\/wp-content\/uploads\/2026\/03\/Capa-e1774275320786-768x944.png 768w\" sizes=\"(max-width: 1080px) 100vw, 1080px\" \/>\t\t\t\t\t\t\t\t\t\t\t\t\t\t\t<\/div>\n\t\t\t\t<\/div>\n\t\t\t\t<div class=\"elementor-element elementor-element-235f87c hostinger-ai-image hostinger-index-11 elementor-widget elementor-widget-image\" data-id=\"235f87c\" data-element_type=\"widget\" data-e-type=\"widget\" data-widget_type=\"image.default\">\n\t\t\t\t<div class=\"elementor-widget-container\">\n\t\t\t\t\t\t\t\t\t\t\t\t\t\t\t<img loading=\"lazy\" decoding=\"async\" width=\"1080\" height=\"1350\" src=\"https:\/\/boatorna.com\/wp-content\/uploads\/2026\/03\/26.png\" class=\"attachment-full size-full wp-image-219\" alt=\"decora\u00e7\u00e3o - BoaTorna - sobre\" srcset=\"https:\/\/boatorna.com\/wp-content\/uploads\/2026\/03\/26.png 1080w, https:\/\/boatorna.com\/wp-content\/uploads\/2026\/03\/26-600x750.png 600w, https:\/\/boatorna.com\/wp-content\/uploads\/2026\/03\/26-240x300.png 240w, https:\/\/boatorna.com\/wp-content\/uploads\/2026\/03\/26-819x1024.png 819w, https:\/\/boatorna.com\/wp-content\/uploads\/2026\/03\/26-768x960.png 768w\" sizes=\"(max-width: 1080px) 100vw, 1080px\" \/>\t\t\t\t\t\t\t\t\t\t\t\t\t\t\t<\/div>\n\t\t\t\t<\/div>\n\t\t\t\t<div class=\"elementor-element elementor-element-88673b9 hostinger-ai-image hostinger-index-12 elementor-widget elementor-widget-image\" data-id=\"88673b9\" data-element_type=\"widget\" data-e-type=\"widget\" data-widget_type=\"image.default\">\n\t\t\t\t<div class=\"elementor-widget-container\">\n\t\t\t\t\t\t\t\t\t\t\t\t\t\t\t<img loading=\"lazy\" decoding=\"async\" width=\"1080\" height=\"1350\" src=\"https:\/\/boatorna.com\/wp-content\/uploads\/2026\/03\/24.png\" class=\"attachment-full size-full wp-image-217\" alt=\"\" srcset=\"https:\/\/boatorna.com\/wp-content\/uploads\/2026\/03\/24.png 1080w, https:\/\/boatorna.com\/wp-content\/uploads\/2026\/03\/24-600x750.png 600w, https:\/\/boatorna.com\/wp-content\/uploads\/2026\/03\/24-240x300.png 240w, https:\/\/boatorna.com\/wp-content\/uploads\/2026\/03\/24-819x1024.png 819w, https:\/\/boatorna.com\/wp-content\/uploads\/2026\/03\/24-768x960.png 768w\" sizes=\"(max-width: 1080px) 100vw, 1080px\" \/>\t\t\t\t\t\t\t\t\t\t\t\t\t\t\t<\/div>\n\t\t\t\t<\/div>\n\t\t\t\t<div class=\"elementor-element elementor-element-dbf7968 hostinger-ai-image hostinger-index-13 elementor-widget elementor-widget-image\" data-id=\"dbf7968\" data-element_type=\"widget\" data-e-type=\"widget\" data-widget_type=\"image.default\">\n\t\t\t\t<div class=\"elementor-widget-container\">\n\t\t\t\t\t\t\t\t\t\t\t\t\t\t\t<img loading=\"lazy\" decoding=\"async\" width=\"1080\" height=\"1350\" src=\"https:\/\/boatorna.com\/wp-content\/uploads\/2026\/03\/11.png\" class=\"attachment-full size-full wp-image-204\" alt=\"\" srcset=\"https:\/\/boatorna.com\/wp-content\/uploads\/2026\/03\/11.png 1080w, https:\/\/boatorna.com\/wp-content\/uploads\/2026\/03\/11-600x750.png 600w, https:\/\/boatorna.com\/wp-content\/uploads\/2026\/03\/11-240x300.png 240w, https:\/\/boatorna.com\/wp-content\/uploads\/2026\/03\/11-819x1024.png 819w, https:\/\/boatorna.com\/wp-content\/uploads\/2026\/03\/11-768x960.png 768w\" sizes=\"(max-width: 1080px) 100vw, 1080px\" \/>\t\t\t\t\t\t\t\t\t\t\t\t\t\t\t<\/div>\n\t\t\t\t<\/div>\n\t\t\t\t<div class=\"elementor-element elementor-element-8b5643e hostinger-ai-image hostinger-index-14 elementor-widget elementor-widget-image\" data-id=\"8b5643e\" data-element_type=\"widget\" data-e-type=\"widget\" data-widget_type=\"image.default\">\n\t\t\t\t<div class=\"elementor-widget-container\">\n\t\t\t\t\t\t\t\t\t\t\t\t\t\t\t<img loading=\"lazy\" decoding=\"async\" width=\"1080\" height=\"1350\" src=\"https:\/\/boatorna.com\/wp-content\/uploads\/2026\/03\/18.png\" class=\"attachment-full size-full wp-image-211\" alt=\"\" srcset=\"https:\/\/boatorna.com\/wp-content\/uploads\/2026\/03\/18.png 1080w, https:\/\/boatorna.com\/wp-content\/uploads\/2026\/03\/18-600x750.png 600w, https:\/\/boatorna.com\/wp-content\/uploads\/2026\/03\/18-240x300.png 240w, https:\/\/boatorna.com\/wp-content\/uploads\/2026\/03\/18-819x1024.png 819w, https:\/\/boatorna.com\/wp-content\/uploads\/2026\/03\/18-768x960.png 768w\" sizes=\"(max-width: 1080px) 100vw, 1080px\" \/>\t\t\t\t\t\t\t\t\t\t\t\t\t\t\t<\/div>\n\t\t\t\t<\/div>\n\t\t\t\t<div class=\"elementor-element elementor-element-ea2428c hostinger-ai-image hostinger-index-15 elementor-widget elementor-widget-image\" data-id=\"ea2428c\" data-element_type=\"widget\" data-e-type=\"widget\" data-widget_type=\"image.default\">\n\t\t\t\t<div class=\"elementor-widget-container\">\n\t\t\t\t\t\t\t\t\t\t\t\t\t\t\t<img loading=\"lazy\" decoding=\"async\" width=\"1080\" height=\"1350\" src=\"https:\/\/boatorna.com\/wp-content\/uploads\/2026\/03\/21.png\" class=\"attachment-full size-full wp-image-214\" alt=\"Pe\u00e7a de eleg\u00e2ncia da loja online BoaTorna\" srcset=\"https:\/\/boatorna.com\/wp-content\/uploads\/2026\/03\/21.png 1080w, https:\/\/boatorna.com\/wp-content\/uploads\/2026\/03\/21-600x750.png 600w, https:\/\/boatorna.com\/wp-content\/uploads\/2026\/03\/21-240x300.png 240w, https:\/\/boatorna.com\/wp-content\/uploads\/2026\/03\/21-819x1024.png 819w, https:\/\/boatorna.com\/wp-content\/uploads\/2026\/03\/21-768x960.png 768w\" sizes=\"(max-width: 1080px) 100vw, 1080px\" \/>\t\t\t\t\t\t\t\t\t\t\t\t\t\t\t<\/div>\n\t\t\t\t<\/div>\n\t\t\t\t<\/div>\n\t\t\t\t\t<\/div>\n\t\t\t\t<\/div>\n\t\t\t\t<\/div>","protected":false},"excerpt":{"rendered":"<p>Sobre n\u00f3s A BoaTorna nasce da terra, num territ\u00f3rio cuidadosamente cultivado, onde cada elemento cresce com inten\u00e7\u00e3o. N\u00e3o somos para todos; somos para quem entende que a excel\u00eancia exige tempo, dedica\u00e7\u00e3o e controlo. Design e qualidade n\u00e3o andam apenas lado a lado; s\u00e3o o ponto de partida de tudo. As colec\u00e7\u00f5es exclusivas, combinadas com a [&hellip;]<\/p>\n","protected":false},"author":1,"featured_media":1130,"parent":0,"menu_order":0,"comment_status":"closed","ping_status":"closed","template":"","meta":{"footnotes":""},"class_list":["post-141","page","type-page","status-publish","has-post-thumbnail","hentry"],"yoast_head":"<!-- This site is optimized with the Yoast SEO plugin v27.5 - https:\/\/yoast.com\/product\/yoast-seo-wordpress\/ -->\n<title>Sobre - BoaTorna<\/title>\n<meta name=\"description\" content=\"BoaTorna \u00e9 mais do que objetos bonitos, \u00e9 a certeza inquestion\u00e1vel de que a qualidade, conforto e harmonia est\u00e3o exatamente onde devem estar.\" \/>\n<meta name=\"robots\" content=\"index, follow, max-snippet:-1, max-image-preview:large, max-video-preview:-1\" \/>\n<link rel=\"canonical\" href=\"https:\/\/boatorna.com\/en\/sobre\/\" \/>\n<meta property=\"og:locale\" content=\"en_GB\" \/>\n<meta property=\"og:type\" content=\"article\" \/>\n<meta property=\"og:title\" content=\"Sobre - BoaTorna\" \/>\n<meta property=\"og:description\" content=\"BoaTorna \u00e9 mais do que objetos bonitos, \u00e9 a certeza inquestion\u00e1vel de que a qualidade, conforto e harmonia est\u00e3o exatamente onde devem estar.\" \/>\n<meta property=\"og:url\" content=\"https:\/\/boatorna.com\/en\/sobre\/\" \/>\n<meta property=\"og:site_name\" content=\"BoaTorna\" \/>\n<meta property=\"article:modified_time\" content=\"2026-04-06T18:51:06+00:00\" \/>\n<meta property=\"og:image\" content=\"https:\/\/boatorna.com\/wp-content\/uploads\/2026\/04\/Design-sem-nome-4.png\" \/>\n\t<meta property=\"og:image:width\" content=\"2048\" \/>\n\t<meta property=\"og:image:height\" content=\"2048\" \/>\n\t<meta property=\"og:image:type\" content=\"image\/png\" \/>\n<meta name=\"twitter:card\" content=\"summary_large_image\" \/>\n<meta name=\"twitter:label1\" content=\"Estimated reading time\" \/>\n\t<meta name=\"twitter:data1\" content=\"3 minutes\" \/>\n<script type=\"application\/ld+json\" class=\"yoast-schema-graph\">{\"@context\":\"https:\\\/\\\/schema.org\",\"@graph\":[{\"@type\":\"WebPage\",\"@id\":\"https:\\\/\\\/boatorna.com\\\/sobre\\\/\",\"url\":\"https:\\\/\\\/boatorna.com\\\/sobre\\\/\",\"name\":\"Sobre - BoaTorna\",\"isPartOf\":{\"@id\":\"https:\\\/\\\/boatorna.com\\\/#website\"},\"primaryImageOfPage\":{\"@id\":\"https:\\\/\\\/boatorna.com\\\/sobre\\\/#primaryimage\"},\"image\":{\"@id\":\"https:\\\/\\\/boatorna.com\\\/sobre\\\/#primaryimage\"},\"thumbnailUrl\":\"https:\\\/\\\/boatorna.com\\\/wp-content\\\/uploads\\\/2026\\\/04\\\/Design-sem-nome-4.png\",\"datePublished\":\"2026-03-20T15:45:25+00:00\",\"dateModified\":\"2026-04-06T18:51:06+00:00\",\"description\":\"BoaTorna \u00e9 mais do que objetos bonitos, \u00e9 a certeza inquestion\u00e1vel de que a qualidade, conforto e harmonia est\u00e3o exatamente onde devem estar.\",\"breadcrumb\":{\"@id\":\"https:\\\/\\\/boatorna.com\\\/sobre\\\/#breadcrumb\"},\"inLanguage\":\"en-GB\",\"potentialAction\":[{\"@type\":\"ReadAction\",\"target\":[\"https:\\\/\\\/boatorna.com\\\/sobre\\\/\"]}]},{\"@type\":\"ImageObject\",\"inLanguage\":\"en-GB\",\"@id\":\"https:\\\/\\\/boatorna.com\\\/sobre\\\/#primaryimage\",\"url\":\"https:\\\/\\\/boatorna.com\\\/wp-content\\\/uploads\\\/2026\\\/04\\\/Design-sem-nome-4.png\",\"contentUrl\":\"https:\\\/\\\/boatorna.com\\\/wp-content\\\/uploads\\\/2026\\\/04\\\/Design-sem-nome-4.png\",\"width\":2048,\"height\":2048,\"caption\":\"logo-BoaTorna-loja online de decora\u00e7\u00e3o-conta-carrinho-contacto-compra-servi\u00e7o-sobre-termos e condi\u00e7\u00f5es - loja\"},{\"@type\":\"BreadcrumbList\",\"@id\":\"https:\\\/\\\/boatorna.com\\\/sobre\\\/#breadcrumb\",\"itemListElement\":[{\"@type\":\"ListItem\",\"position\":1,\"name\":\"In\u00edcio\",\"item\":\"https:\\\/\\\/boatorna.com\\\/\"},{\"@type\":\"ListItem\",\"position\":2,\"name\":\"Sobre\"}]},{\"@type\":\"WebSite\",\"@id\":\"https:\\\/\\\/boatorna.com\\\/#website\",\"url\":\"https:\\\/\\\/boatorna.com\\\/\",\"name\":\"BoaTorna\",\"description\":\"Loja online de decora\u00e7\u00e3o, com pe\u00e7as \u00fanicas para quem valoriza estilo e eleg\u00e2ncia. Descubra a BoaTorna e transforme a sua casa com bom gosto.\",\"publisher\":{\"@id\":\"https:\\\/\\\/boatorna.com\\\/#organization\"},\"potentialAction\":[{\"@type\":\"SearchAction\",\"target\":{\"@type\":\"EntryPoint\",\"urlTemplate\":\"https:\\\/\\\/boatorna.com\\\/?s={search_term_string}\"},\"query-input\":{\"@type\":\"PropertyValueSpecification\",\"valueRequired\":true,\"valueName\":\"search_term_string\"}}],\"inLanguage\":\"en-GB\"},{\"@type\":\"Organization\",\"@id\":\"https:\\\/\\\/boatorna.com\\\/#organization\",\"name\":\"BoaTorna\",\"url\":\"https:\\\/\\\/boatorna.com\\\/\",\"logo\":{\"@type\":\"ImageObject\",\"inLanguage\":\"en-GB\",\"@id\":\"https:\\\/\\\/boatorna.com\\\/#\\\/schema\\\/logo\\\/image\\\/\",\"url\":\"https:\\\/\\\/boatorna.com\\\/wp-content\\\/uploads\\\/2026\\\/04\\\/Design-sem-nome-3.png\",\"contentUrl\":\"https:\\\/\\\/boatorna.com\\\/wp-content\\\/uploads\\\/2026\\\/04\\\/Design-sem-nome-3.png\",\"width\":2048,\"height\":2048,\"caption\":\"BoaTorna\"},\"image\":{\"@id\":\"https:\\\/\\\/boatorna.com\\\/#\\\/schema\\\/logo\\\/image\\\/\"},\"sameAs\":[\"https:\\\/\\\/www.instagram.com\\\/boatorna.pt?igsh=MWo0aXRmMmF4cjV2aw&utm_source=qr\"]}]}<\/script>\n<!-- \/ Yoast SEO plugin. -->","yoast_head_json":{"title":"Sobre - BoaTorna","description":"BoaTorna \u00e9 mais do que objetos bonitos, \u00e9 a certeza inquestion\u00e1vel de que a qualidade, conforto e harmonia est\u00e3o exatamente onde devem estar.","robots":{"index":"index","follow":"follow","max-snippet":"max-snippet:-1","max-image-preview":"max-image-preview:large","max-video-preview":"max-video-preview:-1"},"canonical":"https:\/\/boatorna.com\/en\/sobre\/","og_locale":"en_GB","og_type":"article","og_title":"Sobre - BoaTorna","og_description":"BoaTorna \u00e9 mais do que objetos bonitos, \u00e9 a certeza inquestion\u00e1vel de que a qualidade, conforto e harmonia est\u00e3o exatamente onde devem estar.","og_url":"https:\/\/boatorna.com\/en\/sobre\/","og_site_name":"BoaTorna","article_modified_time":"2026-04-06T18:51:06+00:00","og_image":[{"width":2048,"height":2048,"url":"https:\/\/boatorna.com\/wp-content\/uploads\/2026\/04\/Design-sem-nome-4.png","type":"image\/png"}],"twitter_card":"summary_large_image","twitter_misc":{"Estimated reading time":"3 minutes"},"schema":{"@context":"https:\/\/schema.org","@graph":[{"@type":"WebPage","@id":"https:\/\/boatorna.com\/sobre\/","url":"https:\/\/boatorna.com\/sobre\/","name":"Sobre - BoaTorna","isPartOf":{"@id":"https:\/\/boatorna.com\/#website"},"primaryImageOfPage":{"@id":"https:\/\/boatorna.com\/sobre\/#primaryimage"},"image":{"@id":"https:\/\/boatorna.com\/sobre\/#primaryimage"},"thumbnailUrl":"https:\/\/boatorna.com\/wp-content\/uploads\/2026\/04\/Design-sem-nome-4.png","datePublished":"2026-03-20T15:45:25+00:00","dateModified":"2026-04-06T18:51:06+00:00","description":"BoaTorna \u00e9 mais do que objetos bonitos, \u00e9 a certeza inquestion\u00e1vel de que a qualidade, conforto e harmonia est\u00e3o exatamente onde devem estar.","breadcrumb":{"@id":"https:\/\/boatorna.com\/sobre\/#breadcrumb"},"inLanguage":"en-GB","potentialAction":[{"@type":"ReadAction","target":["https:\/\/boatorna.com\/sobre\/"]}]},{"@type":"ImageObject","inLanguage":"en-GB","@id":"https:\/\/boatorna.com\/sobre\/#primaryimage","url":"https:\/\/boatorna.com\/wp-content\/uploads\/2026\/04\/Design-sem-nome-4.png","contentUrl":"https:\/\/boatorna.com\/wp-content\/uploads\/2026\/04\/Design-sem-nome-4.png","width":2048,"height":2048,"caption":"logo-BoaTorna-loja online de decora\u00e7\u00e3o-conta-carrinho-contacto-compra-servi\u00e7o-sobre-termos e condi\u00e7\u00f5es - loja"},{"@type":"BreadcrumbList","@id":"https:\/\/boatorna.com\/sobre\/#breadcrumb","itemListElement":[{"@type":"ListItem","position":1,"name":"In\u00edcio","item":"https:\/\/boatorna.com\/"},{"@type":"ListItem","position":2,"name":"Sobre"}]},{"@type":"WebSite","@id":"https:\/\/boatorna.com\/#website","url":"https:\/\/boatorna.com\/","name":"BoaTorna","description":"Loja online de decora\u00e7\u00e3o, com pe\u00e7as \u00fanicas para quem valoriza estilo e eleg\u00e2ncia. Descubra a BoaTorna e transforme a sua casa com bom gosto.","publisher":{"@id":"https:\/\/boatorna.com\/#organization"},"potentialAction":[{"@type":"SearchAction","target":{"@type":"EntryPoint","urlTemplate":"https:\/\/boatorna.com\/?s={search_term_string}"},"query-input":{"@type":"PropertyValueSpecification","valueRequired":true,"valueName":"search_term_string"}}],"inLanguage":"en-GB"},{"@type":"Organization","@id":"https:\/\/boatorna.com\/#organization","name":"BoaTorna","url":"https:\/\/boatorna.com\/","logo":{"@type":"ImageObject","inLanguage":"en-GB","@id":"https:\/\/boatorna.com\/#\/schema\/logo\/image\/","url":"https:\/\/boatorna.com\/wp-content\/uploads\/2026\/04\/Design-sem-nome-3.png","contentUrl":"https:\/\/boatorna.com\/wp-content\/uploads\/2026\/04\/Design-sem-nome-3.png","width":2048,"height":2048,"caption":"BoaTorna"},"image":{"@id":"https:\/\/boatorna.com\/#\/schema\/logo\/image\/"},"sameAs":["https:\/\/www.instagram.com\/boatorna.pt?igsh=MWo0aXRmMmF4cjV2aw&utm_source=qr"]}]}},"_hostinger_reach_plugin_has_subscription_block":false,"_hostinger_reach_plugin_is_elementor":false,"_links":{"self":[{"href":"https:\/\/boatorna.com\/en\/wp-json\/wp\/v2\/pages\/141","targetHints":{"allow":["GET"]}}],"collection":[{"href":"https:\/\/boatorna.com\/en\/wp-json\/wp\/v2\/pages"}],"about":[{"href":"https:\/\/boatorna.com\/en\/wp-json\/wp\/v2\/types\/page"}],"author":[{"embeddable":true,"href":"https:\/\/boatorna.com\/en\/wp-json\/wp\/v2\/users\/1"}],"replies":[{"embeddable":true,"href":"https:\/\/boatorna.com\/en\/wp-json\/wp\/v2\/comments?post=141"}],"version-history":[{"count":64,"href":"https:\/\/boatorna.com\/en\/wp-json\/wp\/v2\/pages\/141\/revisions"}],"predecessor-version":[{"id":1328,"href":"https:\/\/boatorna.com\/en\/wp-json\/wp\/v2\/pages\/141\/revisions\/1328"}],"wp:featuredmedia":[{"embeddable":true,"href":"https:\/\/boatorna.com\/en\/wp-json\/wp\/v2\/media\/1130"}],"wp:attachment":[{"href":"https:\/\/boatorna.com\/en\/wp-json\/wp\/v2\/media?parent=141"}],"curies":[{"name":"wp","href":"https:\/\/api.w.org\/{rel}","templated":true}]}}