{"id":142,"date":"2026-03-20T15:45:38","date_gmt":"2026-03-20T15:45:38","guid":{"rendered":"https:\/\/violet-lapwing-232108.hostingersite.com\/servicos\/"},"modified":"2026-04-08T13:42:51","modified_gmt":"2026-04-08T13:42:51","slug":"servicos","status":"publish","type":"page","link":"https:\/\/boatorna.com\/en\/servicos\/","title":{"rendered":"Services"},"content":{"rendered":"<div data-elementor-type=\"wp-page\" data-elementor-id=\"142\" class=\"elementor elementor-142\">\n\t\t\t\t<div data-aos=\"fade-up\" class=\"hostinger-elementor-aos elementor-element elementor-element-e6ee4e9 elementor-hidden-desktop elementor-hidden-tablet elementor-hidden-mobile e-flex e-con-boxed e-con e-parent\" data-id=\"e6ee4e9\" data-element_type=\"container\" data-e-type=\"container\">\n\t\t\t\t\t<div class=\"e-con-inner\">\n\t\t<div data-aos=\"fade-up\" class=\"hostinger-elementor-aos elementor-element elementor-element-5fdbd65 e-con-full e-flex e-con e-child\" data-id=\"5fdbd65\" data-element_type=\"container\" data-e-type=\"container\">\n\t\t\t\t<div class=\"elementor-element elementor-element-943c8ea elementor-widget elementor-widget-image\" data-id=\"943c8ea\" data-element_type=\"widget\" data-e-type=\"widget\" data-widget_type=\"image.default\">\n\t\t\t\t<div class=\"elementor-widget-container\">\n\t\t\t\t\t\t\t\t\t\t\t\t\t\t\t<img fetchpriority=\"high\" decoding=\"async\" width=\"819\" height=\"1024\" src=\"https:\/\/boatorna.com\/wp-content\/uploads\/2026\/03\/1-1-819x1024.png\" class=\"attachment-large size-large wp-image-622\" alt=\"\" srcset=\"https:\/\/boatorna.com\/wp-content\/uploads\/2026\/03\/1-1-819x1024.png 819w, https:\/\/boatorna.com\/wp-content\/uploads\/2026\/03\/1-1-600x750.png 600w, https:\/\/boatorna.com\/wp-content\/uploads\/2026\/03\/1-1-240x300.png 240w, https:\/\/boatorna.com\/wp-content\/uploads\/2026\/03\/1-1-768x960.png 768w, https:\/\/boatorna.com\/wp-content\/uploads\/2026\/03\/1-1.png 1080w\" sizes=\"(max-width: 819px) 100vw, 819px\" \/>\t\t\t\t\t\t\t\t\t\t\t\t\t\t\t<\/div>\n\t\t\t\t<\/div>\n\t\t\t\t<\/div>\n\t\t<div data-aos=\"fade-up\" class=\"hostinger-elementor-aos elementor-element elementor-element-2b60391 e-con-full e-flex e-con e-child\" data-id=\"2b60391\" data-element_type=\"container\" data-e-type=\"container\">\n\t\t\t\t<div class=\"elementor-element elementor-element-d6f7900 elementor-widget elementor-widget-heading\" data-id=\"d6f7900\" data-element_type=\"widget\" data-e-type=\"widget\" data-widget_type=\"heading.default\">\n\t\t\t\t<div class=\"elementor-widget-container\">\n\t\t\t\t\t<h2 class=\"elementor-heading-title elementor-size-default\">EXCLUSIVE DESIGN <\/h2>\t\t\t\t<\/div>\n\t\t\t\t<\/div>\n\t\t\t\t<div class=\"elementor-element elementor-element-30aea23 elementor-widget elementor-widget-text-editor\" data-id=\"30aea23\" data-element_type=\"widget\" data-e-type=\"widget\" data-widget_type=\"text-editor.default\">\n\t\t\t\t<div class=\"elementor-widget-container\">\n\t\t\t\t\t\t\t\t\t<p>BoaTorna offers a personalisation service, where you can find your own unique decorative item.<\/p><p><a style=\"display: inline-block; padding: 12px 30px; background-color: #4c5c4a; color: #fff; text-decoration: none; border-radius: 5px; font-weight: bold; margin-top: 15px;\" href=\"\/en\/contacto\/\">Request a quote<\/a><\/p>\t\t\t\t\t\t\t\t<\/div>\n\t\t\t\t<\/div>\n\t\t\t\t<\/div>\n\t\t\t\t\t<\/div>\n\t\t\t\t<\/div>\n\t\t<div data-aos=\"fade-up\" class=\"hostinger-elementor-aos elementor-element elementor-element-7b4da1d elementor-hidden-desktop elementor-hidden-tablet elementor-hidden-mobile e-flex e-con-boxed e-con e-parent\" data-id=\"7b4da1d\" data-element_type=\"container\" data-e-type=\"container\">\n\t\t\t\t\t<div class=\"e-con-inner\">\n\t\t<div data-aos=\"fade-up\" class=\"hostinger-elementor-aos elementor-element elementor-element-564e480 e-con-full e-flex e-con e-child\" data-id=\"564e480\" data-element_type=\"container\" data-e-type=\"container\">\n\t\t\t\t<div class=\"elementor-element elementor-element-7b83534 elementor-widget elementor-widget-image\" data-id=\"7b83534\" data-element_type=\"widget\" data-e-type=\"widget\" data-widget_type=\"image.default\">\n\t\t\t\t<div class=\"elementor-widget-container\">\n\t\t\t\t\t\t\t\t\t\t\t\t\t\t\t<img decoding=\"async\" width=\"819\" height=\"1024\" src=\"https:\/\/boatorna.com\/wp-content\/uploads\/2026\/03\/DESIGN-EXCLUSIVO-1-819x1024.png\" class=\"attachment-large size-large wp-image-806\" alt=\"\" srcset=\"https:\/\/boatorna.com\/wp-content\/uploads\/2026\/03\/DESIGN-EXCLUSIVO-1-819x1024.png 819w, https:\/\/boatorna.com\/wp-content\/uploads\/2026\/03\/DESIGN-EXCLUSIVO-1-600x750.png 600w, https:\/\/boatorna.com\/wp-content\/uploads\/2026\/03\/DESIGN-EXCLUSIVO-1-240x300.png 240w, https:\/\/boatorna.com\/wp-content\/uploads\/2026\/03\/DESIGN-EXCLUSIVO-1-768x960.png 768w, https:\/\/boatorna.com\/wp-content\/uploads\/2026\/03\/DESIGN-EXCLUSIVO-1.png 1080w\" sizes=\"(max-width: 819px) 100vw, 819px\" \/>\t\t\t\t\t\t\t\t\t\t\t\t\t\t\t<\/div>\n\t\t\t\t<\/div>\n\t\t\t\t<\/div>\n\t\t<div data-aos=\"fade-up\" class=\"hostinger-elementor-aos elementor-element elementor-element-9d6f98f e-con-full e-flex e-con e-child\" data-id=\"9d6f98f\" data-element_type=\"container\" data-e-type=\"container\">\n\t\t\t\t<div class=\"elementor-element elementor-element-52c8cf6 elementor-widget elementor-widget-heading\" data-id=\"52c8cf6\" data-element_type=\"widget\" data-e-type=\"widget\" data-widget_type=\"heading.default\">\n\t\t\t\t<div class=\"elementor-widget-container\">\n\t\t\t\t\t<h2 class=\"elementor-heading-title elementor-size-default\">MOBILI\u00c1RIO PERSONALIZADO - MANUTA'S<\/h2>\t\t\t\t<\/div>\n\t\t\t\t<\/div>\n\t\t\t\t<div class=\"elementor-element elementor-element-16f81cb elementor-widget elementor-widget-text-editor\" data-id=\"16f81cb\" data-element_type=\"widget\" data-e-type=\"widget\" data-widget_type=\"text-editor.default\">\n\t\t\t\t<div class=\"elementor-widget-container\">\n\t\t\t\t\t\t\t\t\t<p>With Manuta\u2019s, your home becomes a cosier place. It is with Manuta\u2019s that you create a home with its own unique character.<br \/><a style=\"display: inline-block; padding: 12px 30px; background-color: #4c5c4a; color: #fff; text-decoration: none; border-radius: 5px; font-weight: bold; margin-top: 15px;\" href=\"\/en\/contacto\/\">Request a quote<\/a><\/p>\t\t\t\t\t\t\t\t<\/div>\n\t\t\t\t<\/div>\n\t\t\t\t<\/div>\n\t\t\t\t\t<\/div>\n\t\t\t\t<\/div>\n\t\t<div data-aos=\"fade-up\" class=\"hostinger-elementor-aos elementor-element elementor-element-8abc780 elementor-hidden-desktop elementor-hidden-tablet elementor-hidden-mobile e-flex e-con-boxed e-con e-parent\" data-id=\"8abc780\" data-element_type=\"container\" data-e-type=\"container\">\n\t\t\t\t\t<div class=\"e-con-inner\">\n\t\t<div data-aos=\"fade-up\" class=\"hostinger-elementor-aos elementor-element elementor-element-2ecde1d e-con-full e-flex e-con e-child\" data-id=\"2ecde1d\" data-element_type=\"container\" data-e-type=\"container\">\n\t\t\t\t<div class=\"elementor-element elementor-element-612cff8 elementor-widget elementor-widget-image\" data-id=\"612cff8\" data-element_type=\"widget\" data-e-type=\"widget\" data-widget_type=\"image.default\">\n\t\t\t\t<div class=\"elementor-widget-container\">\n\t\t\t\t\t\t\t\t\t\t\t\t\t\t\t<img decoding=\"async\" width=\"819\" height=\"1024\" src=\"https:\/\/boatorna.com\/wp-content\/uploads\/2026\/03\/2-3-819x1024.png\" class=\"attachment-large size-large wp-image-623\" alt=\"\" srcset=\"https:\/\/boatorna.com\/wp-content\/uploads\/2026\/03\/2-3-819x1024.png 819w, https:\/\/boatorna.com\/wp-content\/uploads\/2026\/03\/2-3-600x750.png 600w, https:\/\/boatorna.com\/wp-content\/uploads\/2026\/03\/2-3-240x300.png 240w, https:\/\/boatorna.com\/wp-content\/uploads\/2026\/03\/2-3-768x960.png 768w, https:\/\/boatorna.com\/wp-content\/uploads\/2026\/03\/2-3.png 1080w\" sizes=\"(max-width: 819px) 100vw, 819px\" \/>\t\t\t\t\t\t\t\t\t\t\t\t\t\t\t<\/div>\n\t\t\t\t<\/div>\n\t\t\t\t<\/div>\n\t\t<div data-aos=\"fade-up\" class=\"hostinger-elementor-aos elementor-element elementor-element-be842b1 e-con-full e-flex e-con e-child\" data-id=\"be842b1\" data-element_type=\"container\" data-e-type=\"container\">\n\t\t\t\t<div class=\"elementor-element elementor-element-8873aea elementor-widget elementor-widget-heading\" data-id=\"8873aea\" data-element_type=\"widget\" data-e-type=\"widget\" data-widget_type=\"heading.default\">\n\t\t\t\t<div class=\"elementor-widget-container\">\n\t\t\t\t\t<h2 class=\"elementor-heading-title elementor-size-default\">CONSULTANCY<\/h2>\t\t\t\t<\/div>\n\t\t\t\t<\/div>\n\t\t\t\t<div class=\"elementor-element elementor-element-82da826 elementor-widget elementor-widget-text-editor\" data-id=\"82da826\" data-element_type=\"widget\" data-e-type=\"widget\" data-widget_type=\"text-editor.default\">\n\t\t\t\t<div class=\"elementor-widget-container\">\n\t\t\t\t\t\t\t\t\t<p>With BoaTorna, there\u2019s no more uncertainty or confusion about where to start. BoaTorna offers comprehensive support in every corner of the house.<br \/><a style=\"display: inline-block; padding: 12px 30px; background-color: #4c5c4a; color: #fff; text-decoration: none; border-radius: 5px; font-weight: bold; margin-top: 15px;\" href=\"\/en\/contacto\/\">Request a quote<\/a><\/p>\t\t\t\t\t\t\t\t<\/div>\n\t\t\t\t<\/div>\n\t\t\t\t<\/div>\n\t\t\t\t\t<\/div>\n\t\t\t\t<\/div>\n\t\t<div data-aos=\"fade-up\" class=\"hostinger-elementor-aos elementor-element elementor-element-8224a92 e-grid e-con-boxed e-con e-parent\" data-id=\"8224a92\" data-element_type=\"container\" data-e-type=\"container\">\n\t\t\t\t\t<div class=\"e-con-inner\">\n\t\t\t\t<div class=\"elementor-element elementor-element-9f8b770 elementor-widget elementor-widget-shortcode\" data-id=\"9f8b770\" data-element_type=\"widget\" data-e-type=\"widget\" data-widget_type=\"shortcode.default\">\n\t\t\t\t<div class=\"elementor-widget-container\">\n\t\t\t\t\t\t\t<div class=\"elementor-shortcode\"><style>\n\/* Grid de Servi\u00e7os Luxuosa *\/\n.luxury-services-grid {\n  display: grid;\n  grid-template-columns: repeat(auto-fit, minmax(300px, 1fr));\n  gap: 50px;\n  max-width: 1200px;\n  margin: 0 auto;\n  padding: 60px 20px;\n}\n\n\/* Card premium *\/\n.luxury-services-grid .service-card {\n  background: #fff;\n  border-radius: 24px;\n  overflow: hidden;\n  box-shadow: 0 12px 30px rgba(0,0,0,0.07);\n  transition: transform 0.5s ease, box-shadow 0.5s ease;\n  text-align: center;\n  padding: 40px 25px;\n  display: flex;\n  flex-direction: column;\n  justify-content: flex-start;\n}\n\n\/* Hover no card *\/\n.luxury-services-grid .service-card:hover {\n  transform: translateY(-12px);\n  box-shadow: 0 35px 60px rgba(0,0,0,0.12);\n}\n\n\/* T\u00edtulo do servi\u00e7o *\/\n.luxury-services-grid .service-card h3 {\n  font-family: 'Georgia', serif;\n  font-size: 1.7rem;\n  margin-bottom: 25px;\n  color: #111;\n  line-height: 1.3;\n}\n\n\/* Imagem do servi\u00e7o *\/\n.luxury-services-grid .service-card img {\n  width: 100%;\n  height: auto;\n  object-fit: contain;\n  border-radius: 16px;\n  margin-bottom: 25px;\n  transition: transform 0.5s ease;\n}\n\n\/* Efeito zoom na imagem ao hover do card *\/\n.luxury-services-grid .service-card:hover img {\n  transform: scale(1.03);\n}\n\n\/* Descri\u00e7\u00e3o do servi\u00e7o *\/\n.luxury-services-grid .service-card p {\n  font-family: 'Arial', sans-serif;\n  font-size: 1rem;\n  color: #555;\n  line-height: 1.8;\n  margin-bottom: 30px;\n}\n\n\/* Bot\u00e3o elegante premium *\/\n.luxury-services-grid .service-card a {\n  display: inline-block;\n  padding: 12px 28px;\n  color: #111;\n  border: 2px solid #111;\n  border-radius: 12px;\n  text-decoration: none;\n  font-weight: 600;\n  letter-spacing: 0.5px;\n  transition: all 0.3s ease;\n}\n\n\/* Hover do bot\u00e3o premium *\/\n.luxury-services-grid .service-card a:hover {\n  background: #111;\n  color: #fff;\n  transform: translateY(-2px);\n}\n\n\/* Responsividade para tablet *\/\n@media (max-width: 1024px) {\n  .luxury-services-grid {\n    gap: 40px;\n    padding: 50px 15px;\n    grid-template-columns: repeat(auto-fit, minmax(280px, 1fr));\n  }\n  .luxury-services-grid .service-card h3 {\n    font-size: 1.6rem;\n  }\n}\n\n\/* Responsividade para mobile *\/\n@media (max-width: 768px) {\n  .luxury-services-grid {\n    gap: 30px;\n    padding: 40px 10px;\n    grid-template-columns: 1fr;\n  }\n  .luxury-services-grid .service-card h3 {\n    font-size: 1.4rem;\n  }\n  .luxury-services-grid .service-card img {\n    height: auto;\n  }\n}\n<\/style>\n\n<div class=\"luxury-services-grid\">\n  \n  <div class=\"service-card\">\n    <h3>EXCLUSIVE DESIGN<\/h3>\n    <img decoding=\"async\" src=\"https:\/\/boatorna.com\/wp-content\/uploads\/2026\/04\/Mobiliario-Personalizado-1.png\" alt=\"Design Exclusivo\">\n    <p>At BoaTorna, you\u2019ll find unique decorative items.<\/p>\n    <a href=\"https:\/\/boatorna.com\/en\/contacto\/\" target=\"_blank\">Find out more<\/a>\n  <\/div>\n  \n  <div class=\"service-card\">\n    <h3>MOBILI\u00c1RIO PERSONALIZADO - MANUTA'S<\/h3>\n    <img decoding=\"async\" src=\"https:\/\/boatorna.com\/wp-content\/uploads\/2026\/04\/Mobiliario-Personalizado.png\" alt=\"Mobili\u00e1rio Personalizado\">\n    <p>BoaTorna works with the best to give your house a touch of style.<\/p>\n    <a href=\"https:\/\/boatorna.com\/en\/contacto\/\" target=\"_blank\">Find out more<\/a>\n  <\/div>\n  \n  <div class=\"service-card\">\n    <h3>CONSULTANCY<\/h3>\n    <img decoding=\"async\" src=\"https:\/\/boatorna.com\/wp-content\/uploads\/2026\/04\/Mobiliario-Personalizado-2.png\" alt=\"Consultoria\">\n    <p>With BoaTorna, there\u2019s no more uncertainty or confusion about where to start. BoaTorna offers comprehensive support in every corner of the house.<\/p>\n    <a href=\"https:\/\/boatorna.com\/en\/contacto\/\" target=\"_blank\">Find out more<\/a>\n  <\/div>\n  \n<\/div><\/div>\n\t\t\t\t\t\t<\/div>\n\t\t\t\t<\/div>\n\t\t\t\t\t<\/div>\n\t\t\t\t<\/div>\n\t\t\t\t<\/div>","protected":false},"excerpt":{"rendered":"<p>DESIGN EXCLUSIVO A BoaTorna oferece o servi\u00e7o de personaliza\u00e7\u00e3o, onde encontras o teu objeto de decora\u00e7\u00e3o \u00fanico. Solicitar Or\u00e7amento MOBILI\u00c1RIO PERSONALIZADO &#8211; MANUTA&#8217;S Com a Manuta&#8217;s, o seu lar torna-se mais acolhedor. \u00c9 com a Manuta&#8217;s que constr\u00f3i um lar com identidade.Solicitar Or\u00e7amento CONSULTORIA Com a BoaTorna, deixa de haver d\u00favidas ou confus\u00f5es sobre por [&hellip;]<\/p>\n","protected":false},"author":1,"featured_media":1130,"parent":0,"menu_order":0,"comment_status":"closed","ping_status":"closed","template":"","meta":{"footnotes":""},"class_list":["post-142","page","type-page","status-publish","has-post-thumbnail","hentry"],"yoast_head":"<!-- This site is optimized with the Yoast SEO plugin v27.5 - https:\/\/yoast.com\/product\/yoast-seo-wordpress\/ -->\n<title>Servi\u00e7os - BoaTorna<\/title>\n<meta name=\"description\" content=\"Conhe\u00e7a os servi\u00e7os BoaTorna e transforme a sua casa com eleg\u00e2ncia. Consultoria, pe\u00e7as de decora\u00e7\u00e3o \u00fanicas e mobili\u00e1rio personalizado.\" \/>\n<meta name=\"robots\" content=\"index, follow, max-snippet:-1, max-image-preview:large, max-video-preview:-1\" \/>\n<link rel=\"canonical\" href=\"https:\/\/boatorna.com\/en\/servicos\/\" \/>\n<meta property=\"og:locale\" content=\"en_GB\" \/>\n<meta property=\"og:type\" content=\"article\" \/>\n<meta property=\"og:title\" content=\"Servi\u00e7os - BoaTorna\" \/>\n<meta property=\"og:description\" content=\"Conhe\u00e7a os servi\u00e7os BoaTorna e transforme a sua casa com eleg\u00e2ncia. Consultoria, pe\u00e7as de decora\u00e7\u00e3o \u00fanicas e mobili\u00e1rio personalizado.\" \/>\n<meta property=\"og:url\" content=\"https:\/\/boatorna.com\/en\/servicos\/\" \/>\n<meta property=\"og:site_name\" content=\"BoaTorna\" \/>\n<meta property=\"article:modified_time\" content=\"2026-04-08T13:42:51+00:00\" \/>\n<meta property=\"og:image\" content=\"https:\/\/boatorna.com\/wp-content\/uploads\/2026\/04\/Design-sem-nome-4.png\" \/>\n\t<meta property=\"og:image:width\" content=\"2048\" \/>\n\t<meta property=\"og:image:height\" content=\"2048\" \/>\n\t<meta property=\"og:image:type\" content=\"image\/png\" \/>\n<meta name=\"twitter:card\" content=\"summary_large_image\" \/>\n<meta name=\"twitter:label1\" content=\"Estimated reading time\" \/>\n\t<meta name=\"twitter:data1\" content=\"1 minute\" \/>\n<script type=\"application\/ld+json\" class=\"yoast-schema-graph\">{\"@context\":\"https:\\\/\\\/schema.org\",\"@graph\":[{\"@type\":\"WebPage\",\"@id\":\"https:\\\/\\\/boatorna.com\\\/servicos\\\/\",\"url\":\"https:\\\/\\\/boatorna.com\\\/servicos\\\/\",\"name\":\"Servi\u00e7os - BoaTorna\",\"isPartOf\":{\"@id\":\"https:\\\/\\\/boatorna.com\\\/#website\"},\"primaryImageOfPage\":{\"@id\":\"https:\\\/\\\/boatorna.com\\\/servicos\\\/#primaryimage\"},\"image\":{\"@id\":\"https:\\\/\\\/boatorna.com\\\/servicos\\\/#primaryimage\"},\"thumbnailUrl\":\"https:\\\/\\\/boatorna.com\\\/wp-content\\\/uploads\\\/2026\\\/04\\\/Design-sem-nome-4.png\",\"datePublished\":\"2026-03-20T15:45:38+00:00\",\"dateModified\":\"2026-04-08T13:42:51+00:00\",\"description\":\"Conhe\u00e7a os servi\u00e7os BoaTorna e transforme a sua casa com eleg\u00e2ncia. Consultoria, pe\u00e7as de decora\u00e7\u00e3o \u00fanicas e mobili\u00e1rio personalizado.\",\"breadcrumb\":{\"@id\":\"https:\\\/\\\/boatorna.com\\\/servicos\\\/#breadcrumb\"},\"inLanguage\":\"en-GB\",\"potentialAction\":[{\"@type\":\"ReadAction\",\"target\":[\"https:\\\/\\\/boatorna.com\\\/servicos\\\/\"]}]},{\"@type\":\"ImageObject\",\"inLanguage\":\"en-GB\",\"@id\":\"https:\\\/\\\/boatorna.com\\\/servicos\\\/#primaryimage\",\"url\":\"https:\\\/\\\/boatorna.com\\\/wp-content\\\/uploads\\\/2026\\\/04\\\/Design-sem-nome-4.png\",\"contentUrl\":\"https:\\\/\\\/boatorna.com\\\/wp-content\\\/uploads\\\/2026\\\/04\\\/Design-sem-nome-4.png\",\"width\":2048,\"height\":2048,\"caption\":\"logo-BoaTorna-loja online de decora\u00e7\u00e3o-conta-carrinho-contacto-compra-servi\u00e7o-sobre-termos e condi\u00e7\u00f5es - loja\"},{\"@type\":\"BreadcrumbList\",\"@id\":\"https:\\\/\\\/boatorna.com\\\/servicos\\\/#breadcrumb\",\"itemListElement\":[{\"@type\":\"ListItem\",\"position\":1,\"name\":\"In\u00edcio\",\"item\":\"https:\\\/\\\/boatorna.com\\\/\"},{\"@type\":\"ListItem\",\"position\":2,\"name\":\"Servi\u00e7os\"}]},{\"@type\":\"WebSite\",\"@id\":\"https:\\\/\\\/boatorna.com\\\/#website\",\"url\":\"https:\\\/\\\/boatorna.com\\\/\",\"name\":\"BoaTorna\",\"description\":\"Loja online de decora\u00e7\u00e3o, com pe\u00e7as \u00fanicas para quem valoriza estilo e eleg\u00e2ncia. Descubra a BoaTorna e transforme a sua casa com bom gosto.\",\"publisher\":{\"@id\":\"https:\\\/\\\/boatorna.com\\\/#organization\"},\"potentialAction\":[{\"@type\":\"SearchAction\",\"target\":{\"@type\":\"EntryPoint\",\"urlTemplate\":\"https:\\\/\\\/boatorna.com\\\/?s={search_term_string}\"},\"query-input\":{\"@type\":\"PropertyValueSpecification\",\"valueRequired\":true,\"valueName\":\"search_term_string\"}}],\"inLanguage\":\"en-GB\"},{\"@type\":\"Organization\",\"@id\":\"https:\\\/\\\/boatorna.com\\\/#organization\",\"name\":\"BoaTorna\",\"url\":\"https:\\\/\\\/boatorna.com\\\/\",\"logo\":{\"@type\":\"ImageObject\",\"inLanguage\":\"en-GB\",\"@id\":\"https:\\\/\\\/boatorna.com\\\/#\\\/schema\\\/logo\\\/image\\\/\",\"url\":\"https:\\\/\\\/boatorna.com\\\/wp-content\\\/uploads\\\/2026\\\/04\\\/Design-sem-nome-3.png\",\"contentUrl\":\"https:\\\/\\\/boatorna.com\\\/wp-content\\\/uploads\\\/2026\\\/04\\\/Design-sem-nome-3.png\",\"width\":2048,\"height\":2048,\"caption\":\"BoaTorna\"},\"image\":{\"@id\":\"https:\\\/\\\/boatorna.com\\\/#\\\/schema\\\/logo\\\/image\\\/\"},\"sameAs\":[\"https:\\\/\\\/www.instagram.com\\\/boatorna.pt?igsh=MWo0aXRmMmF4cjV2aw&utm_source=qr\"]}]}<\/script>\n<!-- \/ Yoast SEO plugin. -->","yoast_head_json":{"title":"Servi\u00e7os - BoaTorna","description":"Conhe\u00e7a os servi\u00e7os BoaTorna e transforme a sua casa com eleg\u00e2ncia. Consultoria, pe\u00e7as de decora\u00e7\u00e3o \u00fanicas e mobili\u00e1rio personalizado.","robots":{"index":"index","follow":"follow","max-snippet":"max-snippet:-1","max-image-preview":"max-image-preview:large","max-video-preview":"max-video-preview:-1"},"canonical":"https:\/\/boatorna.com\/en\/servicos\/","og_locale":"en_GB","og_type":"article","og_title":"Servi\u00e7os - BoaTorna","og_description":"Conhe\u00e7a os servi\u00e7os BoaTorna e transforme a sua casa com eleg\u00e2ncia. Consultoria, pe\u00e7as de decora\u00e7\u00e3o \u00fanicas e mobili\u00e1rio personalizado.","og_url":"https:\/\/boatorna.com\/en\/servicos\/","og_site_name":"BoaTorna","article_modified_time":"2026-04-08T13:42:51+00:00","og_image":[{"width":2048,"height":2048,"url":"https:\/\/boatorna.com\/wp-content\/uploads\/2026\/04\/Design-sem-nome-4.png","type":"image\/png"}],"twitter_card":"summary_large_image","twitter_misc":{"Estimated reading time":"1 minute"},"schema":{"@context":"https:\/\/schema.org","@graph":[{"@type":"WebPage","@id":"https:\/\/boatorna.com\/servicos\/","url":"https:\/\/boatorna.com\/servicos\/","name":"Servi\u00e7os - BoaTorna","isPartOf":{"@id":"https:\/\/boatorna.com\/#website"},"primaryImageOfPage":{"@id":"https:\/\/boatorna.com\/servicos\/#primaryimage"},"image":{"@id":"https:\/\/boatorna.com\/servicos\/#primaryimage"},"thumbnailUrl":"https:\/\/boatorna.com\/wp-content\/uploads\/2026\/04\/Design-sem-nome-4.png","datePublished":"2026-03-20T15:45:38+00:00","dateModified":"2026-04-08T13:42:51+00:00","description":"Conhe\u00e7a os servi\u00e7os BoaTorna e transforme a sua casa com eleg\u00e2ncia. Consultoria, pe\u00e7as de decora\u00e7\u00e3o \u00fanicas e mobili\u00e1rio personalizado.","breadcrumb":{"@id":"https:\/\/boatorna.com\/servicos\/#breadcrumb"},"inLanguage":"en-GB","potentialAction":[{"@type":"ReadAction","target":["https:\/\/boatorna.com\/servicos\/"]}]},{"@type":"ImageObject","inLanguage":"en-GB","@id":"https:\/\/boatorna.com\/servicos\/#primaryimage","url":"https:\/\/boatorna.com\/wp-content\/uploads\/2026\/04\/Design-sem-nome-4.png","contentUrl":"https:\/\/boatorna.com\/wp-content\/uploads\/2026\/04\/Design-sem-nome-4.png","width":2048,"height":2048,"caption":"logo-BoaTorna-loja online de decora\u00e7\u00e3o-conta-carrinho-contacto-compra-servi\u00e7o-sobre-termos e condi\u00e7\u00f5es - loja"},{"@type":"BreadcrumbList","@id":"https:\/\/boatorna.com\/servicos\/#breadcrumb","itemListElement":[{"@type":"ListItem","position":1,"name":"In\u00edcio","item":"https:\/\/boatorna.com\/"},{"@type":"ListItem","position":2,"name":"Servi\u00e7os"}]},{"@type":"WebSite","@id":"https:\/\/boatorna.com\/#website","url":"https:\/\/boatorna.com\/","name":"BoaTorna","description":"Loja online de decora\u00e7\u00e3o, com pe\u00e7as \u00fanicas para quem valoriza estilo e eleg\u00e2ncia. Descubra a BoaTorna e transforme a sua casa com bom gosto.","publisher":{"@id":"https:\/\/boatorna.com\/#organization"},"potentialAction":[{"@type":"SearchAction","target":{"@type":"EntryPoint","urlTemplate":"https:\/\/boatorna.com\/?s={search_term_string}"},"query-input":{"@type":"PropertyValueSpecification","valueRequired":true,"valueName":"search_term_string"}}],"inLanguage":"en-GB"},{"@type":"Organization","@id":"https:\/\/boatorna.com\/#organization","name":"BoaTorna","url":"https:\/\/boatorna.com\/","logo":{"@type":"ImageObject","inLanguage":"en-GB","@id":"https:\/\/boatorna.com\/#\/schema\/logo\/image\/","url":"https:\/\/boatorna.com\/wp-content\/uploads\/2026\/04\/Design-sem-nome-3.png","contentUrl":"https:\/\/boatorna.com\/wp-content\/uploads\/2026\/04\/Design-sem-nome-3.png","width":2048,"height":2048,"caption":"BoaTorna"},"image":{"@id":"https:\/\/boatorna.com\/#\/schema\/logo\/image\/"},"sameAs":["https:\/\/www.instagram.com\/boatorna.pt?igsh=MWo0aXRmMmF4cjV2aw&utm_source=qr"]}]}},"_hostinger_reach_plugin_has_subscription_block":false,"_hostinger_reach_plugin_is_elementor":false,"_links":{"self":[{"href":"https:\/\/boatorna.com\/en\/wp-json\/wp\/v2\/pages\/142","targetHints":{"allow":["GET"]}}],"collection":[{"href":"https:\/\/boatorna.com\/en\/wp-json\/wp\/v2\/pages"}],"about":[{"href":"https:\/\/boatorna.com\/en\/wp-json\/wp\/v2\/types\/page"}],"author":[{"embeddable":true,"href":"https:\/\/boatorna.com\/en\/wp-json\/wp\/v2\/users\/1"}],"replies":[{"embeddable":true,"href":"https:\/\/boatorna.com\/en\/wp-json\/wp\/v2\/comments?post=142"}],"version-history":[{"count":156,"href":"https:\/\/boatorna.com\/en\/wp-json\/wp\/v2\/pages\/142\/revisions"}],"predecessor-version":[{"id":1399,"href":"https:\/\/boatorna.com\/en\/wp-json\/wp\/v2\/pages\/142\/revisions\/1399"}],"wp:featuredmedia":[{"embeddable":true,"href":"https:\/\/boatorna.com\/en\/wp-json\/wp\/v2\/media\/1130"}],"wp:attachment":[{"href":"https:\/\/boatorna.com\/en\/wp-json\/wp\/v2\/media?parent=142"}],"curies":[{"name":"wp","href":"https:\/\/api.w.org\/{rel}","templated":true}]}}