{"id":145,"date":"2026-03-20T15:45:50","date_gmt":"2026-03-20T15:45:50","guid":{"rendered":"https:\/\/violet-lapwing-232108.hostingersite.com\/carrinho\/"},"modified":"2026-05-04T15:31:32","modified_gmt":"2026-05-04T15:31:32","slug":"carrinho","status":"publish","type":"page","link":"https:\/\/boatorna.com\/en\/carrinho\/","title":{"rendered":"Checkout"},"content":{"rendered":"<div data-elementor-type=\"wp-page\" data-elementor-id=\"145\" class=\"elementor elementor-145\">\n\t\t\t\t<div data-aos=\"fade-up\" class=\"hostinger-elementor-aos elementor-element elementor-element-7867da8 e-grid e-con-full hostinger-product-list e-con e-parent\" data-id=\"7867da8\" data-element_type=\"container\" data-e-type=\"container\">\n\t\t<div data-aos=\"fade-up\" class=\"hostinger-elementor-aos elementor-element elementor-element-87f2589 e-flex e-con-boxed e-con e-child\" data-id=\"87f2589\" data-element_type=\"container\" data-e-type=\"container\">\n\t\t\t\t\t<div class=\"e-con-inner\">\n\t\t\t\t<div class=\"elementor-element elementor-element-ffc2b31 hostinger-ai-title elementor-widget elementor-widget-heading\" data-id=\"ffc2b31\" data-element_type=\"widget\" data-e-type=\"widget\" data-widget_type=\"heading.default\">\n\t\t\t\t<div class=\"elementor-widget-container\">\n\t\t\t\t\t<h2 class=\"elementor-heading-title elementor-size-default\">Please complete your selection before proceeding<\/h2>\t\t\t\t<\/div>\n\t\t\t\t<\/div>\n\t\t\t\t<div class=\"elementor-element elementor-element-9a280ab elementor-widget elementor-widget-shortcode\" data-id=\"9a280ab\" data-element_type=\"widget\" data-e-type=\"widget\" data-widget_type=\"shortcode.default\">\n\t\t\t\t<div class=\"elementor-widget-container\">\n\t\t\t\t\t\t\t<div class=\"elementor-shortcode\"><div class=\"woocommerce columns-4\"><ul class=\"products columns-4\">\n<li class=\"product type-product post-2522 status-publish first instock product_cat-mesa-exterior has-post-thumbnail taxable shipping-taxable purchasable product-type-variable\">\n\t<a href=\"https:\/\/boatorna.com\/en\/product\/mellow-coffee-table\/\" class=\"woocommerce-LoopProduct-link woocommerce-loop-product__link\"><img fetchpriority=\"high\" decoding=\"async\" width=\"300\" height=\"300\" src=\"https:\/\/boatorna.com\/wp-content\/uploads\/2026\/05\/Mellow-coffee-table-teak-300x300.webp\" class=\"attachment-woocommerce_thumbnail size-woocommerce_thumbnail\" alt=\"Mellow coffee table, square - large\" srcset=\"https:\/\/boatorna.com\/wp-content\/uploads\/2026\/05\/Mellow-coffee-table-teak-300x300.webp 300w, https:\/\/boatorna.com\/wp-content\/uploads\/2026\/05\/Mellow-coffee-table-teak-150x150.webp 150w, https:\/\/boatorna.com\/wp-content\/uploads\/2026\/05\/Mellow-coffee-table-teak-24x24.webp 24w, https:\/\/boatorna.com\/wp-content\/uploads\/2026\/05\/Mellow-coffee-table-teak-96x96.webp 96w, https:\/\/boatorna.com\/wp-content\/uploads\/2026\/05\/Mellow-coffee-table-teak-100x100.webp 100w\" sizes=\"(max-width: 300px) 100vw, 300px\" \/><h2 class=\"woocommerce-loop-product__title\">Mellow coffee table, square &#8211; large<\/h2>\n\t<span class=\"price\"><span class=\"woocommerce-Price-amount amount\" aria-hidden=\"true\"><bdi>4 515,00&nbsp;<span class=\"woocommerce-Price-currencySymbol\">&euro;<\/span><\/bdi><\/span> <span aria-hidden=\"true\">&ndash;<\/span> <span class=\"woocommerce-Price-amount amount\" aria-hidden=\"true\"><bdi>5 325,00&nbsp;<span class=\"woocommerce-Price-currencySymbol\">&euro;<\/span><\/bdi><\/span><span class=\"screen-reader-text\" data-no-translation=\"\" data-trp-gettext=\"\">Price range: 4 515,00&nbsp;&euro; through 5 325,00&nbsp;&euro;<\/span> <small class=\"woocommerce-price-suffix\">incl. VAT<\/small><\/span>\n<\/a><a href=\"https:\/\/boatorna.com\/en\/product\/mellow-coffee-table\/\" aria-describedby=\"woocommerce_loop_add_to_cart_link_describedby_2522\" data-quantity=\"1\" class=\"button wp-element-button product_type_variable add_to_cart_button\" data-product_id=\"2522\" data-product_sku=\"\" aria-label=\"Select options for \u201cMellow coffee table, square - large\u201d\" rel=\"nofollow\" data-no-translation=\"\" data-trp-gettext=\"\" data-no-translation-aria-label=\"\">Select options<\/a>\t<span id=\"woocommerce_loop_add_to_cart_link_describedby_2522\" class=\"screen-reader-text\">\n\t\tThis product has multiple variants. The options may be chosen on the product page\t<\/span>\n<\/li>\n<li class=\"product type-product post-2516 status-publish instock product_cat-sofa-exterior has-post-thumbnail taxable shipping-taxable purchasable product-type-variable\">\n\t<a href=\"https:\/\/boatorna.com\/en\/product\/mellow-4-seater-sofa\/\" class=\"woocommerce-LoopProduct-link woocommerce-loop-product__link\"><img decoding=\"async\" width=\"300\" height=\"300\" src=\"https:\/\/boatorna.com\/wp-content\/uploads\/2026\/05\/mellow-4-s-300x300.webp\" class=\"attachment-woocommerce_thumbnail size-woocommerce_thumbnail\" alt=\"Mellow 4-seater sofa\" srcset=\"https:\/\/boatorna.com\/wp-content\/uploads\/2026\/05\/mellow-4-s-300x300.webp 300w, https:\/\/boatorna.com\/wp-content\/uploads\/2026\/05\/mellow-4-s-150x150.webp 150w, https:\/\/boatorna.com\/wp-content\/uploads\/2026\/05\/mellow-4-s-24x24.webp 24w, https:\/\/boatorna.com\/wp-content\/uploads\/2026\/05\/mellow-4-s-96x96.webp 96w, https:\/\/boatorna.com\/wp-content\/uploads\/2026\/05\/mellow-4-s-100x100.webp 100w\" sizes=\"(max-width: 300px) 100vw, 300px\" \/><h2 class=\"woocommerce-loop-product__title\">Mellow 4-seater sofa<\/h2>\n\t<span class=\"price\"><span class=\"woocommerce-Price-amount amount\"><bdi>7 765,00&nbsp;<span class=\"woocommerce-Price-currencySymbol\">&euro;<\/span><\/bdi><\/span> <small class=\"woocommerce-price-suffix\">incl. VAT<\/small><\/span>\n<\/a><a href=\"https:\/\/boatorna.com\/en\/product\/mellow-4-seater-sofa\/\" aria-describedby=\"woocommerce_loop_add_to_cart_link_describedby_2516\" data-quantity=\"1\" class=\"button wp-element-button product_type_variable add_to_cart_button\" data-product_id=\"2516\" data-product_sku=\"\" aria-label=\"Select options for \u201cMellow 4-seater sofa\u201d\" rel=\"nofollow\" data-no-translation=\"\" data-trp-gettext=\"\" data-no-translation-aria-label=\"\">Select options<\/a>\t<span id=\"woocommerce_loop_add_to_cart_link_describedby_2516\" class=\"screen-reader-text\">\n\t\tThis product has multiple variants. The options may be chosen on the product page\t<\/span>\n<\/li>\n<li class=\"product type-product post-2509 status-publish instock product_cat-cadeira-exterior has-post-thumbnail taxable shipping-taxable purchasable product-type-simple\">\n\t<a href=\"https:\/\/boatorna.com\/en\/product\/hive-chair\/\" class=\"woocommerce-LoopProduct-link woocommerce-loop-product__link\"><img decoding=\"async\" width=\"300\" height=\"300\" src=\"https:\/\/boatorna.com\/wp-content\/uploads\/2026\/05\/Hive-chair-300x300.webp\" class=\"attachment-woocommerce_thumbnail size-woocommerce_thumbnail\" alt=\"Hive chair\" srcset=\"https:\/\/boatorna.com\/wp-content\/uploads\/2026\/05\/Hive-chair-300x300.webp 300w, https:\/\/boatorna.com\/wp-content\/uploads\/2026\/05\/Hive-chair-150x150.webp 150w, https:\/\/boatorna.com\/wp-content\/uploads\/2026\/05\/Hive-chair-24x24.webp 24w, https:\/\/boatorna.com\/wp-content\/uploads\/2026\/05\/Hive-chair-96x96.webp 96w, https:\/\/boatorna.com\/wp-content\/uploads\/2026\/05\/Hive-chair-100x100.webp 100w\" sizes=\"(max-width: 300px) 100vw, 300px\" \/><h2 class=\"woocommerce-loop-product__title\">Hive chair<\/h2>\n\t<span class=\"price\"><span class=\"woocommerce-Price-amount amount\"><bdi>2 685,00&nbsp;<span class=\"woocommerce-Price-currencySymbol\">&euro;<\/span><\/bdi><\/span> <small class=\"woocommerce-price-suffix\">incl. VAT<\/small><\/span>\n<\/a><a href=\"\/en\/wp-json\/wp\/v2\/pages\/145?add-to-cart=2509\" aria-describedby=\"woocommerce_loop_add_to_cart_link_describedby_2509\" data-quantity=\"1\" class=\"button wp-element-button product_type_simple add_to_cart_button ajax_add_to_cart\" data-product_id=\"2509\" data-product_sku=\"\" aria-label=\"Add to basket: \u201cHive chair\u201d\" rel=\"nofollow\" data-success_message=\"\u201cHive chair\u201d has been added to your basket\" role=\"button\" data-no-translation=\"\" data-trp-gettext=\"\" data-no-translation-aria-label=\"\" data-no-translation-data-success_message=\"\">Add to basket<\/a>\t<span id=\"woocommerce_loop_add_to_cart_link_describedby_2509\" class=\"screen-reader-text\">\n\t\t\t<\/span>\n<\/li>\n<li class=\"product type-product post-2422 status-publish last outofstock product_cat-mesa-exterior has-post-thumbnail taxable shipping-taxable purchasable product-type-variable\">\n\t<a href=\"https:\/\/boatorna.com\/en\/product\/basket\/\" class=\"woocommerce-LoopProduct-link woocommerce-loop-product__link\"><img loading=\"lazy\" decoding=\"async\" width=\"300\" height=\"300\" src=\"https:\/\/boatorna.com\/wp-content\/uploads\/2026\/05\/mesa-marmore-300x300.webp\" class=\"attachment-woocommerce_thumbnail size-woocommerce_thumbnail\" alt=\"Basket\" srcset=\"https:\/\/boatorna.com\/wp-content\/uploads\/2026\/05\/mesa-marmore-300x300.webp 300w, https:\/\/boatorna.com\/wp-content\/uploads\/2026\/05\/mesa-marmore-150x150.webp 150w, https:\/\/boatorna.com\/wp-content\/uploads\/2026\/05\/mesa-marmore-100x100.webp 100w\" sizes=\"(max-width: 300px) 100vw, 300px\" \/><h2 class=\"woocommerce-loop-product__title\">Basket<\/h2>\n\t<span class=\"price\"><span class=\"woocommerce-Price-amount amount\" aria-hidden=\"true\"><bdi>1 460,00&nbsp;<span class=\"woocommerce-Price-currencySymbol\">&euro;<\/span><\/bdi><\/span> <span aria-hidden=\"true\">&ndash;<\/span> <span class=\"woocommerce-Price-amount amount\" aria-hidden=\"true\"><bdi>2 830,00&nbsp;<span class=\"woocommerce-Price-currencySymbol\">&euro;<\/span><\/bdi><\/span><span class=\"screen-reader-text\" data-no-translation=\"\" data-trp-gettext=\"\">Price range: 1 460,00&nbsp;&euro; through 2 830,00&nbsp;&euro;<\/span> <small class=\"woocommerce-price-suffix\">incl. VAT<\/small><\/span>\n<\/a><a href=\"https:\/\/boatorna.com\/en\/product\/basket\/\" aria-describedby=\"woocommerce_loop_add_to_cart_link_describedby_2422\" data-quantity=\"1\" class=\"button wp-element-button product_type_variable\" data-product_id=\"2422\" data-product_sku=\"\" aria-label=\"Select options for \u201cBasket\u201d\" rel=\"nofollow\" data-no-translation=\"\" data-trp-gettext=\"\" data-no-translation-aria-label=\"\">Select options<\/a>\t<span id=\"woocommerce_loop_add_to_cart_link_describedby_2422\" class=\"screen-reader-text\">\n\t\tThis product has multiple variants. The options may be chosen on the product page\t<\/span>\n<\/li>\n<\/ul>\n<\/div><\/div>\n\t\t\t\t\t\t<\/div>\n\t\t\t\t<\/div>\n\t\t\t\t<div class=\"elementor-element elementor-element-29944a2 hostinger-ai-cta-button elementor-widget elementor-widget-button\" data-id=\"29944a2\" data-element_type=\"widget\" data-e-type=\"widget\" data-widget_type=\"button.default\">\n\t\t\t\t<div class=\"elementor-widget-container\">\n\t\t\t\t\t\t\t\t\t<div class=\"elementor-button-wrapper\">\n\t\t\t\t\t<a class=\"elementor-button elementor-button-link elementor-size-sm\" href=\"https:\/\/boatorna.com\/en\/carrinho-2\/\" target=\"_blank\">\n\t\t\t\t\t\t<span class=\"elementor-button-content-wrapper\">\n\t\t\t\t\t\t\t\t\t<span class=\"elementor-button-text\">Complete Purchase <\/span>\n\t\t\t\t\t<\/span>\n\t\t\t\t\t<\/a>\n\t\t\t\t<\/div>\n\t\t\t\t\t\t\t\t<\/div>\n\t\t\t\t<\/div>\n\t\t\t\t\t<\/div>\n\t\t\t\t<\/div>\n\t\t\t\t<\/div>\n\t\t\t\t<\/div>","protected":false},"excerpt":{"rendered":"<p>Complete a sua sele\u00e7\u00e3o antes de finalizar\u200b Finalizar Compra<\/p>","protected":false},"author":1,"featured_media":1130,"parent":0,"menu_order":0,"comment_status":"closed","ping_status":"closed","template":"","meta":{"footnotes":""},"class_list":["post-145","page","type-page","status-publish","has-post-thumbnail","hentry"],"yoast_head":"<!-- This site is optimized with the Yoast SEO plugin v27.5 - https:\/\/yoast.com\/product\/yoast-seo-wordpress\/ -->\n<title>Carrinho - BoaTorna<\/title>\n<meta name=\"description\" content=\"Veja os produtos que adicionou ao carrinho na BoaTorna e finalize a sua compra de forma simples e segura na nossa loja online de decora\u00e7\u00e3o.\" \/>\n<meta name=\"robots\" content=\"index, follow, max-snippet:-1, max-image-preview:large, max-video-preview:-1\" \/>\n<link rel=\"canonical\" href=\"https:\/\/boatorna.com\/en\/carrinho\/\" \/>\n<meta property=\"og:locale\" content=\"en_GB\" \/>\n<meta property=\"og:type\" content=\"article\" \/>\n<meta property=\"og:title\" content=\"Carrinho - BoaTorna\" \/>\n<meta property=\"og:description\" content=\"Veja os produtos que adicionou ao carrinho na BoaTorna e finalize a sua compra de forma simples e segura na nossa loja online de decora\u00e7\u00e3o.\" \/>\n<meta property=\"og:url\" content=\"https:\/\/boatorna.com\/en\/carrinho\/\" \/>\n<meta property=\"og:site_name\" content=\"BoaTorna\" \/>\n<meta property=\"article:modified_time\" content=\"2026-05-04T15:31:32+00:00\" \/>\n<meta property=\"og:image\" content=\"https:\/\/boatorna.com\/wp-content\/uploads\/2026\/04\/Design-sem-nome-4.png\" \/>\n\t<meta property=\"og:image:width\" content=\"2048\" \/>\n\t<meta property=\"og:image:height\" content=\"2048\" \/>\n\t<meta property=\"og:image:type\" content=\"image\/png\" \/>\n<meta name=\"twitter:card\" content=\"summary_large_image\" \/>\n<meta name=\"twitter:label1\" content=\"Estimated reading time\" \/>\n\t<meta name=\"twitter:data1\" content=\"1 minute\" \/>\n<script type=\"application\/ld+json\" class=\"yoast-schema-graph\">{\"@context\":\"https:\\\/\\\/schema.org\",\"@graph\":[{\"@type\":\"WebPage\",\"@id\":\"https:\\\/\\\/boatorna.com\\\/carrinho\\\/\",\"url\":\"https:\\\/\\\/boatorna.com\\\/carrinho\\\/\",\"name\":\"Carrinho - BoaTorna\",\"isPartOf\":{\"@id\":\"https:\\\/\\\/boatorna.com\\\/#website\"},\"primaryImageOfPage\":{\"@id\":\"https:\\\/\\\/boatorna.com\\\/carrinho\\\/#primaryimage\"},\"image\":{\"@id\":\"https:\\\/\\\/boatorna.com\\\/carrinho\\\/#primaryimage\"},\"thumbnailUrl\":\"https:\\\/\\\/boatorna.com\\\/wp-content\\\/uploads\\\/2026\\\/04\\\/Design-sem-nome-4.png\",\"datePublished\":\"2026-03-20T15:45:50+00:00\",\"dateModified\":\"2026-05-04T15:31:32+00:00\",\"description\":\"Veja os produtos que adicionou ao carrinho na BoaTorna e finalize a sua compra de forma simples e segura na nossa loja online de decora\u00e7\u00e3o.\",\"breadcrumb\":{\"@id\":\"https:\\\/\\\/boatorna.com\\\/carrinho\\\/#breadcrumb\"},\"inLanguage\":\"en-GB\",\"potentialAction\":[{\"@type\":\"ReadAction\",\"target\":[\"https:\\\/\\\/boatorna.com\\\/carrinho\\\/\"]}]},{\"@type\":\"ImageObject\",\"inLanguage\":\"en-GB\",\"@id\":\"https:\\\/\\\/boatorna.com\\\/carrinho\\\/#primaryimage\",\"url\":\"https:\\\/\\\/boatorna.com\\\/wp-content\\\/uploads\\\/2026\\\/04\\\/Design-sem-nome-4.png\",\"contentUrl\":\"https:\\\/\\\/boatorna.com\\\/wp-content\\\/uploads\\\/2026\\\/04\\\/Design-sem-nome-4.png\",\"width\":2048,\"height\":2048,\"caption\":\"logo-BoaTorna-loja online de decora\u00e7\u00e3o-conta-carrinho-contacto-compra-servi\u00e7o-sobre-termos e condi\u00e7\u00f5es - loja\"},{\"@type\":\"BreadcrumbList\",\"@id\":\"https:\\\/\\\/boatorna.com\\\/carrinho\\\/#breadcrumb\",\"itemListElement\":[{\"@type\":\"ListItem\",\"position\":1,\"name\":\"In\u00edcio\",\"item\":\"https:\\\/\\\/boatorna.com\\\/\"},{\"@type\":\"ListItem\",\"position\":2,\"name\":\"Carrinho\"}]},{\"@type\":\"WebSite\",\"@id\":\"https:\\\/\\\/boatorna.com\\\/#website\",\"url\":\"https:\\\/\\\/boatorna.com\\\/\",\"name\":\"BoaTorna\",\"description\":\"Loja online de decora\u00e7\u00e3o, com pe\u00e7as \u00fanicas para quem valoriza estilo e eleg\u00e2ncia. Descubra a BoaTorna e transforme a sua casa com bom gosto.\",\"publisher\":{\"@id\":\"https:\\\/\\\/boatorna.com\\\/#organization\"},\"potentialAction\":[{\"@type\":\"SearchAction\",\"target\":{\"@type\":\"EntryPoint\",\"urlTemplate\":\"https:\\\/\\\/boatorna.com\\\/?s={search_term_string}\"},\"query-input\":{\"@type\":\"PropertyValueSpecification\",\"valueRequired\":true,\"valueName\":\"search_term_string\"}}],\"inLanguage\":\"en-GB\"},{\"@type\":\"Organization\",\"@id\":\"https:\\\/\\\/boatorna.com\\\/#organization\",\"name\":\"BoaTorna\",\"url\":\"https:\\\/\\\/boatorna.com\\\/\",\"logo\":{\"@type\":\"ImageObject\",\"inLanguage\":\"en-GB\",\"@id\":\"https:\\\/\\\/boatorna.com\\\/#\\\/schema\\\/logo\\\/image\\\/\",\"url\":\"https:\\\/\\\/boatorna.com\\\/wp-content\\\/uploads\\\/2026\\\/04\\\/Design-sem-nome-3.png\",\"contentUrl\":\"https:\\\/\\\/boatorna.com\\\/wp-content\\\/uploads\\\/2026\\\/04\\\/Design-sem-nome-3.png\",\"width\":2048,\"height\":2048,\"caption\":\"BoaTorna\"},\"image\":{\"@id\":\"https:\\\/\\\/boatorna.com\\\/#\\\/schema\\\/logo\\\/image\\\/\"},\"sameAs\":[\"https:\\\/\\\/www.instagram.com\\\/boatorna.pt?igsh=MWo0aXRmMmF4cjV2aw&utm_source=qr\"]}]}<\/script>\n<!-- \/ Yoast SEO plugin. -->","yoast_head_json":{"title":"Carrinho - BoaTorna","description":"Veja os produtos que adicionou ao carrinho na BoaTorna e finalize a sua compra de forma simples e segura na nossa loja online de decora\u00e7\u00e3o.","robots":{"index":"index","follow":"follow","max-snippet":"max-snippet:-1","max-image-preview":"max-image-preview:large","max-video-preview":"max-video-preview:-1"},"canonical":"https:\/\/boatorna.com\/en\/carrinho\/","og_locale":"en_GB","og_type":"article","og_title":"Carrinho - BoaTorna","og_description":"Veja os produtos que adicionou ao carrinho na BoaTorna e finalize a sua compra de forma simples e segura na nossa loja online de decora\u00e7\u00e3o.","og_url":"https:\/\/boatorna.com\/en\/carrinho\/","og_site_name":"BoaTorna","article_modified_time":"2026-05-04T15:31:32+00:00","og_image":[{"width":2048,"height":2048,"url":"https:\/\/boatorna.com\/wp-content\/uploads\/2026\/04\/Design-sem-nome-4.png","type":"image\/png"}],"twitter_card":"summary_large_image","twitter_misc":{"Estimated reading time":"1 minute"},"schema":{"@context":"https:\/\/schema.org","@graph":[{"@type":"WebPage","@id":"https:\/\/boatorna.com\/carrinho\/","url":"https:\/\/boatorna.com\/carrinho\/","name":"Carrinho - BoaTorna","isPartOf":{"@id":"https:\/\/boatorna.com\/#website"},"primaryImageOfPage":{"@id":"https:\/\/boatorna.com\/carrinho\/#primaryimage"},"image":{"@id":"https:\/\/boatorna.com\/carrinho\/#primaryimage"},"thumbnailUrl":"https:\/\/boatorna.com\/wp-content\/uploads\/2026\/04\/Design-sem-nome-4.png","datePublished":"2026-03-20T15:45:50+00:00","dateModified":"2026-05-04T15:31:32+00:00","description":"Veja os produtos que adicionou ao carrinho na BoaTorna e finalize a sua compra de forma simples e segura na nossa loja online de decora\u00e7\u00e3o.","breadcrumb":{"@id":"https:\/\/boatorna.com\/carrinho\/#breadcrumb"},"inLanguage":"en-GB","potentialAction":[{"@type":"ReadAction","target":["https:\/\/boatorna.com\/carrinho\/"]}]},{"@type":"ImageObject","inLanguage":"en-GB","@id":"https:\/\/boatorna.com\/carrinho\/#primaryimage","url":"https:\/\/boatorna.com\/wp-content\/uploads\/2026\/04\/Design-sem-nome-4.png","contentUrl":"https:\/\/boatorna.com\/wp-content\/uploads\/2026\/04\/Design-sem-nome-4.png","width":2048,"height":2048,"caption":"logo-BoaTorna-loja online de decora\u00e7\u00e3o-conta-carrinho-contacto-compra-servi\u00e7o-sobre-termos e condi\u00e7\u00f5es - loja"},{"@type":"BreadcrumbList","@id":"https:\/\/boatorna.com\/carrinho\/#breadcrumb","itemListElement":[{"@type":"ListItem","position":1,"name":"In\u00edcio","item":"https:\/\/boatorna.com\/"},{"@type":"ListItem","position":2,"name":"Carrinho"}]},{"@type":"WebSite","@id":"https:\/\/boatorna.com\/#website","url":"https:\/\/boatorna.com\/","name":"BoaTorna","description":"Loja online de decora\u00e7\u00e3o, com pe\u00e7as \u00fanicas para quem valoriza estilo e eleg\u00e2ncia. Descubra a BoaTorna e transforme a sua casa com bom gosto.","publisher":{"@id":"https:\/\/boatorna.com\/#organization"},"potentialAction":[{"@type":"SearchAction","target":{"@type":"EntryPoint","urlTemplate":"https:\/\/boatorna.com\/?s={search_term_string}"},"query-input":{"@type":"PropertyValueSpecification","valueRequired":true,"valueName":"search_term_string"}}],"inLanguage":"en-GB"},{"@type":"Organization","@id":"https:\/\/boatorna.com\/#organization","name":"BoaTorna","url":"https:\/\/boatorna.com\/","logo":{"@type":"ImageObject","inLanguage":"en-GB","@id":"https:\/\/boatorna.com\/#\/schema\/logo\/image\/","url":"https:\/\/boatorna.com\/wp-content\/uploads\/2026\/04\/Design-sem-nome-3.png","contentUrl":"https:\/\/boatorna.com\/wp-content\/uploads\/2026\/04\/Design-sem-nome-3.png","width":2048,"height":2048,"caption":"BoaTorna"},"image":{"@id":"https:\/\/boatorna.com\/#\/schema\/logo\/image\/"},"sameAs":["https:\/\/www.instagram.com\/boatorna.pt?igsh=MWo0aXRmMmF4cjV2aw&utm_source=qr"]}]}},"_hostinger_reach_plugin_has_subscription_block":false,"_hostinger_reach_plugin_is_elementor":false,"_links":{"self":[{"href":"https:\/\/boatorna.com\/en\/wp-json\/wp\/v2\/pages\/145","targetHints":{"allow":["GET"]}}],"collection":[{"href":"https:\/\/boatorna.com\/en\/wp-json\/wp\/v2\/pages"}],"about":[{"href":"https:\/\/boatorna.com\/en\/wp-json\/wp\/v2\/types\/page"}],"author":[{"embeddable":true,"href":"https:\/\/boatorna.com\/en\/wp-json\/wp\/v2\/users\/1"}],"replies":[{"embeddable":true,"href":"https:\/\/boatorna.com\/en\/wp-json\/wp\/v2\/comments?post=145"}],"version-history":[{"count":21,"href":"https:\/\/boatorna.com\/en\/wp-json\/wp\/v2\/pages\/145\/revisions"}],"predecessor-version":[{"id":2450,"href":"https:\/\/boatorna.com\/en\/wp-json\/wp\/v2\/pages\/145\/revisions\/2450"}],"wp:featuredmedia":[{"embeddable":true,"href":"https:\/\/boatorna.com\/en\/wp-json\/wp\/v2\/media\/1130"}],"wp:attachment":[{"href":"https:\/\/boatorna.com\/en\/wp-json\/wp\/v2\/media?parent=145"}],"curies":[{"name":"wp","href":"https:\/\/api.w.org\/{rel}","templated":true}]}}