{"id":149,"date":"2026-03-20T15:45:50","date_gmt":"2026-03-20T15:45:50","guid":{"rendered":"https:\/\/violet-lapwing-232108.hostingersite.com\/a-minha-conta\/"},"modified":"2026-04-02T16:16:59","modified_gmt":"2026-04-02T16:16:59","slug":"a-minha-conta","status":"publish","type":"page","link":"https:\/\/boatorna.com\/en\/a-minha-conta\/","title":{"rendered":"My account"},"content":{"rendered":"<div data-elementor-type=\"wp-page\" data-elementor-id=\"149\" class=\"elementor elementor-149\">\n\t\t\t\t<div data-aos=\"fade-up\" class=\"hostinger-elementor-aos elementor-element elementor-element-cf5fe77 e-flex e-con-boxed e-con e-parent\" data-id=\"cf5fe77\" data-element_type=\"container\" data-e-type=\"container\">\n\t\t\t\t\t<div class=\"e-con-inner\">\n\t\t<div data-aos=\"fade-up\" class=\"hostinger-elementor-aos elementor-element elementor-element-61ab3ae e-con-full e-flex e-con e-child\" data-id=\"61ab3ae\" data-element_type=\"container\" data-e-type=\"container\">\n\t\t\t\t<div class=\"elementor-element elementor-element-18c27c9 elementor-widget elementor-widget-shortcode\" data-id=\"18c27c9\" data-element_type=\"widget\" data-e-type=\"widget\" data-widget_type=\"shortcode.default\">\n\t\t\t\t<div class=\"elementor-widget-container\">\n\t\t\t\t\t\t\t<div class=\"elementor-shortcode\"><div class=\"woocommerce\"><\/div><\/div>\n\t\t\t\t\t\t<\/div>\n\t\t\t\t<\/div>\n\t\t\t\t<\/div>\n\t\t\t\t\t<\/div>\n\t\t\t\t<\/div>\n\t\t\t\t<\/div>","protected":false},"excerpt":{"rendered":"","protected":false},"author":1,"featured_media":1130,"parent":0,"menu_order":0,"comment_status":"closed","ping_status":"closed","template":"","meta":{"footnotes":""},"class_list":["post-149","page","type-page","status-publish","has-post-thumbnail","hentry"],"yoast_head":"<!-- This site is optimized with the Yoast SEO plugin v27.5 - https:\/\/yoast.com\/product\/yoast-seo-wordpress\/ -->\n<title>A minha conta - BoaTorna<\/title>\n<meta name=\"description\" content=\"Aceda \u00e0 sua conta BoaTorna para acompanhar encomendas, gerir dados pessoais e atualizar informa\u00e7\u00f5es de envio e fatura\u00e7\u00e3o.\" \/>\n<meta name=\"robots\" content=\"index, follow, max-snippet:-1, max-image-preview:large, max-video-preview:-1\" \/>\n<link rel=\"canonical\" href=\"https:\/\/boatorna.com\/en\/a-minha-conta\/\" \/>\n<meta property=\"og:locale\" content=\"en_GB\" \/>\n<meta property=\"og:type\" content=\"article\" \/>\n<meta property=\"og:title\" content=\"A minha conta - BoaTorna\" \/>\n<meta property=\"og:description\" content=\"Aceda \u00e0 sua conta BoaTorna para acompanhar encomendas, gerir dados pessoais e atualizar informa\u00e7\u00f5es de envio e fatura\u00e7\u00e3o.\" \/>\n<meta property=\"og:url\" content=\"https:\/\/boatorna.com\/en\/a-minha-conta\/\" \/>\n<meta property=\"og:site_name\" content=\"BoaTorna\" \/>\n<meta property=\"article:modified_time\" content=\"2026-04-02T16:16:59+00:00\" \/>\n<meta property=\"og:image\" content=\"https:\/\/boatorna.com\/wp-content\/uploads\/2026\/04\/Design-sem-nome-4.png\" \/>\n\t<meta property=\"og:image:width\" content=\"2048\" \/>\n\t<meta property=\"og:image:height\" content=\"2048\" \/>\n\t<meta property=\"og:image:type\" content=\"image\/png\" \/>\n<meta name=\"twitter:card\" content=\"summary_large_image\" \/>\n<meta name=\"twitter:label1\" content=\"Estimated reading time\" \/>\n\t<meta name=\"twitter:data1\" content=\"1 minute\" \/>\n<script type=\"application\/ld+json\" class=\"yoast-schema-graph\">{\"@context\":\"https:\\\/\\\/schema.org\",\"@graph\":[{\"@type\":\"WebPage\",\"@id\":\"https:\\\/\\\/boatorna.com\\\/a-minha-conta\\\/\",\"url\":\"https:\\\/\\\/boatorna.com\\\/a-minha-conta\\\/\",\"name\":\"A minha conta - BoaTorna\",\"isPartOf\":{\"@id\":\"https:\\\/\\\/boatorna.com\\\/#website\"},\"primaryImageOfPage\":{\"@id\":\"https:\\\/\\\/boatorna.com\\\/a-minha-conta\\\/#primaryimage\"},\"image\":{\"@id\":\"https:\\\/\\\/boatorna.com\\\/a-minha-conta\\\/#primaryimage\"},\"thumbnailUrl\":\"https:\\\/\\\/boatorna.com\\\/wp-content\\\/uploads\\\/2026\\\/04\\\/Design-sem-nome-4.png\",\"datePublished\":\"2026-03-20T15:45:50+00:00\",\"dateModified\":\"2026-04-02T16:16:59+00:00\",\"description\":\"Aceda \u00e0 sua conta BoaTorna para acompanhar encomendas, gerir dados pessoais e atualizar informa\u00e7\u00f5es de envio e fatura\u00e7\u00e3o.\",\"breadcrumb\":{\"@id\":\"https:\\\/\\\/boatorna.com\\\/a-minha-conta\\\/#breadcrumb\"},\"inLanguage\":\"en-GB\",\"potentialAction\":[{\"@type\":\"ReadAction\",\"target\":[\"https:\\\/\\\/boatorna.com\\\/a-minha-conta\\\/\"]}]},{\"@type\":\"ImageObject\",\"inLanguage\":\"en-GB\",\"@id\":\"https:\\\/\\\/boatorna.com\\\/a-minha-conta\\\/#primaryimage\",\"url\":\"https:\\\/\\\/boatorna.com\\\/wp-content\\\/uploads\\\/2026\\\/04\\\/Design-sem-nome-4.png\",\"contentUrl\":\"https:\\\/\\\/boatorna.com\\\/wp-content\\\/uploads\\\/2026\\\/04\\\/Design-sem-nome-4.png\",\"width\":2048,\"height\":2048,\"caption\":\"logo-BoaTorna-loja online de decora\u00e7\u00e3o-conta-carrinho-contacto-compra-servi\u00e7o-sobre-termos e condi\u00e7\u00f5es - loja\"},{\"@type\":\"BreadcrumbList\",\"@id\":\"https:\\\/\\\/boatorna.com\\\/a-minha-conta\\\/#breadcrumb\",\"itemListElement\":[{\"@type\":\"ListItem\",\"position\":1,\"name\":\"In\u00edcio\",\"item\":\"https:\\\/\\\/boatorna.com\\\/\"},{\"@type\":\"ListItem\",\"position\":2,\"name\":\"A minha conta\"}]},{\"@type\":\"WebSite\",\"@id\":\"https:\\\/\\\/boatorna.com\\\/#website\",\"url\":\"https:\\\/\\\/boatorna.com\\\/\",\"name\":\"BoaTorna\",\"description\":\"Loja online de decora\u00e7\u00e3o, com pe\u00e7as \u00fanicas para quem valoriza estilo e eleg\u00e2ncia. Descubra a BoaTorna e transforme a sua casa com bom gosto.\",\"publisher\":{\"@id\":\"https:\\\/\\\/boatorna.com\\\/#organization\"},\"potentialAction\":[{\"@type\":\"SearchAction\",\"target\":{\"@type\":\"EntryPoint\",\"urlTemplate\":\"https:\\\/\\\/boatorna.com\\\/?s={search_term_string}\"},\"query-input\":{\"@type\":\"PropertyValueSpecification\",\"valueRequired\":true,\"valueName\":\"search_term_string\"}}],\"inLanguage\":\"en-GB\"},{\"@type\":\"Organization\",\"@id\":\"https:\\\/\\\/boatorna.com\\\/#organization\",\"name\":\"BoaTorna\",\"url\":\"https:\\\/\\\/boatorna.com\\\/\",\"logo\":{\"@type\":\"ImageObject\",\"inLanguage\":\"en-GB\",\"@id\":\"https:\\\/\\\/boatorna.com\\\/#\\\/schema\\\/logo\\\/image\\\/\",\"url\":\"https:\\\/\\\/boatorna.com\\\/wp-content\\\/uploads\\\/2026\\\/04\\\/Design-sem-nome-3.png\",\"contentUrl\":\"https:\\\/\\\/boatorna.com\\\/wp-content\\\/uploads\\\/2026\\\/04\\\/Design-sem-nome-3.png\",\"width\":2048,\"height\":2048,\"caption\":\"BoaTorna\"},\"image\":{\"@id\":\"https:\\\/\\\/boatorna.com\\\/#\\\/schema\\\/logo\\\/image\\\/\"},\"sameAs\":[\"https:\\\/\\\/www.instagram.com\\\/boatorna.pt?igsh=MWo0aXRmMmF4cjV2aw&utm_source=qr\"]}]}<\/script>\n<!-- \/ Yoast SEO plugin. -->","yoast_head_json":{"title":"A minha conta - BoaTorna","description":"Aceda \u00e0 sua conta BoaTorna para acompanhar encomendas, gerir dados pessoais e atualizar informa\u00e7\u00f5es de envio e fatura\u00e7\u00e3o.","robots":{"index":"index","follow":"follow","max-snippet":"max-snippet:-1","max-image-preview":"max-image-preview:large","max-video-preview":"max-video-preview:-1"},"canonical":"https:\/\/boatorna.com\/en\/a-minha-conta\/","og_locale":"en_GB","og_type":"article","og_title":"A minha conta - BoaTorna","og_description":"Aceda \u00e0 sua conta BoaTorna para acompanhar encomendas, gerir dados pessoais e atualizar informa\u00e7\u00f5es de envio e fatura\u00e7\u00e3o.","og_url":"https:\/\/boatorna.com\/en\/a-minha-conta\/","og_site_name":"BoaTorna","article_modified_time":"2026-04-02T16:16:59+00:00","og_image":[{"width":2048,"height":2048,"url":"https:\/\/boatorna.com\/wp-content\/uploads\/2026\/04\/Design-sem-nome-4.png","type":"image\/png"}],"twitter_card":"summary_large_image","twitter_misc":{"Estimated reading time":"1 minute"},"schema":{"@context":"https:\/\/schema.org","@graph":[{"@type":"WebPage","@id":"https:\/\/boatorna.com\/a-minha-conta\/","url":"https:\/\/boatorna.com\/a-minha-conta\/","name":"A minha conta - BoaTorna","isPartOf":{"@id":"https:\/\/boatorna.com\/#website"},"primaryImageOfPage":{"@id":"https:\/\/boatorna.com\/a-minha-conta\/#primaryimage"},"image":{"@id":"https:\/\/boatorna.com\/a-minha-conta\/#primaryimage"},"thumbnailUrl":"https:\/\/boatorna.com\/wp-content\/uploads\/2026\/04\/Design-sem-nome-4.png","datePublished":"2026-03-20T15:45:50+00:00","dateModified":"2026-04-02T16:16:59+00:00","description":"Aceda \u00e0 sua conta BoaTorna para acompanhar encomendas, gerir dados pessoais e atualizar informa\u00e7\u00f5es de envio e fatura\u00e7\u00e3o.","breadcrumb":{"@id":"https:\/\/boatorna.com\/a-minha-conta\/#breadcrumb"},"inLanguage":"en-GB","potentialAction":[{"@type":"ReadAction","target":["https:\/\/boatorna.com\/a-minha-conta\/"]}]},{"@type":"ImageObject","inLanguage":"en-GB","@id":"https:\/\/boatorna.com\/a-minha-conta\/#primaryimage","url":"https:\/\/boatorna.com\/wp-content\/uploads\/2026\/04\/Design-sem-nome-4.png","contentUrl":"https:\/\/boatorna.com\/wp-content\/uploads\/2026\/04\/Design-sem-nome-4.png","width":2048,"height":2048,"caption":"logo-BoaTorna-loja online de decora\u00e7\u00e3o-conta-carrinho-contacto-compra-servi\u00e7o-sobre-termos e condi\u00e7\u00f5es - loja"},{"@type":"BreadcrumbList","@id":"https:\/\/boatorna.com\/a-minha-conta\/#breadcrumb","itemListElement":[{"@type":"ListItem","position":1,"name":"In\u00edcio","item":"https:\/\/boatorna.com\/"},{"@type":"ListItem","position":2,"name":"A minha conta"}]},{"@type":"WebSite","@id":"https:\/\/boatorna.com\/#website","url":"https:\/\/boatorna.com\/","name":"BoaTorna","description":"Loja online de decora\u00e7\u00e3o, com pe\u00e7as \u00fanicas para quem valoriza estilo e eleg\u00e2ncia. Descubra a BoaTorna e transforme a sua casa com bom gosto.","publisher":{"@id":"https:\/\/boatorna.com\/#organization"},"potentialAction":[{"@type":"SearchAction","target":{"@type":"EntryPoint","urlTemplate":"https:\/\/boatorna.com\/?s={search_term_string}"},"query-input":{"@type":"PropertyValueSpecification","valueRequired":true,"valueName":"search_term_string"}}],"inLanguage":"en-GB"},{"@type":"Organization","@id":"https:\/\/boatorna.com\/#organization","name":"BoaTorna","url":"https:\/\/boatorna.com\/","logo":{"@type":"ImageObject","inLanguage":"en-GB","@id":"https:\/\/boatorna.com\/#\/schema\/logo\/image\/","url":"https:\/\/boatorna.com\/wp-content\/uploads\/2026\/04\/Design-sem-nome-3.png","contentUrl":"https:\/\/boatorna.com\/wp-content\/uploads\/2026\/04\/Design-sem-nome-3.png","width":2048,"height":2048,"caption":"BoaTorna"},"image":{"@id":"https:\/\/boatorna.com\/#\/schema\/logo\/image\/"},"sameAs":["https:\/\/www.instagram.com\/boatorna.pt?igsh=MWo0aXRmMmF4cjV2aw&utm_source=qr"]}]}},"_hostinger_reach_plugin_has_subscription_block":false,"_hostinger_reach_plugin_is_elementor":false,"_links":{"self":[{"href":"https:\/\/boatorna.com\/en\/wp-json\/wp\/v2\/pages\/149","targetHints":{"allow":["GET"]}}],"collection":[{"href":"https:\/\/boatorna.com\/en\/wp-json\/wp\/v2\/pages"}],"about":[{"href":"https:\/\/boatorna.com\/en\/wp-json\/wp\/v2\/types\/page"}],"author":[{"embeddable":true,"href":"https:\/\/boatorna.com\/en\/wp-json\/wp\/v2\/users\/1"}],"replies":[{"embeddable":true,"href":"https:\/\/boatorna.com\/en\/wp-json\/wp\/v2\/comments?post=149"}],"version-history":[{"count":1,"href":"https:\/\/boatorna.com\/en\/wp-json\/wp\/v2\/pages\/149\/revisions"}],"predecessor-version":[{"id":1146,"href":"https:\/\/boatorna.com\/en\/wp-json\/wp\/v2\/pages\/149\/revisions\/1146"}],"wp:featuredmedia":[{"embeddable":true,"href":"https:\/\/boatorna.com\/en\/wp-json\/wp\/v2\/media\/1130"}],"wp:attachment":[{"href":"https:\/\/boatorna.com\/en\/wp-json\/wp\/v2\/media?parent=149"}],"curies":[{"name":"wp","href":"https:\/\/api.w.org\/{rel}","templated":true}]}}