{"id":1848,"date":"2026-04-20T13:48:23","date_gmt":"2026-04-20T13:48:23","guid":{"rendered":"https:\/\/boatorna.com\/?page_id=1848"},"modified":"2026-04-21T11:18:24","modified_gmt":"2026-04-21T11:18:24","slug":"termos-e-condicoes","status":"publish","type":"page","link":"https:\/\/boatorna.com\/en\/termos-e-condicoes\/","title":{"rendered":"Terms and Conditions"},"content":{"rendered":"<div data-elementor-type=\"wp-page\" data-elementor-id=\"1848\" class=\"elementor elementor-1848\">\n\t\t\t\t<div data-aos=\"fade-up\" class=\"hostinger-elementor-aos elementor-element elementor-element-54ac462 e-flex e-con-boxed e-con e-parent\" data-id=\"54ac462\" data-element_type=\"container\" data-e-type=\"container\">\n\t\t\t\t\t<div class=\"e-con-inner\">\n\t\t\t\t<div class=\"elementor-element elementor-element-bc73538 elementor-widget elementor-widget-text-editor\" data-id=\"bc73538\" data-element_type=\"widget\" data-e-type=\"widget\" data-widget_type=\"text-editor.default\">\n\t\t\t\t<div class=\"elementor-widget-container\">\n\t\t\t\t\t\t\t\t\t<h1 data-section-id=\"vyrjcq\" data-start=\"109\" data-end=\"129\">Terms and Conditions<\/h1><p data-start=\"131\" data-end=\"170\">\u00daltima atualiza\u00e7\u00e3o: 20 de abril de 2026<\/p><p data-start=\"172\" data-end=\"259\">Por favor, leia atentamente estes Termos e Condi\u00e7\u00f5es antes de utilizar o nosso Servi\u00e7o.<\/p><h2 data-section-id=\"e22oog\" data-start=\"261\" data-end=\"290\">Interpreta\u00e7\u00e3o e Defini\u00e7\u00f5es<\/h2><h3 data-section-id=\"zffxcr\" data-start=\"292\" data-end=\"311\">Interpreta\u00e7\u00e3o<\/h3><p data-start=\"312\" data-end=\"497\">As palavras cuja letra inicial \u00e9 mai\u00fascula t\u00eam os significados definidos nas condi\u00e7\u00f5es seguintes. As defini\u00e7\u00f5es abaixo mant\u00eam o mesmo significado quer apare\u00e7am no singular ou no plural.<\/p><h3 data-section-id=\"1sutsrv\" data-start=\"499\" data-end=\"515\">Defini\u00e7\u00f5es<\/h3><p data-start=\"516\" data-end=\"555\">Para efeitos destes Termos e Condi\u00e7\u00f5es:<\/p><p data-start=\"557\" data-end=\"866\"><span data-start=\"557\" data-end=\"569\">Afiliado<\/span> significa uma entidade que controla, \u00e9 controlada por ou est\u00e1 sob controlo comum com uma parte, sendo que \u201ccontrolo\u201d significa a posse de 50% ou mais das a\u00e7\u00f5es, participa\u00e7\u00e3o no capital ou outros valores mobili\u00e1rios com direito a voto para elei\u00e7\u00e3o de administradores ou outra autoridade de gest\u00e3o.<\/p><p data-start=\"868\" data-end=\"899\"><span data-start=\"868\" data-end=\"876\">Pa\u00eds<\/span> refere-se a: Portugal.<\/p><p data-start=\"901\" data-end=\"1187\"><span data-start=\"901\" data-end=\"912\">Empresa<\/span> (referida como \u201ca Empresa\u201d, \u201cN\u00f3s\u201d, \u201cNos\u201d ou \u201cNosso\u201d nestes Termos e Condi\u00e7\u00f5es) refere-se a: MANUTA\u2019S UNIPESSOAL LDA,<br data-start=\"1030\" data-end=\"1033\" \/>NIF\/NIPC: 518731863<br data-start=\"1052\" data-end=\"1055\" \/>Morada: Rua Nossa Senhora da Sa\u00fade, n\u00ba 71, 4470-368 Maia, Portugal<br data-start=\"1121\" data-end=\"1124\" \/>Email: <a class=\"decorated-link\" href=\"mailto:geral.manutas@gmail.com\" rel=\"noopener\" data-start=\"1131\" data-end=\"1154\">geral.manutas@gmail.com<\/a><br data-start=\"1154\" data-end=\"1157\" \/>Telefone: (+351) 910 601 153<\/p><p data-start=\"1189\" data-end=\"1302\"><span data-start=\"1189\" data-end=\"1204\">Dispositivo<\/span> significa qualquer dispositivo que possa aceder ao Servi\u00e7o, como computador, telem\u00f3vel ou tablet.<\/p><p data-start=\"1304\" data-end=\"1337\"><span data-start=\"1304\" data-end=\"1315\">Servi\u00e7o<\/span> refere-se ao Website.<\/p><p data-start=\"1339\" data-end=\"1585\"><span data-start=\"1339\" data-end=\"1361\">Termos <\/span><span data-start=\"1339\" data-end=\"1361\">e <\/span><span data-start=\"1339\" data-end=\"1361\">Condi\u00e7\u00f5es<\/span> (tamb\u00e9m designados por \u201cTermos\u201d) significam estes Termos e Condi\u00e7\u00f5es, incluindo todos os documentos aqui referidos, que regulam o acesso e utiliza\u00e7\u00e3o do Servi\u00e7o e constituem o acordo integral entre o Utilizador e a Empresa.<\/p><p data-start=\"1587\" data-end=\"1770\"><span data-start=\"1587\" data-end=\"1611\">Servi\u00e7o de Terceiros<\/span> significa quaisquer servi\u00e7os ou conte\u00fados (incluindo dados, informa\u00e7\u00f5es, produtos ou servi\u00e7os) fornecidos por terceiros e disponibilizados atrav\u00e9s do Servi\u00e7o.<\/p><p data-start=\"1772\" data-end=\"1841\"><span data-start=\"1772\" data-end=\"1783\">Website<\/span> refere-se a BoaTorna, acess\u00edvel em <a class=\"decorated-link\" href=\"https:\/\/boatorna.com\/en\/\" target=\"_blank\" rel=\"noopener\" data-start=\"1820\" data-end=\"1841\">https:\/\/boatorna.com\/<\/a><\/p><p data-start=\"1843\" data-end=\"1929\"><span data-start=\"1843\" data-end=\"1857\">Utilizador<\/span> significa a pessoa singular ou coletiva que acede ou utiliza o Servi\u00e7o.<\/p><h2 data-section-id=\"1fxdix6\" data-start=\"1936\" data-end=\"1953\">Reconhecimento<\/h2><p data-start=\"1955\" data-end=\"2068\">Estes s\u00e3o os Termos e Condi\u00e7\u00f5es que regulam a utiliza\u00e7\u00e3o deste Servi\u00e7o e o acordo entre o Utilizador e a Empresa.<\/p><p data-start=\"2070\" data-end=\"2175\">O acesso e utiliza\u00e7\u00e3o do Servi\u00e7o est\u00e3o condicionados \u00e0 aceita\u00e7\u00e3o e cumprimento destes Termos e Condi\u00e7\u00f5es.<\/p><p data-start=\"2177\" data-end=\"2347\">Ao aceder ou utilizar o Servi\u00e7o, o Utilizador concorda em ficar vinculado a estes Termos. Caso n\u00e3o concorde com qualquer parte destes Termos, n\u00e3o deve utilizar o Servi\u00e7o.<\/p><p data-start=\"2349\" data-end=\"2478\">O Utilizador declara ter idade igual ou superior a 18 anos. A Empresa n\u00e3o permite a utiliza\u00e7\u00e3o do Servi\u00e7o por menores de 18 anos.<\/p><p data-start=\"2480\" data-end=\"2629\">A utiliza\u00e7\u00e3o do Servi\u00e7o est\u00e1 tamb\u00e9m sujeita \u00e0 nossa Pol\u00edtica de Privacidade, que descreve como recolhemos, utilizamos e protegemos os dados pessoais.<\/p><h2 data-section-id=\"xmv9l7\" data-start=\"2636\" data-end=\"2665\">Liga\u00e7\u00f5es a Outros Websites<\/h2><p data-start=\"2667\" data-end=\"2780\">O nosso Servi\u00e7o pode conter liga\u00e7\u00f5es para websites ou servi\u00e7os de terceiros que n\u00e3o s\u00e3o controlados pela Empresa.<\/p><p data-start=\"2782\" data-end=\"2897\">A Empresa n\u00e3o assume qualquer responsabilidade pelo conte\u00fado, pol\u00edticas de privacidade ou pr\u00e1ticas desses websites.<\/p><p data-start=\"2899\" data-end=\"3019\">Recomendamos que o Utilizador leia sempre os Termos e Pol\u00edticas de Privacidade de qualquer site de terceiros que visite.<\/p><h2 data-section-id=\"1d12opg\" data-start=\"3026\" data-end=\"3041\">Encerramento<\/h2><p data-start=\"3043\" data-end=\"3164\">Podemos terminar ou suspender o acesso ao Servi\u00e7o de imediato, sem aviso pr\u00e9vio ou responsabilidade, por qualquer motivo.<\/p><p data-start=\"3166\" data-end=\"3239\">Ap\u00f3s o t\u00e9rmino, o direito de utiliza\u00e7\u00e3o do Servi\u00e7o termina imediatamente.<\/p><h2 data-section-id=\"dvawl2\" data-start=\"3246\" data-end=\"3278\">Limita\u00e7\u00e3o de Responsabilidade<\/h2><p data-start=\"3280\" data-end=\"3492\">Na m\u00e1xima extens\u00e3o permitida por lei, a responsabilidade total da Empresa ser\u00e1 limitada ao valor efetivamente pago pelo Utilizador atrav\u00e9s do Servi\u00e7o, ou a 100 USD caso n\u00e3o tenha sido efetuado qualquer pagamento.<\/p><p data-start=\"3494\" data-end=\"3656\">A Empresa n\u00e3o ser\u00e1 respons\u00e1vel por quaisquer danos indiretos, incidentais ou consequenciais resultantes da utiliza\u00e7\u00e3o ou impossibilidade de utiliza\u00e7\u00e3o do Servi\u00e7o.<\/p><h2 data-section-id=\"1ee9zj5\" data-start=\"3663\" data-end=\"3701\">\u201cCOMO EST\u00c1\u201d e \u201cCONFORME DISPON\u00cdVEL\u201d<\/h2><p data-start=\"3703\" data-end=\"3797\">O Servi\u00e7o \u00e9 fornecido \u201ctal como est\u00e1\u201d e \u201cconforme dispon\u00edvel\u201d, sem garantias de qualquer tipo.<\/p><h2 data-section-id=\"5mldws\" data-start=\"3804\" data-end=\"3820\">Lei Aplic\u00e1vel<\/h2><p data-start=\"3822\" data-end=\"3874\">Estes Termos s\u00e3o regidos pela legisla\u00e7\u00e3o portuguesa.<\/p><h2 data-section-id=\"1kbp4r7\" data-start=\"3881\" data-end=\"3905\">Resolu\u00e7\u00e3o de Lit\u00edgios<\/h2><p data-start=\"3907\" data-end=\"4025\">Em caso de lit\u00edgio, o Utilizador compromete-se a contactar previamente a Empresa para tentativa de resolu\u00e7\u00e3o amig\u00e1vel.<\/p><h2 data-section-id=\"iivmzb\" data-start=\"4032\" data-end=\"4065\">Utilizadores da Uni\u00e3o Europeia<\/h2><p data-start=\"4067\" data-end=\"4178\">Se o Utilizador for consumidor na Uni\u00e3o Europeia, beneficia das disposi\u00e7\u00f5es obrigat\u00f3rias do pa\u00eds de resid\u00eancia.<\/p><h2 data-section-id=\"zixnpr\" data-start=\"4185\" data-end=\"4223\">Conformidade Legal (Estados Unidos)<\/h2><p data-start=\"4225\" data-end=\"4317\">O Utilizador declara que n\u00e3o est\u00e1 sujeito a restri\u00e7\u00f5es legais impostas pelos Estados Unidos.<\/p><h2 data-section-id=\"19q8090\" data-start=\"4324\" data-end=\"4352\">Divisibilidade e Ren\u00fancia<\/h2><p data-start=\"4354\" data-end=\"4431\">Se alguma cl\u00e1usula for considerada inv\u00e1lida, as restantes continuam em vigor.<\/p><p data-start=\"4433\" data-end=\"4506\">A n\u00e3o aplica\u00e7\u00e3o de qualquer direito n\u00e3o constitui ren\u00fancia desse direito.<\/p><h2 data-section-id=\"13bq29k\" data-start=\"4513\" data-end=\"4524\">Tradu\u00e7\u00e3o<\/h2><p data-start=\"4526\" data-end=\"4596\">Em caso de tradu\u00e7\u00e3o, a vers\u00e3o em ingl\u00eas prevalece em caso de conflito.<\/p><h2 data-section-id=\"1ifcd4x\" data-start=\"4603\" data-end=\"4627\">Altera\u00e7\u00f5es aos Termos<\/h2><p data-start=\"4629\" data-end=\"4679\">Podemos atualizar estes Termos a qualquer momento.<\/p><h2 data-section-id=\"1c78x6y\" data-start=\"4686\" data-end=\"4697\">Contact<\/h2><p data-start=\"4699\" data-end=\"4774\">Se tiver alguma quest\u00e3o sobre estes Termos e Condi\u00e7\u00f5es, pode contactar-nos:<\/p><p data-start=\"4776\" data-end=\"4825\">Atrav\u00e9s da p\u00e1gina: <a class=\"decorated-link\" href=\"https:\/\/boatorna.com\/en\/contacto\/\" target=\"_blank\" rel=\"noopener\" data-start=\"4795\" data-end=\"4825\">https:\/\/boatorna.com\/contacto\/<\/a><\/p>\t\t\t\t\t\t\t\t<\/div>\n\t\t\t\t<\/div>\n\t\t\t\t\t<\/div>\n\t\t\t\t<\/div>\n\t\t\t\t<\/div>","protected":false},"excerpt":{"rendered":"<p>Termos e Condi\u00e7\u00f5es \u00daltima atualiza\u00e7\u00e3o: 20 de abril de 2026 Por favor, leia atentamente estes Termos e Condi\u00e7\u00f5es antes de utilizar o nosso Servi\u00e7o. Interpreta\u00e7\u00e3o e Defini\u00e7\u00f5es Interpreta\u00e7\u00e3o As palavras cuja letra inicial \u00e9 mai\u00fascula t\u00eam os significados definidos nas condi\u00e7\u00f5es seguintes. As defini\u00e7\u00f5es abaixo mant\u00eam o mesmo significado quer apare\u00e7am no singular ou no [&hellip;]<\/p>\n","protected":false},"author":1,"featured_media":0,"parent":0,"menu_order":0,"comment_status":"closed","ping_status":"closed","template":"","meta":{"footnotes":""},"class_list":["post-1848","page","type-page","status-publish","hentry"],"yoast_head":"<!-- This site is optimized with the Yoast SEO plugin v27.5 - https:\/\/yoast.com\/product\/yoast-seo-wordpress\/ -->\n<title>Termos e Condi\u00e7\u00f5es - BoaTorna<\/title>\n<meta name=\"robots\" content=\"index, follow, max-snippet:-1, max-image-preview:large, max-video-preview:-1\" \/>\n<link rel=\"canonical\" href=\"https:\/\/boatorna.com\/en\/termos-e-condicoes\/\" \/>\n<meta property=\"og:locale\" content=\"en_GB\" \/>\n<meta property=\"og:type\" content=\"article\" \/>\n<meta property=\"og:title\" content=\"Termos e Condi\u00e7\u00f5es - BoaTorna\" \/>\n<meta property=\"og:description\" content=\"Termos e Condi\u00e7\u00f5es \u00daltima atualiza\u00e7\u00e3o: 20 de abril de 2026 Por favor, leia atentamente estes Termos e Condi\u00e7\u00f5es antes de utilizar o nosso Servi\u00e7o. Interpreta\u00e7\u00e3o e Defini\u00e7\u00f5es Interpreta\u00e7\u00e3o As palavras cuja letra inicial \u00e9 mai\u00fascula t\u00eam os significados definidos nas condi\u00e7\u00f5es seguintes. As defini\u00e7\u00f5es abaixo mant\u00eam o mesmo significado quer apare\u00e7am no singular ou no [&hellip;]\" \/>\n<meta property=\"og:url\" content=\"https:\/\/boatorna.com\/en\/termos-e-condicoes\/\" \/>\n<meta property=\"og:site_name\" content=\"BoaTorna\" \/>\n<meta property=\"article:modified_time\" content=\"2026-04-21T11:18:24+00:00\" \/>\n<meta property=\"og:image\" content=\"https:\/\/boatorna.com\/wp-content\/uploads\/2026\/03\/BOATORNA_logo-verde-escuro-vertical-1-e1775134899479.png\" \/>\n\t<meta property=\"og:image:width\" content=\"180\" \/>\n\t<meta property=\"og:image:height\" content=\"55\" \/>\n\t<meta property=\"og:image:type\" content=\"image\/png\" \/>\n<meta name=\"twitter:card\" content=\"summary_large_image\" \/>\n<meta name=\"twitter:label1\" content=\"Estimated reading time\" \/>\n\t<meta name=\"twitter:data1\" content=\"4 minutes\" \/>\n<script type=\"application\/ld+json\" class=\"yoast-schema-graph\">{\"@context\":\"https:\\\/\\\/schema.org\",\"@graph\":[{\"@type\":\"WebPage\",\"@id\":\"https:\\\/\\\/boatorna.com\\\/termos-e-condicoes\\\/\",\"url\":\"https:\\\/\\\/boatorna.com\\\/termos-e-condicoes\\\/\",\"name\":\"Termos e Condi\u00e7\u00f5es - BoaTorna\",\"isPartOf\":{\"@id\":\"https:\\\/\\\/boatorna.com\\\/#website\"},\"datePublished\":\"2026-04-20T13:48:23+00:00\",\"dateModified\":\"2026-04-21T11:18:24+00:00\",\"breadcrumb\":{\"@id\":\"https:\\\/\\\/boatorna.com\\\/termos-e-condicoes\\\/#breadcrumb\"},\"inLanguage\":\"en-GB\",\"potentialAction\":[{\"@type\":\"ReadAction\",\"target\":[\"https:\\\/\\\/boatorna.com\\\/termos-e-condicoes\\\/\"]}]},{\"@type\":\"BreadcrumbList\",\"@id\":\"https:\\\/\\\/boatorna.com\\\/termos-e-condicoes\\\/#breadcrumb\",\"itemListElement\":[{\"@type\":\"ListItem\",\"position\":1,\"name\":\"In\u00edcio\",\"item\":\"https:\\\/\\\/boatorna.com\\\/\"},{\"@type\":\"ListItem\",\"position\":2,\"name\":\"Termos e Condi\u00e7\u00f5es\"}]},{\"@type\":\"WebSite\",\"@id\":\"https:\\\/\\\/boatorna.com\\\/#website\",\"url\":\"https:\\\/\\\/boatorna.com\\\/\",\"name\":\"BoaTorna\",\"description\":\"Loja online de decora\u00e7\u00e3o, com pe\u00e7as \u00fanicas para quem valoriza estilo e eleg\u00e2ncia. Descubra a BoaTorna e transforme a sua casa com bom gosto.\",\"publisher\":{\"@id\":\"https:\\\/\\\/boatorna.com\\\/#organization\"},\"potentialAction\":[{\"@type\":\"SearchAction\",\"target\":{\"@type\":\"EntryPoint\",\"urlTemplate\":\"https:\\\/\\\/boatorna.com\\\/?s={search_term_string}\"},\"query-input\":{\"@type\":\"PropertyValueSpecification\",\"valueRequired\":true,\"valueName\":\"search_term_string\"}}],\"inLanguage\":\"en-GB\"},{\"@type\":\"Organization\",\"@id\":\"https:\\\/\\\/boatorna.com\\\/#organization\",\"name\":\"BoaTorna\",\"url\":\"https:\\\/\\\/boatorna.com\\\/\",\"logo\":{\"@type\":\"ImageObject\",\"inLanguage\":\"en-GB\",\"@id\":\"https:\\\/\\\/boatorna.com\\\/#\\\/schema\\\/logo\\\/image\\\/\",\"url\":\"https:\\\/\\\/boatorna.com\\\/wp-content\\\/uploads\\\/2026\\\/04\\\/Design-sem-nome-3.png\",\"contentUrl\":\"https:\\\/\\\/boatorna.com\\\/wp-content\\\/uploads\\\/2026\\\/04\\\/Design-sem-nome-3.png\",\"width\":2048,\"height\":2048,\"caption\":\"BoaTorna\"},\"image\":{\"@id\":\"https:\\\/\\\/boatorna.com\\\/#\\\/schema\\\/logo\\\/image\\\/\"},\"sameAs\":[\"https:\\\/\\\/www.instagram.com\\\/boatorna.pt?igsh=MWo0aXRmMmF4cjV2aw&utm_source=qr\"]}]}<\/script>\n<!-- \/ Yoast SEO plugin. -->","yoast_head_json":{"title":"Termos e Condi\u00e7\u00f5es - BoaTorna","robots":{"index":"index","follow":"follow","max-snippet":"max-snippet:-1","max-image-preview":"max-image-preview:large","max-video-preview":"max-video-preview:-1"},"canonical":"https:\/\/boatorna.com\/en\/termos-e-condicoes\/","og_locale":"en_GB","og_type":"article","og_title":"Termos e Condi\u00e7\u00f5es - BoaTorna","og_description":"Termos e Condi\u00e7\u00f5es \u00daltima atualiza\u00e7\u00e3o: 20 de abril de 2026 Por favor, leia atentamente estes Termos e Condi\u00e7\u00f5es antes de utilizar o nosso Servi\u00e7o. Interpreta\u00e7\u00e3o e Defini\u00e7\u00f5es Interpreta\u00e7\u00e3o As palavras cuja letra inicial \u00e9 mai\u00fascula t\u00eam os significados definidos nas condi\u00e7\u00f5es seguintes. As defini\u00e7\u00f5es abaixo mant\u00eam o mesmo significado quer apare\u00e7am no singular ou no [&hellip;]","og_url":"https:\/\/boatorna.com\/en\/termos-e-condicoes\/","og_site_name":"BoaTorna","article_modified_time":"2026-04-21T11:18:24+00:00","og_image":[{"width":180,"height":55,"url":"https:\/\/boatorna.com\/wp-content\/uploads\/2026\/03\/BOATORNA_logo-verde-escuro-vertical-1-e1775134899479.png","type":"image\/png"}],"twitter_card":"summary_large_image","twitter_misc":{"Estimated reading time":"4 minutes"},"schema":{"@context":"https:\/\/schema.org","@graph":[{"@type":"WebPage","@id":"https:\/\/boatorna.com\/termos-e-condicoes\/","url":"https:\/\/boatorna.com\/termos-e-condicoes\/","name":"Termos e Condi\u00e7\u00f5es - BoaTorna","isPartOf":{"@id":"https:\/\/boatorna.com\/#website"},"datePublished":"2026-04-20T13:48:23+00:00","dateModified":"2026-04-21T11:18:24+00:00","breadcrumb":{"@id":"https:\/\/boatorna.com\/termos-e-condicoes\/#breadcrumb"},"inLanguage":"en-GB","potentialAction":[{"@type":"ReadAction","target":["https:\/\/boatorna.com\/termos-e-condicoes\/"]}]},{"@type":"BreadcrumbList","@id":"https:\/\/boatorna.com\/termos-e-condicoes\/#breadcrumb","itemListElement":[{"@type":"ListItem","position":1,"name":"In\u00edcio","item":"https:\/\/boatorna.com\/"},{"@type":"ListItem","position":2,"name":"Termos e Condi\u00e7\u00f5es"}]},{"@type":"WebSite","@id":"https:\/\/boatorna.com\/#website","url":"https:\/\/boatorna.com\/","name":"BoaTorna","description":"Loja online de decora\u00e7\u00e3o, com pe\u00e7as \u00fanicas para quem valoriza estilo e eleg\u00e2ncia. Descubra a BoaTorna e transforme a sua casa com bom gosto.","publisher":{"@id":"https:\/\/boatorna.com\/#organization"},"potentialAction":[{"@type":"SearchAction","target":{"@type":"EntryPoint","urlTemplate":"https:\/\/boatorna.com\/?s={search_term_string}"},"query-input":{"@type":"PropertyValueSpecification","valueRequired":true,"valueName":"search_term_string"}}],"inLanguage":"en-GB"},{"@type":"Organization","@id":"https:\/\/boatorna.com\/#organization","name":"BoaTorna","url":"https:\/\/boatorna.com\/","logo":{"@type":"ImageObject","inLanguage":"en-GB","@id":"https:\/\/boatorna.com\/#\/schema\/logo\/image\/","url":"https:\/\/boatorna.com\/wp-content\/uploads\/2026\/04\/Design-sem-nome-3.png","contentUrl":"https:\/\/boatorna.com\/wp-content\/uploads\/2026\/04\/Design-sem-nome-3.png","width":2048,"height":2048,"caption":"BoaTorna"},"image":{"@id":"https:\/\/boatorna.com\/#\/schema\/logo\/image\/"},"sameAs":["https:\/\/www.instagram.com\/boatorna.pt?igsh=MWo0aXRmMmF4cjV2aw&utm_source=qr"]}]}},"_hostinger_reach_plugin_has_subscription_block":false,"_hostinger_reach_plugin_is_elementor":false,"_links":{"self":[{"href":"https:\/\/boatorna.com\/en\/wp-json\/wp\/v2\/pages\/1848","targetHints":{"allow":["GET"]}}],"collection":[{"href":"https:\/\/boatorna.com\/en\/wp-json\/wp\/v2\/pages"}],"about":[{"href":"https:\/\/boatorna.com\/en\/wp-json\/wp\/v2\/types\/page"}],"author":[{"embeddable":true,"href":"https:\/\/boatorna.com\/en\/wp-json\/wp\/v2\/users\/1"}],"replies":[{"embeddable":true,"href":"https:\/\/boatorna.com\/en\/wp-json\/wp\/v2\/comments?post=1848"}],"version-history":[{"count":34,"href":"https:\/\/boatorna.com\/en\/wp-json\/wp\/v2\/pages\/1848\/revisions"}],"predecessor-version":[{"id":1950,"href":"https:\/\/boatorna.com\/en\/wp-json\/wp\/v2\/pages\/1848\/revisions\/1950"}],"wp:attachment":[{"href":"https:\/\/boatorna.com\/en\/wp-json\/wp\/v2\/media?parent=1848"}],"curies":[{"name":"wp","href":"https:\/\/api.w.org\/{rel}","templated":true}]}}