{"id":1893,"date":"2026-04-21T10:11:27","date_gmt":"2026-04-21T10:11:27","guid":{"rendered":"https:\/\/boatorna.com\/?page_id=1893"},"modified":"2026-04-21T11:20:21","modified_gmt":"2026-04-21T11:20:21","slug":"politica-de-privacidade","status":"publish","type":"page","link":"https:\/\/boatorna.com\/en\/politica-de-privacidade\/","title":{"rendered":"Privacy Policy"},"content":{"rendered":"\t\t<div data-elementor-type=\"wp-page\" data-elementor-id=\"1893\" class=\"elementor elementor-1893\">\n\t\t\t\t<div data-aos=\"fade-up\" class=\"hostinger-elementor-aos elementor-element elementor-element-0739aeb e-flex e-con-boxed e-con e-parent\" data-id=\"0739aeb\" data-element_type=\"container\" data-e-type=\"container\">\n\t\t\t\t\t<div class=\"e-con-inner\">\n\t\t\t\t<div class=\"elementor-element elementor-element-d5a2049 elementor-widget elementor-widget-text-editor\" data-id=\"d5a2049\" data-element_type=\"widget\" data-e-type=\"widget\" data-widget_type=\"text-editor.default\">\n\t\t\t\t<div class=\"elementor-widget-container\">\n\t\t\t\t\t\t\t\t\t<div class=\"\" data-turn-id-container=\"request-69e62c33-d2dc-8325-9073-a9d584563afe-24\" data-is-intersecting=\"true\"><section class=\"text-token-text-primary w-full focus:outline-none [--shadow-height:45px] has-data-writing-block:pointer-events-none has-data-writing-block:-mt-(--shadow-height) has-data-writing-block:pt-(--shadow-height) [&amp;:has([data-writing-block])&gt;*]:pointer-events-auto R6Vx5W_threadScrollVars scroll-mb-[calc(var(--scroll-root-safe-area-inset-bottom,0px)+var(--thread-response-height))] scroll-mt-[calc(var(--header-height)+min(200px,max(70px,20svh)))]\" dir=\"auto\" data-turn-id=\"request-69e62c33-d2dc-8325-9073-a9d584563afe-24\" data-testid=\"conversation-turn-92\" data-scroll-anchor=\"false\" data-turn=\"assistant\"><div class=\"text-base my-auto mx-auto pb-10 [--thread-content-margin:var(--thread-content-margin-xs,calc(var(--spacing)*4))] @w-sm\/main:[--thread-content-margin:var(--thread-content-margin-sm,calc(var(--spacing)*6))] @w-lg\/main:[--thread-content-margin:var(--thread-content-margin-lg,calc(var(--spacing)*16))] px-(--thread-content-margin)\"><div class=\"[--thread-content-max-width:40rem] @w-lg\/main:[--thread-content-max-width:48rem] mx-auto max-w-(--thread-content-max-width) flex-1 group\/turn-messages focus-visible:outline-hidden relative flex w-full min-w-0 flex-col agent-turn\"><div class=\"flex max-w-full flex-col gap-4 grow\"><div class=\"min-h-8 text-message relative flex w-full flex-col items-end gap-2 text-start break-words whitespace-normal outline-none keyboard-focused:focus-ring [.text-message+&amp;]:mt-1\" dir=\"auto\" tabindex=\"0\" data-message-author-role=\"assistant\" data-message-id=\"9b1da0bb-5054-409f-8bff-52876b6a05a8\" data-message-model-slug=\"gpt-5-3-mini\" data-turn-start-message=\"true\"><div class=\"flex w-full flex-col gap-1 empty:hidden\"><div class=\"markdown prose dark:prose-invert w-full wrap-break-word dark markdown-new-styling\"><h1 data-section-id=\"1fboqk4\" data-start=\"159\" data-end=\"186\">Pol\u00edtica de Privacidade<\/h1><p data-start=\"187\" data-end=\"228\">\u00daltima atualiza\u00e7\u00e3o: 21 de abril de 2026<\/p><p data-start=\"230\" data-end=\"437\">A sua privacidade \u00e9 importante para n\u00f3s. \u00c9 pol\u00edtica da MANUTA\u2019S UNIPESSOAL LDA respeitar a sua privacidade em rela\u00e7\u00e3o a qualquer informa\u00e7\u00e3o sua que possamos recolher no site BoaTorna (<a class=\"decorated-link\" href=\"https:\/\/boatorna.com\/\" target=\"_blank\" rel=\"noopener\" data-start=\"414\" data-end=\"435\">https:\/\/boatorna.com\/<\/a>).<\/p><h1 data-section-id=\"1a2ebgo\" data-start=\"439\" data-end=\"471\">Identifica\u00e7\u00e3o do respons\u00e1vel<\/h1><h2 data-section-id=\"60un20\" data-start=\"472\" data-end=\"513\">Respons\u00e1vel pelo tratamento de dados<\/h2><p data-start=\"515\" data-end=\"557\">O respons\u00e1vel pelo tratamento dos dados \u00e9:<\/p><p data-start=\"559\" data-end=\"739\">MANUTA\u2019S UNIPESSOAL LDA<br data-start=\"582\" data-end=\"585\" \/>NIF\/NIPC: 518731863<br data-start=\"604\" data-end=\"607\" \/>Morada: Rua Nossa Senhora da Sa\u00fade, n\u00ba 71, 4470-368 Maia, Portugal<br data-start=\"673\" data-end=\"676\" \/>Email: <a class=\"decorated-link\" href=\"mailto:geral.manutas@gmail.com\" rel=\"noopener\" data-start=\"683\" data-end=\"706\">geral.manutas@gmail.com<\/a><br data-start=\"706\" data-end=\"709\" \/>Telefone: (+351) 910 601 153<\/p><h1 data-section-id=\"1l7dpch\" data-start=\"741\" data-end=\"765\">Que dados recolhemos<\/h1><h2 data-section-id=\"jdysyx\" data-start=\"766\" data-end=\"794\">Tipos de dados pessoais<\/h2><p data-start=\"796\" data-end=\"841\">Podemos recolher os seguintes dados pessoais:<\/p><p data-start=\"843\" data-end=\"940\">Nome<br data-start=\"847\" data-end=\"850\" \/>Email<br data-start=\"855\" data-end=\"858\" \/>Contacto telef\u00f3nico (caso fornecido)<br data-start=\"894\" data-end=\"897\" \/>Mensagens enviadas atrav\u00e9s de formul\u00e1rios<\/p><h1 data-section-id=\"3xx0m8\" data-start=\"942\" data-end=\"976\">Finalidade da recolha de dados<\/h1><h2 data-section-id=\"12sau5t\" data-start=\"977\" data-end=\"1006\">Para que usamos os dados<\/h2><p data-start=\"1008\" data-end=\"1037\">Os dados s\u00e3o recolhidos para:<\/p><p data-start=\"1039\" data-end=\"1168\">Responder a pedidos de contacto<br data-start=\"1070\" data-end=\"1073\" \/>Prestar suporte ao cliente<br data-start=\"1099\" data-end=\"1102\" \/>Processar pedidos realizados no site<br data-start=\"1138\" data-end=\"1141\" \/>Cumprir obriga\u00e7\u00f5es legais<\/p><h1 data-section-id=\"1susils\" data-start=\"1170\" data-end=\"1191\">Base legal (RGPD)<\/h1><h2 data-section-id=\"1gfd4lg\" data-start=\"1192\" data-end=\"1221\">Fundamento do tratamento<\/h2><p data-start=\"1223\" data-end=\"1270\">O tratamento dos dados \u00e9 realizado com base em:<\/p><p data-start=\"1272\" data-end=\"1390\">Consentimento do utilizador<br data-start=\"1299\" data-end=\"1302\" \/>Execu\u00e7\u00e3o de contrato ou dilig\u00eancias pr\u00e9-contratuais<br data-start=\"1353\" data-end=\"1356\" \/>Cumprimento de obriga\u00e7\u00f5es legais<\/p><p data-start=\"1392\" data-end=\"1537\">O tratamento dos dados pessoais \u00e9 realizado em conformidade com o Regulamento (UE) 2016\/679 (Regulamento Geral sobre a Prote\u00e7\u00e3o de Dados \u2013 RGPD).<\/p><h1 data-section-id=\"xjr21l\" data-start=\"1539\" data-end=\"1564\">Conserva\u00e7\u00e3o dos dados<\/h1><h2 data-section-id=\"htcjh1\" data-start=\"1565\" data-end=\"1592\">Tempo de armazenamento<\/h2><p data-start=\"1594\" data-end=\"1718\">Os dados pessoais s\u00e3o conservados apenas pelo per\u00edodo necess\u00e1rio para cumprir as finalidades descritas ou obriga\u00e7\u00f5es legais.<\/p><h1 data-section-id=\"bpweox\" data-start=\"1720\" data-end=\"1741\">Partilha de dados<\/h1><h2 data-section-id=\"ifersg\" data-start=\"1742\" data-end=\"1784\">Quando os dados podem ser partilhados<\/h2><p data-start=\"1786\" data-end=\"1839\">N\u00e3o partilhamos dados pessoais com terceiros, exceto:<\/p><p data-start=\"1841\" data-end=\"1916\">Quando exigido por lei<br data-start=\"1863\" data-end=\"1866\" \/>Para cumprimento de obriga\u00e7\u00f5es legais ou fiscais<\/p><h1 data-section-id=\"xamamp\" data-start=\"1918\" data-end=\"1929\">Cookies<\/h1><h2 data-section-id=\"1641q26\" data-start=\"1930\" data-end=\"1956\">Utiliza\u00e7\u00e3o de cookies<\/h2><p data-start=\"1958\" data-end=\"1986\">O site utiliza cookies para:<\/p><p data-start=\"1988\" data-end=\"2104\">Melhorar a experi\u00eancia do utilizador<br data-start=\"2024\" data-end=\"2027\" \/>Analisar tr\u00e1fego do site (caso aplic\u00e1vel)<br data-start=\"2068\" data-end=\"2071\" \/>Funcionamento b\u00e1sico do website<\/p><p data-start=\"2106\" data-end=\"2174\">O utilizador pode desativar cookies nas defini\u00e7\u00f5es do seu navegador.<\/p><h1 data-section-id=\"7vjm61\" data-start=\"2176\" data-end=\"2209\">Direitos do utilizador (RGPD)<\/h1><h2 data-section-id=\"1cbxta8\" data-start=\"2210\" data-end=\"2234\">Direitos garantidos<\/h2><p data-start=\"2236\" data-end=\"2263\">O utilizador tem direito a:<\/p><p data-start=\"2265\" data-end=\"2436\">Aceder aos seus dados pessoais<br data-start=\"2295\" data-end=\"2298\" \/>Corrigir dados incorretos<br data-start=\"2323\" data-end=\"2326\" \/>Solicitar elimina\u00e7\u00e3o dos dados<br data-start=\"2356\" data-end=\"2359\" \/>Limitar ou opor-se ao tratamento<br data-start=\"2391\" data-end=\"2394\" \/>Retirar consentimento a qualquer momento<\/p><p data-start=\"2438\" data-end=\"2512\">Para exercer estes direitos, contacte-nos atrav\u00e9s do email acima indicado.<\/p><h1 data-section-id=\"hf0lcs\" data-start=\"2514\" data-end=\"2537\">Seguran\u00e7a dos dados<\/h1><h2 data-section-id=\"gqypik\" data-start=\"2538\" data-end=\"2565\">Prote\u00e7\u00e3o da informa\u00e7\u00e3o<\/h2><p data-start=\"2567\" data-end=\"2704\">Aplicamos medidas t\u00e9cnicas e organizativas adequadas para proteger os dados pessoais contra perda, acesso n\u00e3o autorizado ou uso indevido.<\/p><h1 data-section-id=\"1p0pdbt\" data-start=\"2706\" data-end=\"2724\">Links externos<\/h1><h2 data-section-id=\"1o0zpzy\" data-start=\"2725\" data-end=\"2748\">Sites de terceiros<\/h2><p data-start=\"2750\" data-end=\"2861\">O nosso site pode conter links para sites externos. N\u00e3o somos respons\u00e1veis pelas suas pol\u00edticas de privacidade.<\/p><h1 data-section-id=\"xl6mmm\" data-start=\"2863\" data-end=\"2893\">Altera\u00e7\u00f5es a esta pol\u00edtica<\/h1><h2 data-section-id=\"1k1nrmm\" data-start=\"2894\" data-end=\"2911\">Atualiza\u00e7\u00f5es<\/h2><p data-start=\"2913\" data-end=\"2998\">Reservamo-nos o direito de atualizar esta Pol\u00edtica de Privacidade a qualquer momento.<\/p><h1 data-section-id=\"l0mvt5\" data-start=\"3000\" data-end=\"3012\">Contacto<\/h1><h2 data-section-id=\"r42lkn\" data-start=\"3013\" data-end=\"3031\">Fale connosco<\/h2><p data-start=\"3033\" data-end=\"3083\">Para qualquer quest\u00e3o relacionada com privacidade:<\/p><p data-start=\"3085\" data-end=\"3171\"><a class=\"decorated-link\" href=\"mailto:geral.manutas@gmail.com\" rel=\"noopener\" data-start=\"3085\" data-end=\"3108\">geral.manutas@gmail.com<\/a><br data-start=\"3108\" data-end=\"3111\" \/>Rua Nossa Senhora da Sa\u00fade, n\u00ba 71, 4470-368 Maia, Portugal<\/p><h1 data-section-id=\"1x94qo9\" data-start=\"3173\" data-end=\"3205\">Direito de reclama\u00e7\u00e3o (CNPD)<\/h1><p data-start=\"3207\" data-end=\"3379\" data-is-last-node=\"\" data-is-only-node=\"\">O utilizador tem o direito de apresentar reclama\u00e7\u00e3o junto da Comiss\u00e3o Nacional de Prote\u00e7\u00e3o de Dados (CNPD), caso considere que os seus direitos n\u00e3o est\u00e3o a ser respeitados.<\/p><\/div><\/div><\/div><\/div><\/div><\/div><\/section><\/div>\t\t\t\t\t\t\t\t<\/div>\n\t\t\t\t<\/div>\n\t\t\t\t\t<\/div>\n\t\t\t\t<\/div>\n\t\t\t\t<\/div>\n\t\t","protected":false},"excerpt":{"rendered":"<p>Pol\u00edtica de Privacidade \u00daltima atualiza\u00e7\u00e3o: 21 de abril de 2026 A sua privacidade \u00e9 importante para n\u00f3s. \u00c9 pol\u00edtica da MANUTA\u2019S UNIPESSOAL LDA respeitar a sua privacidade em rela\u00e7\u00e3o a qualquer informa\u00e7\u00e3o sua que possamos recolher no site BoaTorna (https:\/\/boatorna.com\/). Identifica\u00e7\u00e3o do respons\u00e1vel Respons\u00e1vel pelo tratamento de dados O respons\u00e1vel pelo tratamento dos dados \u00e9: [&hellip;]<\/p>\n","protected":false},"author":1,"featured_media":0,"parent":0,"menu_order":0,"comment_status":"closed","ping_status":"closed","template":"","meta":{"footnotes":""},"class_list":["post-1893","page","type-page","status-publish","hentry"],"yoast_head":"<!-- This site is optimized with the Yoast SEO plugin v27.5 - https:\/\/yoast.com\/product\/yoast-seo-wordpress\/ -->\n<title>Pol\u00edtica de Privacidade - BoaTorna<\/title>\n<meta name=\"robots\" content=\"index, follow, max-snippet:-1, max-image-preview:large, max-video-preview:-1\" \/>\n<link rel=\"canonical\" href=\"https:\/\/boatorna.com\/en\/politica-de-privacidade\/\" \/>\n<meta property=\"og:locale\" content=\"en_GB\" \/>\n<meta property=\"og:type\" content=\"article\" \/>\n<meta property=\"og:title\" content=\"Pol\u00edtica de Privacidade - BoaTorna\" \/>\n<meta property=\"og:description\" content=\"Pol\u00edtica de Privacidade \u00daltima atualiza\u00e7\u00e3o: 21 de abril de 2026 A sua privacidade \u00e9 importante para n\u00f3s. \u00c9 pol\u00edtica da MANUTA\u2019S UNIPESSOAL LDA respeitar a sua privacidade em rela\u00e7\u00e3o a qualquer informa\u00e7\u00e3o sua que possamos recolher no site BoaTorna (https:\/\/boatorna.com\/). Identifica\u00e7\u00e3o do respons\u00e1vel Respons\u00e1vel pelo tratamento de dados O respons\u00e1vel pelo tratamento dos dados \u00e9: [&hellip;]\" \/>\n<meta property=\"og:url\" content=\"https:\/\/boatorna.com\/en\/politica-de-privacidade\/\" \/>\n<meta property=\"og:site_name\" content=\"BoaTorna\" \/>\n<meta property=\"article:modified_time\" content=\"2026-04-21T11:20:21+00:00\" \/>\n<meta property=\"og:image\" content=\"https:\/\/boatorna.com\/wp-content\/uploads\/2026\/03\/BOATORNA_logo-verde-escuro-vertical-1-e1775134899479.png\" \/>\n\t<meta property=\"og:image:width\" content=\"180\" \/>\n\t<meta property=\"og:image:height\" content=\"55\" \/>\n\t<meta property=\"og:image:type\" content=\"image\/png\" \/>\n<meta name=\"twitter:card\" content=\"summary_large_image\" \/>\n<meta name=\"twitter:label1\" content=\"Estimated reading time\" \/>\n\t<meta name=\"twitter:data1\" content=\"3 minutes\" \/>\n<script type=\"application\/ld+json\" class=\"yoast-schema-graph\">{\"@context\":\"https:\\\/\\\/schema.org\",\"@graph\":[{\"@type\":\"WebPage\",\"@id\":\"https:\\\/\\\/boatorna.com\\\/politica-de-privacidade\\\/\",\"url\":\"https:\\\/\\\/boatorna.com\\\/politica-de-privacidade\\\/\",\"name\":\"Pol\u00edtica de Privacidade - BoaTorna\",\"isPartOf\":{\"@id\":\"https:\\\/\\\/boatorna.com\\\/#website\"},\"datePublished\":\"2026-04-21T10:11:27+00:00\",\"dateModified\":\"2026-04-21T11:20:21+00:00\",\"breadcrumb\":{\"@id\":\"https:\\\/\\\/boatorna.com\\\/politica-de-privacidade\\\/#breadcrumb\"},\"inLanguage\":\"en-GB\",\"potentialAction\":[{\"@type\":\"ReadAction\",\"target\":[\"https:\\\/\\\/boatorna.com\\\/politica-de-privacidade\\\/\"]}]},{\"@type\":\"BreadcrumbList\",\"@id\":\"https:\\\/\\\/boatorna.com\\\/politica-de-privacidade\\\/#breadcrumb\",\"itemListElement\":[{\"@type\":\"ListItem\",\"position\":1,\"name\":\"In\u00edcio\",\"item\":\"https:\\\/\\\/boatorna.com\\\/\"},{\"@type\":\"ListItem\",\"position\":2,\"name\":\"Pol\u00edtica de Privacidade\"}]},{\"@type\":\"WebSite\",\"@id\":\"https:\\\/\\\/boatorna.com\\\/#website\",\"url\":\"https:\\\/\\\/boatorna.com\\\/\",\"name\":\"BoaTorna\",\"description\":\"Loja online de decora\u00e7\u00e3o, com pe\u00e7as \u00fanicas para quem valoriza estilo e eleg\u00e2ncia. Descubra a BoaTorna e transforme a sua casa com bom gosto.\",\"publisher\":{\"@id\":\"https:\\\/\\\/boatorna.com\\\/#organization\"},\"potentialAction\":[{\"@type\":\"SearchAction\",\"target\":{\"@type\":\"EntryPoint\",\"urlTemplate\":\"https:\\\/\\\/boatorna.com\\\/?s={search_term_string}\"},\"query-input\":{\"@type\":\"PropertyValueSpecification\",\"valueRequired\":true,\"valueName\":\"search_term_string\"}}],\"inLanguage\":\"en-GB\"},{\"@type\":\"Organization\",\"@id\":\"https:\\\/\\\/boatorna.com\\\/#organization\",\"name\":\"BoaTorna\",\"url\":\"https:\\\/\\\/boatorna.com\\\/\",\"logo\":{\"@type\":\"ImageObject\",\"inLanguage\":\"en-GB\",\"@id\":\"https:\\\/\\\/boatorna.com\\\/#\\\/schema\\\/logo\\\/image\\\/\",\"url\":\"https:\\\/\\\/boatorna.com\\\/wp-content\\\/uploads\\\/2026\\\/04\\\/Design-sem-nome-3.png\",\"contentUrl\":\"https:\\\/\\\/boatorna.com\\\/wp-content\\\/uploads\\\/2026\\\/04\\\/Design-sem-nome-3.png\",\"width\":2048,\"height\":2048,\"caption\":\"BoaTorna\"},\"image\":{\"@id\":\"https:\\\/\\\/boatorna.com\\\/#\\\/schema\\\/logo\\\/image\\\/\"},\"sameAs\":[\"https:\\\/\\\/www.instagram.com\\\/boatorna.pt?igsh=MWo0aXRmMmF4cjV2aw&utm_source=qr\"]}]}<\/script>\n<!-- \/ Yoast SEO plugin. -->","yoast_head_json":{"title":"Pol\u00edtica de Privacidade - BoaTorna","robots":{"index":"index","follow":"follow","max-snippet":"max-snippet:-1","max-image-preview":"max-image-preview:large","max-video-preview":"max-video-preview:-1"},"canonical":"https:\/\/boatorna.com\/en\/politica-de-privacidade\/","og_locale":"en_GB","og_type":"article","og_title":"Pol\u00edtica de Privacidade - BoaTorna","og_description":"Pol\u00edtica de Privacidade \u00daltima atualiza\u00e7\u00e3o: 21 de abril de 2026 A sua privacidade \u00e9 importante para n\u00f3s. \u00c9 pol\u00edtica da MANUTA\u2019S UNIPESSOAL LDA respeitar a sua privacidade em rela\u00e7\u00e3o a qualquer informa\u00e7\u00e3o sua que possamos recolher no site BoaTorna (https:\/\/boatorna.com\/). Identifica\u00e7\u00e3o do respons\u00e1vel Respons\u00e1vel pelo tratamento de dados O respons\u00e1vel pelo tratamento dos dados \u00e9: [&hellip;]","og_url":"https:\/\/boatorna.com\/en\/politica-de-privacidade\/","og_site_name":"BoaTorna","article_modified_time":"2026-04-21T11:20:21+00:00","og_image":[{"width":180,"height":55,"url":"https:\/\/boatorna.com\/wp-content\/uploads\/2026\/03\/BOATORNA_logo-verde-escuro-vertical-1-e1775134899479.png","type":"image\/png"}],"twitter_card":"summary_large_image","twitter_misc":{"Estimated reading time":"3 minutes"},"schema":{"@context":"https:\/\/schema.org","@graph":[{"@type":"WebPage","@id":"https:\/\/boatorna.com\/politica-de-privacidade\/","url":"https:\/\/boatorna.com\/politica-de-privacidade\/","name":"Pol\u00edtica de Privacidade - BoaTorna","isPartOf":{"@id":"https:\/\/boatorna.com\/#website"},"datePublished":"2026-04-21T10:11:27+00:00","dateModified":"2026-04-21T11:20:21+00:00","breadcrumb":{"@id":"https:\/\/boatorna.com\/politica-de-privacidade\/#breadcrumb"},"inLanguage":"en-GB","potentialAction":[{"@type":"ReadAction","target":["https:\/\/boatorna.com\/politica-de-privacidade\/"]}]},{"@type":"BreadcrumbList","@id":"https:\/\/boatorna.com\/politica-de-privacidade\/#breadcrumb","itemListElement":[{"@type":"ListItem","position":1,"name":"In\u00edcio","item":"https:\/\/boatorna.com\/"},{"@type":"ListItem","position":2,"name":"Pol\u00edtica de Privacidade"}]},{"@type":"WebSite","@id":"https:\/\/boatorna.com\/#website","url":"https:\/\/boatorna.com\/","name":"BoaTorna","description":"Loja online de decora\u00e7\u00e3o, com pe\u00e7as \u00fanicas para quem valoriza estilo e eleg\u00e2ncia. Descubra a BoaTorna e transforme a sua casa com bom gosto.","publisher":{"@id":"https:\/\/boatorna.com\/#organization"},"potentialAction":[{"@type":"SearchAction","target":{"@type":"EntryPoint","urlTemplate":"https:\/\/boatorna.com\/?s={search_term_string}"},"query-input":{"@type":"PropertyValueSpecification","valueRequired":true,"valueName":"search_term_string"}}],"inLanguage":"en-GB"},{"@type":"Organization","@id":"https:\/\/boatorna.com\/#organization","name":"BoaTorna","url":"https:\/\/boatorna.com\/","logo":{"@type":"ImageObject","inLanguage":"en-GB","@id":"https:\/\/boatorna.com\/#\/schema\/logo\/image\/","url":"https:\/\/boatorna.com\/wp-content\/uploads\/2026\/04\/Design-sem-nome-3.png","contentUrl":"https:\/\/boatorna.com\/wp-content\/uploads\/2026\/04\/Design-sem-nome-3.png","width":2048,"height":2048,"caption":"BoaTorna"},"image":{"@id":"https:\/\/boatorna.com\/#\/schema\/logo\/image\/"},"sameAs":["https:\/\/www.instagram.com\/boatorna.pt?igsh=MWo0aXRmMmF4cjV2aw&utm_source=qr"]}]}},"_hostinger_reach_plugin_has_subscription_block":false,"_hostinger_reach_plugin_is_elementor":false,"_links":{"self":[{"href":"https:\/\/boatorna.com\/en\/wp-json\/wp\/v2\/pages\/1893","targetHints":{"allow":["GET"]}}],"collection":[{"href":"https:\/\/boatorna.com\/en\/wp-json\/wp\/v2\/pages"}],"about":[{"href":"https:\/\/boatorna.com\/en\/wp-json\/wp\/v2\/types\/page"}],"author":[{"embeddable":true,"href":"https:\/\/boatorna.com\/en\/wp-json\/wp\/v2\/users\/1"}],"replies":[{"embeddable":true,"href":"https:\/\/boatorna.com\/en\/wp-json\/wp\/v2\/comments?post=1893"}],"version-history":[{"count":10,"href":"https:\/\/boatorna.com\/en\/wp-json\/wp\/v2\/pages\/1893\/revisions"}],"predecessor-version":[{"id":1953,"href":"https:\/\/boatorna.com\/en\/wp-json\/wp\/v2\/pages\/1893\/revisions\/1953"}],"wp:attachment":[{"href":"https:\/\/boatorna.com\/en\/wp-json\/wp\/v2\/media?parent=1893"}],"curies":[{"name":"wp","href":"https:\/\/api.w.org\/{rel}","templated":true}]}}