{"id":1924,"date":"2026-04-21T10:57:24","date_gmt":"2026-04-21T10:57:24","guid":{"rendered":"https:\/\/boatorna.com\/?page_id=1924"},"modified":"2026-04-24T11:07:39","modified_gmt":"2026-04-24T11:07:39","slug":"envios-e-entregas","status":"publish","type":"page","link":"https:\/\/boatorna.com\/en\/envios-e-entregas\/","title":{"rendered":"Shipping and Delivery"},"content":{"rendered":"<div data-elementor-type=\"wp-page\" data-elementor-id=\"1924\" class=\"elementor elementor-1924\">\n\t\t\t\t<div data-aos=\"fade-up\" class=\"hostinger-elementor-aos elementor-element elementor-element-0467704 e-flex e-con-boxed e-con e-parent\" data-id=\"0467704\" data-element_type=\"container\" data-e-type=\"container\">\n\t\t\t\t\t<div class=\"e-con-inner\">\n\t\t\t\t<div class=\"elementor-element elementor-element-25a52c1 elementor-widget elementor-widget-text-editor\" data-id=\"25a52c1\" data-element_type=\"widget\" data-e-type=\"widget\" data-widget_type=\"text-editor.default\">\n\t\t\t\t<div class=\"elementor-widget-container\">\n\t\t\t\t\t\t\t\t\t<h1>Shipping and Delivery<\/h1><p>Os pedidos realizados no site BoaTorna <a href=\"https:\/\/boatorna.com\/en\/\" target=\"_blank\" rel=\"noopener\">https:\/\/boatorna.com<\/a> s\u00e3o processados ap\u00f3s confirma\u00e7\u00e3o de pagamento. O tempo de processamento das encomendas \u00e9 de 1 a 2 dias \u00fateis. Ap\u00f3s o envio, os prazos estimados de entrega s\u00e3o os seguintes: para Portugal Continental entre 2 a 5 dias \u00fateis, para as Ilhas (A\u00e7ores e Madeira) entre 5 a 10 dias \u00fateis e para envios internacionais entre 7 a 15 dias \u00fateis, dependendo do destino. Os prazos apresentados s\u00e3o estimativos e podem variar devido a fatores externos, tais como per\u00edodos de grande volume de encomendas, atrasos das transportadoras ou situa\u00e7\u00f5es imprevistas. As entregas s\u00e3o efetuadas atrav\u00e9s de transportadoras parceiras ou servi\u00e7os postais. Sempre que aplic\u00e1vel, ser\u00e1 disponibilizado ao cliente um c\u00f3digo de rastreamento (tracking) para acompanhamento da encomenda. Caso ocorra algum atraso significativo na entrega, o cliente poder\u00e1 entrar em contacto atrav\u00e9s do email <a href=\"mailto:geral.manutas@gmail.com\">geral.manutas@gmail.com<\/a><\/p>\t\t\t\t\t\t\t\t<\/div>\n\t\t\t\t<\/div>\n\t\t\t\t\t<\/div>\n\t\t\t\t<\/div>\n\t\t\t\t<\/div>","protected":false},"excerpt":{"rendered":"<p>Envios e Entregas Os pedidos realizados no site BoaTorna https:\/\/boatorna.com s\u00e3o processados ap\u00f3s confirma\u00e7\u00e3o de pagamento. O tempo de processamento das encomendas \u00e9 de 1 a 2 dias \u00fateis. Ap\u00f3s o envio, os prazos estimados de entrega s\u00e3o os seguintes: para Portugal Continental entre 2 a 5 dias \u00fateis, para as Ilhas (A\u00e7ores e Madeira) [&hellip;]<\/p>\n","protected":false},"author":1,"featured_media":0,"parent":0,"menu_order":0,"comment_status":"closed","ping_status":"closed","template":"","meta":{"footnotes":""},"class_list":["post-1924","page","type-page","status-publish","hentry"],"yoast_head":"<!-- This site is optimized with the Yoast SEO plugin v27.5 - https:\/\/yoast.com\/product\/yoast-seo-wordpress\/ -->\n<title>Envios e Entregas - BoaTorna<\/title>\n<meta name=\"robots\" content=\"index, follow, max-snippet:-1, max-image-preview:large, max-video-preview:-1\" \/>\n<link rel=\"canonical\" href=\"https:\/\/boatorna.com\/en\/envios-e-entregas\/\" \/>\n<meta property=\"og:locale\" content=\"en_GB\" \/>\n<meta property=\"og:type\" content=\"article\" \/>\n<meta property=\"og:title\" content=\"Envios e Entregas - BoaTorna\" \/>\n<meta property=\"og:description\" content=\"Envios e Entregas Os pedidos realizados no site BoaTorna https:\/\/boatorna.com s\u00e3o processados ap\u00f3s confirma\u00e7\u00e3o de pagamento. O tempo de processamento das encomendas \u00e9 de 1 a 2 dias \u00fateis. Ap\u00f3s o envio, os prazos estimados de entrega s\u00e3o os seguintes: para Portugal Continental entre 2 a 5 dias \u00fateis, para as Ilhas (A\u00e7ores e Madeira) [&hellip;]\" \/>\n<meta property=\"og:url\" content=\"https:\/\/boatorna.com\/en\/envios-e-entregas\/\" \/>\n<meta property=\"og:site_name\" content=\"BoaTorna\" \/>\n<meta property=\"article:modified_time\" content=\"2026-04-24T11:07:39+00:00\" \/>\n<meta property=\"og:image\" content=\"https:\/\/boatorna.com\/wp-content\/uploads\/2026\/03\/BOATORNA_logo-verde-escuro-vertical-1-e1775134899479.png\" \/>\n\t<meta property=\"og:image:width\" content=\"180\" \/>\n\t<meta property=\"og:image:height\" content=\"55\" \/>\n\t<meta property=\"og:image:type\" content=\"image\/png\" \/>\n<meta name=\"twitter:card\" content=\"summary_large_image\" \/>\n<meta name=\"twitter:label1\" content=\"Estimated reading time\" \/>\n\t<meta name=\"twitter:data1\" content=\"1 minute\" \/>\n<script type=\"application\/ld+json\" class=\"yoast-schema-graph\">{\"@context\":\"https:\\\/\\\/schema.org\",\"@graph\":[{\"@type\":\"WebPage\",\"@id\":\"https:\\\/\\\/boatorna.com\\\/envios-e-entregas\\\/\",\"url\":\"https:\\\/\\\/boatorna.com\\\/envios-e-entregas\\\/\",\"name\":\"Envios e Entregas - BoaTorna\",\"isPartOf\":{\"@id\":\"https:\\\/\\\/boatorna.com\\\/#website\"},\"datePublished\":\"2026-04-21T10:57:24+00:00\",\"dateModified\":\"2026-04-24T11:07:39+00:00\",\"breadcrumb\":{\"@id\":\"https:\\\/\\\/boatorna.com\\\/envios-e-entregas\\\/#breadcrumb\"},\"inLanguage\":\"en-GB\",\"potentialAction\":[{\"@type\":\"ReadAction\",\"target\":[\"https:\\\/\\\/boatorna.com\\\/envios-e-entregas\\\/\"]}]},{\"@type\":\"BreadcrumbList\",\"@id\":\"https:\\\/\\\/boatorna.com\\\/envios-e-entregas\\\/#breadcrumb\",\"itemListElement\":[{\"@type\":\"ListItem\",\"position\":1,\"name\":\"In\u00edcio\",\"item\":\"https:\\\/\\\/boatorna.com\\\/\"},{\"@type\":\"ListItem\",\"position\":2,\"name\":\"Envios e Entregas\"}]},{\"@type\":\"WebSite\",\"@id\":\"https:\\\/\\\/boatorna.com\\\/#website\",\"url\":\"https:\\\/\\\/boatorna.com\\\/\",\"name\":\"BoaTorna\",\"description\":\"Loja online de decora\u00e7\u00e3o, com pe\u00e7as \u00fanicas para quem valoriza estilo e eleg\u00e2ncia. Descubra a BoaTorna e transforme a sua casa com bom gosto.\",\"publisher\":{\"@id\":\"https:\\\/\\\/boatorna.com\\\/#organization\"},\"potentialAction\":[{\"@type\":\"SearchAction\",\"target\":{\"@type\":\"EntryPoint\",\"urlTemplate\":\"https:\\\/\\\/boatorna.com\\\/?s={search_term_string}\"},\"query-input\":{\"@type\":\"PropertyValueSpecification\",\"valueRequired\":true,\"valueName\":\"search_term_string\"}}],\"inLanguage\":\"en-GB\"},{\"@type\":\"Organization\",\"@id\":\"https:\\\/\\\/boatorna.com\\\/#organization\",\"name\":\"BoaTorna\",\"url\":\"https:\\\/\\\/boatorna.com\\\/\",\"logo\":{\"@type\":\"ImageObject\",\"inLanguage\":\"en-GB\",\"@id\":\"https:\\\/\\\/boatorna.com\\\/#\\\/schema\\\/logo\\\/image\\\/\",\"url\":\"https:\\\/\\\/boatorna.com\\\/wp-content\\\/uploads\\\/2026\\\/04\\\/Design-sem-nome-3.png\",\"contentUrl\":\"https:\\\/\\\/boatorna.com\\\/wp-content\\\/uploads\\\/2026\\\/04\\\/Design-sem-nome-3.png\",\"width\":2048,\"height\":2048,\"caption\":\"BoaTorna\"},\"image\":{\"@id\":\"https:\\\/\\\/boatorna.com\\\/#\\\/schema\\\/logo\\\/image\\\/\"},\"sameAs\":[\"https:\\\/\\\/www.instagram.com\\\/boatorna.pt?igsh=MWo0aXRmMmF4cjV2aw&utm_source=qr\"]}]}<\/script>\n<!-- \/ Yoast SEO plugin. -->","yoast_head_json":{"title":"Envios e Entregas - BoaTorna","robots":{"index":"index","follow":"follow","max-snippet":"max-snippet:-1","max-image-preview":"max-image-preview:large","max-video-preview":"max-video-preview:-1"},"canonical":"https:\/\/boatorna.com\/en\/envios-e-entregas\/","og_locale":"en_GB","og_type":"article","og_title":"Envios e Entregas - BoaTorna","og_description":"Envios e Entregas Os pedidos realizados no site BoaTorna https:\/\/boatorna.com s\u00e3o processados ap\u00f3s confirma\u00e7\u00e3o de pagamento. O tempo de processamento das encomendas \u00e9 de 1 a 2 dias \u00fateis. Ap\u00f3s o envio, os prazos estimados de entrega s\u00e3o os seguintes: para Portugal Continental entre 2 a 5 dias \u00fateis, para as Ilhas (A\u00e7ores e Madeira) [&hellip;]","og_url":"https:\/\/boatorna.com\/en\/envios-e-entregas\/","og_site_name":"BoaTorna","article_modified_time":"2026-04-24T11:07:39+00:00","og_image":[{"width":180,"height":55,"url":"https:\/\/boatorna.com\/wp-content\/uploads\/2026\/03\/BOATORNA_logo-verde-escuro-vertical-1-e1775134899479.png","type":"image\/png"}],"twitter_card":"summary_large_image","twitter_misc":{"Estimated reading time":"1 minute"},"schema":{"@context":"https:\/\/schema.org","@graph":[{"@type":"WebPage","@id":"https:\/\/boatorna.com\/envios-e-entregas\/","url":"https:\/\/boatorna.com\/envios-e-entregas\/","name":"Envios e Entregas - BoaTorna","isPartOf":{"@id":"https:\/\/boatorna.com\/#website"},"datePublished":"2026-04-21T10:57:24+00:00","dateModified":"2026-04-24T11:07:39+00:00","breadcrumb":{"@id":"https:\/\/boatorna.com\/envios-e-entregas\/#breadcrumb"},"inLanguage":"en-GB","potentialAction":[{"@type":"ReadAction","target":["https:\/\/boatorna.com\/envios-e-entregas\/"]}]},{"@type":"BreadcrumbList","@id":"https:\/\/boatorna.com\/envios-e-entregas\/#breadcrumb","itemListElement":[{"@type":"ListItem","position":1,"name":"In\u00edcio","item":"https:\/\/boatorna.com\/"},{"@type":"ListItem","position":2,"name":"Envios e Entregas"}]},{"@type":"WebSite","@id":"https:\/\/boatorna.com\/#website","url":"https:\/\/boatorna.com\/","name":"BoaTorna","description":"Loja online de decora\u00e7\u00e3o, com pe\u00e7as \u00fanicas para quem valoriza estilo e eleg\u00e2ncia. Descubra a BoaTorna e transforme a sua casa com bom gosto.","publisher":{"@id":"https:\/\/boatorna.com\/#organization"},"potentialAction":[{"@type":"SearchAction","target":{"@type":"EntryPoint","urlTemplate":"https:\/\/boatorna.com\/?s={search_term_string}"},"query-input":{"@type":"PropertyValueSpecification","valueRequired":true,"valueName":"search_term_string"}}],"inLanguage":"en-GB"},{"@type":"Organization","@id":"https:\/\/boatorna.com\/#organization","name":"BoaTorna","url":"https:\/\/boatorna.com\/","logo":{"@type":"ImageObject","inLanguage":"en-GB","@id":"https:\/\/boatorna.com\/#\/schema\/logo\/image\/","url":"https:\/\/boatorna.com\/wp-content\/uploads\/2026\/04\/Design-sem-nome-3.png","contentUrl":"https:\/\/boatorna.com\/wp-content\/uploads\/2026\/04\/Design-sem-nome-3.png","width":2048,"height":2048,"caption":"BoaTorna"},"image":{"@id":"https:\/\/boatorna.com\/#\/schema\/logo\/image\/"},"sameAs":["https:\/\/www.instagram.com\/boatorna.pt?igsh=MWo0aXRmMmF4cjV2aw&utm_source=qr"]}]}},"_hostinger_reach_plugin_has_subscription_block":false,"_hostinger_reach_plugin_is_elementor":false,"_links":{"self":[{"href":"https:\/\/boatorna.com\/en\/wp-json\/wp\/v2\/pages\/1924","targetHints":{"allow":["GET"]}}],"collection":[{"href":"https:\/\/boatorna.com\/en\/wp-json\/wp\/v2\/pages"}],"about":[{"href":"https:\/\/boatorna.com\/en\/wp-json\/wp\/v2\/types\/page"}],"author":[{"embeddable":true,"href":"https:\/\/boatorna.com\/en\/wp-json\/wp\/v2\/users\/1"}],"replies":[{"embeddable":true,"href":"https:\/\/boatorna.com\/en\/wp-json\/wp\/v2\/comments?post=1924"}],"version-history":[{"count":10,"href":"https:\/\/boatorna.com\/en\/wp-json\/wp\/v2\/pages\/1924\/revisions"}],"predecessor-version":[{"id":1978,"href":"https:\/\/boatorna.com\/en\/wp-json\/wp\/v2\/pages\/1924\/revisions\/1978"}],"wp:attachment":[{"href":"https:\/\/boatorna.com\/en\/wp-json\/wp\/v2\/media?parent=1924"}],"curies":[{"name":"wp","href":"https:\/\/api.w.org\/{rel}","templated":true}]}}