{"id":229,"date":"2026-03-20T17:00:24","date_gmt":"2026-03-20T17:00:24","guid":{"rendered":"https:\/\/violet-lapwing-232108.hostingersite.com\/?post_type=product&#038;p=229"},"modified":"2026-04-20T16:36:11","modified_gmt":"2026-04-20T16:36:11","slug":"vaso-de-vidro","status":"publish","type":"product","link":"https:\/\/boatorna.com\/en\/product\/vaso-de-vidro\/","title":{"rendered":"Glassa"},"content":{"rendered":"<p>A complete piece that combines transparency and vitality. The crystal-clear glass reveals the plants\u2019 natural beauty, whilst the greenery creates a composition that enhances any space, bringing sophistication and exclusivity. From the shape of the vase to the arrangement of the plants, every detail is designed to convey balance, harmony and that unique touch that only BoaTorna can provide.<\/p>","protected":false},"excerpt":{"rendered":"<p>A complete piece that combines transparency and vitality. The crystal-clear glass reveals the plants\u2019 natural beauty, whilst the greenery creates a composition that enhances any space, bringing sophistication and exclusivity. From the shape of the vase to the arrangement of the plants, every detail is designed to convey balance, harmony and that unique touch that only BoaTorna can provide.<\/p>","protected":false},"featured_media":1870,"comment_status":"open","ping_status":"closed","template":"","meta":[],"product_brand":[],"product_cat":[40],"product_tag":[],"class_list":{"0":"post-229","1":"product","2":"type-product","3":"status-publish","4":"has-post-thumbnail","6":"product_cat-vasos","8":"first","9":"instock","10":"taxable","11":"shipping-taxable","12":"purchasable","13":"product-type-simple"},"yoast_head":"<!-- This site is optimized with the Yoast SEO plugin v27.5 - https:\/\/yoast.com\/product\/yoast-seo-wordpress\/ -->\n<title>Glassa - BoaTorna<\/title>\n<meta name=\"robots\" content=\"index, follow, max-snippet:-1, max-image-preview:large, max-video-preview:-1\" \/>\n<link rel=\"canonical\" href=\"https:\/\/boatorna.com\/en\/product\/vaso-de-vidro\/\" \/>\n<meta property=\"og:locale\" content=\"en_GB\" \/>\n<meta property=\"og:type\" content=\"article\" \/>\n<meta property=\"og:title\" content=\"Glassa - BoaTorna\" \/>\n<meta property=\"og:description\" content=\"Uma pe\u00e7a completa que combina transpar\u00eancia e vida. O vidro cristalino revela a autenticidade, enquanto as plantas criam uma composi\u00e7\u00e3o que eleva qualquer ambiente, entregando sofistica\u00e7\u00e3o e exclusividade. Desde o formato do vaso at\u00e9 o arranjo das plantas, cada detalhe \u00e9 pensado para transmitir equil\u00edbrio, harmonia e o toque \u00fanico que s\u00f3 a BoaTorna proporciona.\" \/>\n<meta property=\"og:url\" content=\"https:\/\/boatorna.com\/en\/product\/vaso-de-vidro\/\" \/>\n<meta property=\"og:site_name\" content=\"BoaTorna\" \/>\n<meta property=\"article:modified_time\" content=\"2026-04-20T16:36:11+00:00\" \/>\n<meta property=\"og:image\" content=\"https:\/\/boatorna.com\/wp-content\/uploads\/2026\/03\/magic_editTUFISGFCd0tid1EjMSMxOGEyM2I2OGZlOGQxZDYxMWU5NjVlMWI2Zjk0YTM4YiMxMTE4IyNUUkFOU0ZPUk1BVElPTl9SRVFVRVNU.png\" \/>\n\t<meta property=\"og:image:width\" content=\"816\" \/>\n\t<meta property=\"og:image:height\" content=\"1118\" \/>\n\t<meta property=\"og:image:type\" content=\"image\/png\" \/>\n<meta name=\"twitter:card\" content=\"summary_large_image\" \/>\n<meta name=\"twitter:label1\" content=\"Estimated reading time\" \/>\n\t<meta name=\"twitter:data1\" content=\"1 minute\" \/>\n<script type=\"application\/ld+json\" class=\"yoast-schema-graph\">{\"@context\":\"https:\\\/\\\/schema.org\",\"@graph\":[{\"@type\":\"WebPage\",\"@id\":\"https:\\\/\\\/boatorna.com\\\/product\\\/vaso-de-vidro\\\/\",\"url\":\"https:\\\/\\\/boatorna.com\\\/product\\\/vaso-de-vidro\\\/\",\"name\":\"Glassa - BoaTorna\",\"isPartOf\":{\"@id\":\"https:\\\/\\\/boatorna.com\\\/#website\"},\"primaryImageOfPage\":{\"@id\":\"https:\\\/\\\/boatorna.com\\\/product\\\/vaso-de-vidro\\\/#primaryimage\"},\"image\":{\"@id\":\"https:\\\/\\\/boatorna.com\\\/product\\\/vaso-de-vidro\\\/#primaryimage\"},\"thumbnailUrl\":\"https:\\\/\\\/boatorna.com\\\/wp-content\\\/uploads\\\/2026\\\/03\\\/magic_editTUFISGFCd0tid1EjMSMxOGEyM2I2OGZlOGQxZDYxMWU5NjVlMWI2Zjk0YTM4YiMxMTE4IyNUUkFOU0ZPUk1BVElPTl9SRVFVRVNU.png\",\"datePublished\":\"2026-03-20T17:00:24+00:00\",\"dateModified\":\"2026-04-20T16:36:11+00:00\",\"breadcrumb\":{\"@id\":\"https:\\\/\\\/boatorna.com\\\/product\\\/vaso-de-vidro\\\/#breadcrumb\"},\"inLanguage\":\"en-GB\",\"potentialAction\":[{\"@type\":\"ReadAction\",\"target\":[\"https:\\\/\\\/boatorna.com\\\/product\\\/vaso-de-vidro\\\/\"]}]},{\"@type\":\"ImageObject\",\"inLanguage\":\"en-GB\",\"@id\":\"https:\\\/\\\/boatorna.com\\\/product\\\/vaso-de-vidro\\\/#primaryimage\",\"url\":\"https:\\\/\\\/boatorna.com\\\/wp-content\\\/uploads\\\/2026\\\/03\\\/magic_editTUFISGFCd0tid1EjMSMxOGEyM2I2OGZlOGQxZDYxMWU5NjVlMWI2Zjk0YTM4YiMxMTE4IyNUUkFOU0ZPUk1BVElPTl9SRVFVRVNU.png\",\"contentUrl\":\"https:\\\/\\\/boatorna.com\\\/wp-content\\\/uploads\\\/2026\\\/03\\\/magic_editTUFISGFCd0tid1EjMSMxOGEyM2I2OGZlOGQxZDYxMWU5NjVlMWI2Zjk0YTM4YiMxMTE4IyNUUkFOU0ZPUk1BVElPTl9SRVFVRVNU.png\",\"width\":816,\"height\":1118},{\"@type\":\"BreadcrumbList\",\"@id\":\"https:\\\/\\\/boatorna.com\\\/product\\\/vaso-de-vidro\\\/#breadcrumb\",\"itemListElement\":[{\"@type\":\"ListItem\",\"position\":1,\"name\":\"In\u00edcio\",\"item\":\"https:\\\/\\\/boatorna.com\\\/\"},{\"@type\":\"ListItem\",\"position\":2,\"name\":\"Produtos\",\"item\":\"https:\\\/\\\/boatorna.com\\\/shop\\\/\"},{\"@type\":\"ListItem\",\"position\":3,\"name\":\"Glassa\"}]},{\"@type\":\"WebSite\",\"@id\":\"https:\\\/\\\/boatorna.com\\\/#website\",\"url\":\"https:\\\/\\\/boatorna.com\\\/\",\"name\":\"BoaTorna\",\"description\":\"Loja online de decora\u00e7\u00e3o, com pe\u00e7as \u00fanicas para quem valoriza estilo e eleg\u00e2ncia. Descubra a BoaTorna e transforme a sua casa com bom gosto.\",\"publisher\":{\"@id\":\"https:\\\/\\\/boatorna.com\\\/#organization\"},\"potentialAction\":[{\"@type\":\"SearchAction\",\"target\":{\"@type\":\"EntryPoint\",\"urlTemplate\":\"https:\\\/\\\/boatorna.com\\\/?s={search_term_string}\"},\"query-input\":{\"@type\":\"PropertyValueSpecification\",\"valueRequired\":true,\"valueName\":\"search_term_string\"}}],\"inLanguage\":\"en-GB\"},{\"@type\":\"Organization\",\"@id\":\"https:\\\/\\\/boatorna.com\\\/#organization\",\"name\":\"BoaTorna\",\"url\":\"https:\\\/\\\/boatorna.com\\\/\",\"logo\":{\"@type\":\"ImageObject\",\"inLanguage\":\"en-GB\",\"@id\":\"https:\\\/\\\/boatorna.com\\\/#\\\/schema\\\/logo\\\/image\\\/\",\"url\":\"https:\\\/\\\/boatorna.com\\\/wp-content\\\/uploads\\\/2026\\\/04\\\/Design-sem-nome-3.png\",\"contentUrl\":\"https:\\\/\\\/boatorna.com\\\/wp-content\\\/uploads\\\/2026\\\/04\\\/Design-sem-nome-3.png\",\"width\":2048,\"height\":2048,\"caption\":\"BoaTorna\"},\"image\":{\"@id\":\"https:\\\/\\\/boatorna.com\\\/#\\\/schema\\\/logo\\\/image\\\/\"},\"sameAs\":[\"https:\\\/\\\/www.instagram.com\\\/boatorna.pt?igsh=MWo0aXRmMmF4cjV2aw&utm_source=qr\"]}]}<\/script>\n<!-- \/ Yoast SEO plugin. -->","yoast_head_json":{"title":"Glassa - BoaTorna","robots":{"index":"index","follow":"follow","max-snippet":"max-snippet:-1","max-image-preview":"max-image-preview:large","max-video-preview":"max-video-preview:-1"},"canonical":"https:\/\/boatorna.com\/en\/product\/vaso-de-vidro\/","og_locale":"en_GB","og_type":"article","og_title":"Glassa - BoaTorna","og_description":"Uma pe\u00e7a completa que combina transpar\u00eancia e vida. O vidro cristalino revela a autenticidade, enquanto as plantas criam uma composi\u00e7\u00e3o que eleva qualquer ambiente, entregando sofistica\u00e7\u00e3o e exclusividade. Desde o formato do vaso at\u00e9 o arranjo das plantas, cada detalhe \u00e9 pensado para transmitir equil\u00edbrio, harmonia e o toque \u00fanico que s\u00f3 a BoaTorna proporciona.","og_url":"https:\/\/boatorna.com\/en\/product\/vaso-de-vidro\/","og_site_name":"BoaTorna","article_modified_time":"2026-04-20T16:36:11+00:00","og_image":[{"width":816,"height":1118,"url":"https:\/\/boatorna.com\/wp-content\/uploads\/2026\/03\/magic_editTUFISGFCd0tid1EjMSMxOGEyM2I2OGZlOGQxZDYxMWU5NjVlMWI2Zjk0YTM4YiMxMTE4IyNUUkFOU0ZPUk1BVElPTl9SRVFVRVNU.png","type":"image\/png"}],"twitter_card":"summary_large_image","twitter_misc":{"Estimated reading time":"1 minute"},"schema":{"@context":"https:\/\/schema.org","@graph":[{"@type":"WebPage","@id":"https:\/\/boatorna.com\/product\/vaso-de-vidro\/","url":"https:\/\/boatorna.com\/product\/vaso-de-vidro\/","name":"Glassa - BoaTorna","isPartOf":{"@id":"https:\/\/boatorna.com\/#website"},"primaryImageOfPage":{"@id":"https:\/\/boatorna.com\/product\/vaso-de-vidro\/#primaryimage"},"image":{"@id":"https:\/\/boatorna.com\/product\/vaso-de-vidro\/#primaryimage"},"thumbnailUrl":"https:\/\/boatorna.com\/wp-content\/uploads\/2026\/03\/magic_editTUFISGFCd0tid1EjMSMxOGEyM2I2OGZlOGQxZDYxMWU5NjVlMWI2Zjk0YTM4YiMxMTE4IyNUUkFOU0ZPUk1BVElPTl9SRVFVRVNU.png","datePublished":"2026-03-20T17:00:24+00:00","dateModified":"2026-04-20T16:36:11+00:00","breadcrumb":{"@id":"https:\/\/boatorna.com\/product\/vaso-de-vidro\/#breadcrumb"},"inLanguage":"en-GB","potentialAction":[{"@type":"ReadAction","target":["https:\/\/boatorna.com\/product\/vaso-de-vidro\/"]}]},{"@type":"ImageObject","inLanguage":"en-GB","@id":"https:\/\/boatorna.com\/product\/vaso-de-vidro\/#primaryimage","url":"https:\/\/boatorna.com\/wp-content\/uploads\/2026\/03\/magic_editTUFISGFCd0tid1EjMSMxOGEyM2I2OGZlOGQxZDYxMWU5NjVlMWI2Zjk0YTM4YiMxMTE4IyNUUkFOU0ZPUk1BVElPTl9SRVFVRVNU.png","contentUrl":"https:\/\/boatorna.com\/wp-content\/uploads\/2026\/03\/magic_editTUFISGFCd0tid1EjMSMxOGEyM2I2OGZlOGQxZDYxMWU5NjVlMWI2Zjk0YTM4YiMxMTE4IyNUUkFOU0ZPUk1BVElPTl9SRVFVRVNU.png","width":816,"height":1118},{"@type":"BreadcrumbList","@id":"https:\/\/boatorna.com\/product\/vaso-de-vidro\/#breadcrumb","itemListElement":[{"@type":"ListItem","position":1,"name":"In\u00edcio","item":"https:\/\/boatorna.com\/"},{"@type":"ListItem","position":2,"name":"Produtos","item":"https:\/\/boatorna.com\/shop\/"},{"@type":"ListItem","position":3,"name":"Glassa"}]},{"@type":"WebSite","@id":"https:\/\/boatorna.com\/#website","url":"https:\/\/boatorna.com\/","name":"BoaTorna","description":"Loja online de decora\u00e7\u00e3o, com pe\u00e7as \u00fanicas para quem valoriza estilo e eleg\u00e2ncia. Descubra a BoaTorna e transforme a sua casa com bom gosto.","publisher":{"@id":"https:\/\/boatorna.com\/#organization"},"potentialAction":[{"@type":"SearchAction","target":{"@type":"EntryPoint","urlTemplate":"https:\/\/boatorna.com\/?s={search_term_string}"},"query-input":{"@type":"PropertyValueSpecification","valueRequired":true,"valueName":"search_term_string"}}],"inLanguage":"en-GB"},{"@type":"Organization","@id":"https:\/\/boatorna.com\/#organization","name":"BoaTorna","url":"https:\/\/boatorna.com\/","logo":{"@type":"ImageObject","inLanguage":"en-GB","@id":"https:\/\/boatorna.com\/#\/schema\/logo\/image\/","url":"https:\/\/boatorna.com\/wp-content\/uploads\/2026\/04\/Design-sem-nome-3.png","contentUrl":"https:\/\/boatorna.com\/wp-content\/uploads\/2026\/04\/Design-sem-nome-3.png","width":2048,"height":2048,"caption":"BoaTorna"},"image":{"@id":"https:\/\/boatorna.com\/#\/schema\/logo\/image\/"},"sameAs":["https:\/\/www.instagram.com\/boatorna.pt?igsh=MWo0aXRmMmF4cjV2aw&utm_source=qr"]}]}},"_links":{"self":[{"href":"https:\/\/boatorna.com\/en\/wp-json\/wp\/v2\/product\/229","targetHints":{"allow":["GET"]}}],"collection":[{"href":"https:\/\/boatorna.com\/en\/wp-json\/wp\/v2\/product"}],"about":[{"href":"https:\/\/boatorna.com\/en\/wp-json\/wp\/v2\/types\/product"}],"replies":[{"embeddable":true,"href":"https:\/\/boatorna.com\/en\/wp-json\/wp\/v2\/comments?post=229"}],"wp:featuredmedia":[{"embeddable":true,"href":"https:\/\/boatorna.com\/en\/wp-json\/wp\/v2\/media\/1870"}],"wp:attachment":[{"href":"https:\/\/boatorna.com\/en\/wp-json\/wp\/v2\/media?parent=229"}],"wp:term":[{"taxonomy":"product_brand","embeddable":true,"href":"https:\/\/boatorna.com\/en\/wp-json\/wp\/v2\/product_brand?post=229"},{"taxonomy":"product_cat","embeddable":true,"href":"https:\/\/boatorna.com\/en\/wp-json\/wp\/v2\/product_cat?post=229"},{"taxonomy":"product_tag","embeddable":true,"href":"https:\/\/boatorna.com\/en\/wp-json\/wp\/v2\/product_tag?post=229"}],"curies":[{"name":"wp","href":"https:\/\/api.w.org\/{rel}","templated":true}]}}