{"id":2419,"date":"2026-05-04T12:22:50","date_gmt":"2026-05-04T12:22:50","guid":{"rendered":"https:\/\/boatorna.com\/?post_type=product&#038;p=2419"},"modified":"2026-05-05T15:56:41","modified_gmt":"2026-05-05T15:56:41","slug":"glued","status":"publish","type":"product","link":"https:\/\/boatorna.com\/en\/product\/glued\/","title":{"rendered":"Glued"},"content":{"rendered":"<p>Criada para momentos sociais ao ar livre, esta mesa de jantar oval imp\u00f5e-se como pe\u00e7a central com uma presen\u00e7a escultural imposs\u00edvel de ignorar. As propor\u00e7\u00f5es generosas e a base s\u00f3lida n\u00e3o pedem espa\u00e7o \u2014 ocupam-no com autoridade. O tampo amplo, de cantos suavemente arredondados, conduz a conversa com naturalidade e eleva qualquer ambiente com um car\u00e1cter refinado. Escolher o acabamento \u00e9 apenas um detalhe para quem j\u00e1 sabe que est\u00e1 a optar por algo superior.<\/p>","protected":false},"excerpt":{"rendered":"<p>Criada para momentos sociais ao ar livre, esta mesa de jantar oval imp\u00f5e-se como pe\u00e7a central com uma presen\u00e7a escultural imposs\u00edvel de ignorar. As propor\u00e7\u00f5es generosas e a base s\u00f3lida n\u00e3o pedem espa\u00e7o \u2014 ocupam-no com autoridade. O tampo amplo, de cantos suavemente arredondados, conduz a conversa com naturalidade e eleva qualquer ambiente com um [&hellip;]<\/p>\n","protected":false},"featured_media":2421,"comment_status":"open","ping_status":"closed","template":"","meta":[],"product_brand":[],"product_cat":[62],"product_tag":[],"class_list":{"0":"post-2419","1":"product","2":"type-product","3":"status-publish","4":"has-post-thumbnail","6":"product_cat-mesa-exterior","8":"first","9":"outofstock","10":"taxable","11":"shipping-taxable","12":"purchasable","13":"product-type-simple"},"yoast_head":"<!-- This site is optimized with the Yoast SEO plugin v27.5 - https:\/\/yoast.com\/product\/yoast-seo-wordpress\/ -->\n<title>Glued - BoaTorna<\/title>\n<meta name=\"robots\" content=\"index, follow, max-snippet:-1, max-image-preview:large, max-video-preview:-1\" \/>\n<link rel=\"canonical\" href=\"https:\/\/boatorna.com\/en\/product\/glued\/\" \/>\n<meta property=\"og:locale\" content=\"en_GB\" \/>\n<meta property=\"og:type\" content=\"article\" \/>\n<meta property=\"og:title\" content=\"Glued - BoaTorna\" \/>\n<meta property=\"og:description\" content=\"Criada para momentos sociais ao ar livre, esta mesa de jantar oval imp\u00f5e-se como pe\u00e7a central com uma presen\u00e7a escultural imposs\u00edvel de ignorar. As propor\u00e7\u00f5es generosas e a base s\u00f3lida n\u00e3o pedem espa\u00e7o \u2014 ocupam-no com autoridade. O tampo amplo, de cantos suavemente arredondados, conduz a conversa com naturalidade e eleva qualquer ambiente com um [&hellip;]\" \/>\n<meta property=\"og:url\" content=\"https:\/\/boatorna.com\/en\/product\/glued\/\" \/>\n<meta property=\"og:site_name\" content=\"BoaTorna\" \/>\n<meta property=\"article:modified_time\" content=\"2026-05-05T15:56:41+00:00\" \/>\n<meta property=\"og:image\" content=\"https:\/\/boatorna.com\/wp-content\/uploads\/2026\/05\/mesa-madeira-.png\" \/>\n\t<meta property=\"og:image:width\" content=\"1149\" \/>\n\t<meta property=\"og:image:height\" content=\"615\" \/>\n\t<meta property=\"og:image:type\" content=\"image\/png\" \/>\n<meta name=\"twitter:card\" content=\"summary_large_image\" \/>\n<meta name=\"twitter:label1\" content=\"Estimated reading time\" \/>\n\t<meta name=\"twitter:data1\" content=\"1 minute\" \/>\n<script type=\"application\/ld+json\" class=\"yoast-schema-graph\">{\"@context\":\"https:\\\/\\\/schema.org\",\"@graph\":[{\"@type\":\"WebPage\",\"@id\":\"https:\\\/\\\/boatorna.com\\\/product\\\/glued\\\/\",\"url\":\"https:\\\/\\\/boatorna.com\\\/product\\\/glued\\\/\",\"name\":\"Glued - BoaTorna\",\"isPartOf\":{\"@id\":\"https:\\\/\\\/boatorna.com\\\/#website\"},\"primaryImageOfPage\":{\"@id\":\"https:\\\/\\\/boatorna.com\\\/product\\\/glued\\\/#primaryimage\"},\"image\":{\"@id\":\"https:\\\/\\\/boatorna.com\\\/product\\\/glued\\\/#primaryimage\"},\"thumbnailUrl\":\"https:\\\/\\\/boatorna.com\\\/wp-content\\\/uploads\\\/2026\\\/05\\\/mesa-madeira-.png\",\"datePublished\":\"2026-05-04T12:22:50+00:00\",\"dateModified\":\"2026-05-05T15:56:41+00:00\",\"breadcrumb\":{\"@id\":\"https:\\\/\\\/boatorna.com\\\/product\\\/glued\\\/#breadcrumb\"},\"inLanguage\":\"en-GB\",\"potentialAction\":[{\"@type\":\"ReadAction\",\"target\":[\"https:\\\/\\\/boatorna.com\\\/product\\\/glued\\\/\"]}]},{\"@type\":\"ImageObject\",\"inLanguage\":\"en-GB\",\"@id\":\"https:\\\/\\\/boatorna.com\\\/product\\\/glued\\\/#primaryimage\",\"url\":\"https:\\\/\\\/boatorna.com\\\/wp-content\\\/uploads\\\/2026\\\/05\\\/mesa-madeira-.png\",\"contentUrl\":\"https:\\\/\\\/boatorna.com\\\/wp-content\\\/uploads\\\/2026\\\/05\\\/mesa-madeira-.png\",\"width\":1149,\"height\":615},{\"@type\":\"BreadcrumbList\",\"@id\":\"https:\\\/\\\/boatorna.com\\\/product\\\/glued\\\/#breadcrumb\",\"itemListElement\":[{\"@type\":\"ListItem\",\"position\":1,\"name\":\"In\u00edcio\",\"item\":\"https:\\\/\\\/boatorna.com\\\/\"},{\"@type\":\"ListItem\",\"position\":2,\"name\":\"Produtos\",\"item\":\"https:\\\/\\\/boatorna.com\\\/shop\\\/\"},{\"@type\":\"ListItem\",\"position\":3,\"name\":\"Glued\"}]},{\"@type\":\"WebSite\",\"@id\":\"https:\\\/\\\/boatorna.com\\\/#website\",\"url\":\"https:\\\/\\\/boatorna.com\\\/\",\"name\":\"BoaTorna\",\"description\":\"Loja online de decora\u00e7\u00e3o, com pe\u00e7as \u00fanicas para quem valoriza estilo e eleg\u00e2ncia. Descubra a BoaTorna e transforme a sua casa com bom gosto.\",\"publisher\":{\"@id\":\"https:\\\/\\\/boatorna.com\\\/#organization\"},\"potentialAction\":[{\"@type\":\"SearchAction\",\"target\":{\"@type\":\"EntryPoint\",\"urlTemplate\":\"https:\\\/\\\/boatorna.com\\\/?s={search_term_string}\"},\"query-input\":{\"@type\":\"PropertyValueSpecification\",\"valueRequired\":true,\"valueName\":\"search_term_string\"}}],\"inLanguage\":\"en-GB\"},{\"@type\":\"Organization\",\"@id\":\"https:\\\/\\\/boatorna.com\\\/#organization\",\"name\":\"BoaTorna\",\"url\":\"https:\\\/\\\/boatorna.com\\\/\",\"logo\":{\"@type\":\"ImageObject\",\"inLanguage\":\"en-GB\",\"@id\":\"https:\\\/\\\/boatorna.com\\\/#\\\/schema\\\/logo\\\/image\\\/\",\"url\":\"https:\\\/\\\/boatorna.com\\\/wp-content\\\/uploads\\\/2026\\\/04\\\/Design-sem-nome-3.png\",\"contentUrl\":\"https:\\\/\\\/boatorna.com\\\/wp-content\\\/uploads\\\/2026\\\/04\\\/Design-sem-nome-3.png\",\"width\":2048,\"height\":2048,\"caption\":\"BoaTorna\"},\"image\":{\"@id\":\"https:\\\/\\\/boatorna.com\\\/#\\\/schema\\\/logo\\\/image\\\/\"},\"sameAs\":[\"https:\\\/\\\/www.instagram.com\\\/boatorna.pt?igsh=MWo0aXRmMmF4cjV2aw&utm_source=qr\"]}]}<\/script>\n<!-- \/ Yoast SEO plugin. -->","yoast_head_json":{"title":"Glued - BoaTorna","robots":{"index":"index","follow":"follow","max-snippet":"max-snippet:-1","max-image-preview":"max-image-preview:large","max-video-preview":"max-video-preview:-1"},"canonical":"https:\/\/boatorna.com\/en\/product\/glued\/","og_locale":"en_GB","og_type":"article","og_title":"Glued - BoaTorna","og_description":"Criada para momentos sociais ao ar livre, esta mesa de jantar oval imp\u00f5e-se como pe\u00e7a central com uma presen\u00e7a escultural imposs\u00edvel de ignorar. As propor\u00e7\u00f5es generosas e a base s\u00f3lida n\u00e3o pedem espa\u00e7o \u2014 ocupam-no com autoridade. O tampo amplo, de cantos suavemente arredondados, conduz a conversa com naturalidade e eleva qualquer ambiente com um [&hellip;]","og_url":"https:\/\/boatorna.com\/en\/product\/glued\/","og_site_name":"BoaTorna","article_modified_time":"2026-05-05T15:56:41+00:00","og_image":[{"width":1149,"height":615,"url":"https:\/\/boatorna.com\/wp-content\/uploads\/2026\/05\/mesa-madeira-.png","type":"image\/png"}],"twitter_card":"summary_large_image","twitter_misc":{"Estimated reading time":"1 minute"},"schema":{"@context":"https:\/\/schema.org","@graph":[{"@type":"WebPage","@id":"https:\/\/boatorna.com\/product\/glued\/","url":"https:\/\/boatorna.com\/product\/glued\/","name":"Glued - BoaTorna","isPartOf":{"@id":"https:\/\/boatorna.com\/#website"},"primaryImageOfPage":{"@id":"https:\/\/boatorna.com\/product\/glued\/#primaryimage"},"image":{"@id":"https:\/\/boatorna.com\/product\/glued\/#primaryimage"},"thumbnailUrl":"https:\/\/boatorna.com\/wp-content\/uploads\/2026\/05\/mesa-madeira-.png","datePublished":"2026-05-04T12:22:50+00:00","dateModified":"2026-05-05T15:56:41+00:00","breadcrumb":{"@id":"https:\/\/boatorna.com\/product\/glued\/#breadcrumb"},"inLanguage":"en-GB","potentialAction":[{"@type":"ReadAction","target":["https:\/\/boatorna.com\/product\/glued\/"]}]},{"@type":"ImageObject","inLanguage":"en-GB","@id":"https:\/\/boatorna.com\/product\/glued\/#primaryimage","url":"https:\/\/boatorna.com\/wp-content\/uploads\/2026\/05\/mesa-madeira-.png","contentUrl":"https:\/\/boatorna.com\/wp-content\/uploads\/2026\/05\/mesa-madeira-.png","width":1149,"height":615},{"@type":"BreadcrumbList","@id":"https:\/\/boatorna.com\/product\/glued\/#breadcrumb","itemListElement":[{"@type":"ListItem","position":1,"name":"In\u00edcio","item":"https:\/\/boatorna.com\/"},{"@type":"ListItem","position":2,"name":"Produtos","item":"https:\/\/boatorna.com\/shop\/"},{"@type":"ListItem","position":3,"name":"Glued"}]},{"@type":"WebSite","@id":"https:\/\/boatorna.com\/#website","url":"https:\/\/boatorna.com\/","name":"BoaTorna","description":"Loja online de decora\u00e7\u00e3o, com pe\u00e7as \u00fanicas para quem valoriza estilo e eleg\u00e2ncia. Descubra a BoaTorna e transforme a sua casa com bom gosto.","publisher":{"@id":"https:\/\/boatorna.com\/#organization"},"potentialAction":[{"@type":"SearchAction","target":{"@type":"EntryPoint","urlTemplate":"https:\/\/boatorna.com\/?s={search_term_string}"},"query-input":{"@type":"PropertyValueSpecification","valueRequired":true,"valueName":"search_term_string"}}],"inLanguage":"en-GB"},{"@type":"Organization","@id":"https:\/\/boatorna.com\/#organization","name":"BoaTorna","url":"https:\/\/boatorna.com\/","logo":{"@type":"ImageObject","inLanguage":"en-GB","@id":"https:\/\/boatorna.com\/#\/schema\/logo\/image\/","url":"https:\/\/boatorna.com\/wp-content\/uploads\/2026\/04\/Design-sem-nome-3.png","contentUrl":"https:\/\/boatorna.com\/wp-content\/uploads\/2026\/04\/Design-sem-nome-3.png","width":2048,"height":2048,"caption":"BoaTorna"},"image":{"@id":"https:\/\/boatorna.com\/#\/schema\/logo\/image\/"},"sameAs":["https:\/\/www.instagram.com\/boatorna.pt?igsh=MWo0aXRmMmF4cjV2aw&utm_source=qr"]}]}},"_links":{"self":[{"href":"https:\/\/boatorna.com\/en\/wp-json\/wp\/v2\/product\/2419","targetHints":{"allow":["GET"]}}],"collection":[{"href":"https:\/\/boatorna.com\/en\/wp-json\/wp\/v2\/product"}],"about":[{"href":"https:\/\/boatorna.com\/en\/wp-json\/wp\/v2\/types\/product"}],"replies":[{"embeddable":true,"href":"https:\/\/boatorna.com\/en\/wp-json\/wp\/v2\/comments?post=2419"}],"wp:featuredmedia":[{"embeddable":true,"href":"https:\/\/boatorna.com\/en\/wp-json\/wp\/v2\/media\/2421"}],"wp:attachment":[{"href":"https:\/\/boatorna.com\/en\/wp-json\/wp\/v2\/media?parent=2419"}],"wp:term":[{"taxonomy":"product_brand","embeddable":true,"href":"https:\/\/boatorna.com\/en\/wp-json\/wp\/v2\/product_brand?post=2419"},{"taxonomy":"product_cat","embeddable":true,"href":"https:\/\/boatorna.com\/en\/wp-json\/wp\/v2\/product_cat?post=2419"},{"taxonomy":"product_tag","embeddable":true,"href":"https:\/\/boatorna.com\/en\/wp-json\/wp\/v2\/product_tag?post=2419"}],"curies":[{"name":"wp","href":"https:\/\/api.w.org\/{rel}","templated":true}]}}