{"id":2637,"date":"2026-05-13T12:38:33","date_gmt":"2026-05-13T12:38:33","guid":{"rendered":"https:\/\/boatorna.com\/?post_type=product&#038;p=2637"},"modified":"2026-05-14T14:27:56","modified_gmt":"2026-05-14T14:27:56","slug":"pace-coffee-table","status":"publish","type":"product","link":"https:\/\/boatorna.com\/en\/product\/pace-coffee-table\/","title":{"rendered":"Pace coffee table"},"content":{"rendered":"<div class=\"qMYqUG_convSearchResultHighlightRoot\">\n<div class=\"\" data-turn-id-container=\"request-WEB:a1394d68-2631-43c6-b2ee-1dc1bc291842-51\" data-is-intersecting=\"true\">\n<div class=\"relative w-full overflow-visible\">\n<section class=\"text-token-text-primary w-full focus:outline-none has-data-writing-block:pointer-events-none [&amp;:has([data-writing-block])&gt;*]:pointer-events-auto R6Vx5W_threadScrollVars scroll-mb-[calc(var(--scroll-root-safe-area-inset-bottom,0px)+var(--thread-response-height))] scroll-mt-[calc(var(--header-height)+min(200px,max(70px,20svh)))]\" dir=\"auto\" data-turn-id=\"request-WEB:a1394d68-2631-43c6-b2ee-1dc1bc291842-51\" data-turn-id-container=\"request-WEB:a1394d68-2631-43c6-b2ee-1dc1bc291842-51\" data-testid=\"conversation-turn-104\" data-scroll-anchor=\"false\" data-turn=\"assistant\">\n<div class=\"text-base my-auto mx-auto pb-10 [--thread-content-margin:var(--thread-content-margin-xs,calc(var(--spacing)*4))] @w-sm\/main:[--thread-content-margin:var(--thread-content-margin-sm,calc(var(--spacing)*6))] @w-lg\/main:[--thread-content-margin:var(--thread-content-margin-lg,calc(var(--spacing)*16))] px-(--thread-content-margin)\">\n<div class=\"[--thread-content-max-width:40rem] @w-lg\/main:[--thread-content-max-width:48rem] mx-auto max-w-(--thread-content-max-width) flex-1 group\/turn-messages focus-visible:outline-hidden relative flex w-full min-w-0 flex-col agent-turn\">\n<div class=\"flex max-w-full flex-col gap-4 grow\">\n<div class=\"min-h-8 text-message relative flex w-full flex-col items-end gap-2 text-start break-words whitespace-normal outline-none keyboard-focused:focus-ring [.text-message+&amp;]:mt-1\" dir=\"auto\" tabindex=\"0\" data-message-author-role=\"assistant\" data-message-id=\"c943532b-d65d-472e-9c3a-98e382535c56\" data-message-model-slug=\"gpt-5-3-mini\" data-turn-start-message=\"true\">\n<div class=\"flex w-full flex-col gap-1 empty:hidden\">\n<div class=\"markdown prose dark:prose-invert wrap-break-word w-full dark markdown-new-styling\">\n<p data-start=\"0\" data-end=\"538\" data-is-last-node=\"\" data-is-only-node=\"\">A Pace Coffee table \u00e9 uma mesa de caf\u00e9 intemporal, dispon\u00edvel em tr\u00eas tamanhos, concebida pelo duo de design dinamarqu\u00eas Foersom &amp; Hiort-Lorenzen MDD. Produzida em elegante madeira de mogno escuro, apresenta uma est\u00e9tica cl\u00e1ssica e moderna ao mesmo tempo, integrando-se facilmente em diferentes ambientes. Representa o melhor do design dinamarqu\u00eas: sofistica\u00e7\u00e3o, equil\u00edbrio e qualidade superior. As tr\u00eas dimens\u00f5es permitem utiliza\u00e7\u00e3o individual ou em conjunto, criando composi\u00e7\u00f5es vers\u00e1teis e harmoniosas com presen\u00e7a discreta e refinada.<\/p>\n<\/div>\n<\/div>\n<\/div>\n<\/div>\n<\/div>\n<\/div>\n<\/section>\n<\/div>\n<\/div>\n<\/div>\n","protected":false},"excerpt":{"rendered":"<p>A Pace Coffee table \u00e9 uma mesa de caf\u00e9 intemporal, dispon\u00edvel em tr\u00eas tamanhos, concebida pelo duo de design dinamarqu\u00eas Foersom &amp; Hiort-Lorenzen MDD. Produzida em elegante madeira de mogno escuro, apresenta uma est\u00e9tica cl\u00e1ssica e moderna ao mesmo tempo, integrando-se facilmente em diferentes ambientes. Representa o melhor do design dinamarqu\u00eas: sofistica\u00e7\u00e3o, equil\u00edbrio e qualidade [&hellip;]<\/p>\n","protected":false},"featured_media":2641,"comment_status":"open","ping_status":"closed","template":"","meta":[],"product_brand":[],"product_cat":[55],"product_tag":[],"class_list":{"0":"post-2637","1":"product","2":"type-product","3":"status-publish","4":"has-post-thumbnail","6":"product_cat-mesa","8":"first","9":"instock","10":"taxable","11":"shipping-taxable","12":"purchasable","13":"product-type-variable"},"yoast_head":"<!-- This site is optimized with the Yoast SEO plugin v27.6 - https:\/\/yoast.com\/product\/yoast-seo-wordpress\/ -->\n<title>Pace coffee table - BoaTorna<\/title>\n<meta name=\"description\" content=\"A Pace Coffee table \u00e9 uma mesa de caf\u00e9 intemporal, dispon\u00edvel em tr\u00eas tamanhos, concebida pelo duo de design dinamarqu\u00eas Foersom &amp; Hiort-Lorenzen MDD. Produzida em elegante madeira de mogno escuro, apresenta uma est\u00e9tica cl\u00e1ssica e moderna ao mesmo tempo, integrando-se facilmente em diferentes ambientes. Representa o melhor do design dinamarqu\u00eas: sofistica\u00e7\u00e3o, equil\u00edbrio e qualidade superior. As tr\u00eas dimens\u00f5es permitem utiliza\u00e7\u00e3o individual ou em conjunto, criando composi\u00e7\u00f5es vers\u00e1teis e harmoniosas com presen\u00e7a discreta e refinada.\" \/>\n<meta name=\"robots\" content=\"index, follow, max-snippet:-1, max-image-preview:large, max-video-preview:-1\" \/>\n<link rel=\"canonical\" href=\"https:\/\/boatorna.com\/en\/product\/pace-coffee-table\/\" \/>\n<meta property=\"og:locale\" content=\"en_GB\" \/>\n<meta property=\"og:type\" content=\"article\" \/>\n<meta property=\"og:title\" content=\"Pace coffee table - BoaTorna\" \/>\n<meta property=\"og:description\" content=\"A Pace Coffee table \u00e9 uma mesa de caf\u00e9 intemporal, dispon\u00edvel em tr\u00eas tamanhos, concebida pelo duo de design dinamarqu\u00eas Foersom &amp; Hiort-Lorenzen MDD. Produzida em elegante madeira de mogno escuro, apresenta uma est\u00e9tica cl\u00e1ssica e moderna ao mesmo tempo, integrando-se facilmente em diferentes ambientes. Representa o melhor do design dinamarqu\u00eas: sofistica\u00e7\u00e3o, equil\u00edbrio e qualidade superior. As tr\u00eas dimens\u00f5es permitem utiliza\u00e7\u00e3o individual ou em conjunto, criando composi\u00e7\u00f5es vers\u00e1teis e harmoniosas com presen\u00e7a discreta e refinada.\" \/>\n<meta property=\"og:url\" content=\"https:\/\/boatorna.com\/en\/product\/pace-coffee-table\/\" \/>\n<meta property=\"og:site_name\" content=\"BoaTorna\" \/>\n<meta property=\"article:modified_time\" content=\"2026-05-14T14:27:56+00:00\" \/>\n<meta property=\"og:image\" content=\"https:\/\/boatorna.com\/wp-content\/uploads\/2026\/05\/Pace-coffee-table-large.webp\" \/>\n\t<meta property=\"og:image:width\" content=\"1800\" \/>\n\t<meta property=\"og:image:height\" content=\"1600\" \/>\n\t<meta property=\"og:image:type\" content=\"image\/webp\" \/>\n<meta name=\"twitter:card\" content=\"summary_large_image\" \/>\n<meta name=\"twitter:label1\" content=\"Estimated reading time\" \/>\n\t<meta name=\"twitter:data1\" content=\"1 minute\" \/>\n<script type=\"application\/ld+json\" class=\"yoast-schema-graph\">{\"@context\":\"https:\\\/\\\/schema.org\",\"@graph\":[{\"@type\":\"WebPage\",\"@id\":\"https:\\\/\\\/boatorna.com\\\/product\\\/pace-coffee-table\\\/\",\"url\":\"https:\\\/\\\/boatorna.com\\\/product\\\/pace-coffee-table\\\/\",\"name\":\"Pace coffee table - BoaTorna\",\"isPartOf\":{\"@id\":\"https:\\\/\\\/boatorna.com\\\/en\\\/#website\"},\"primaryImageOfPage\":{\"@id\":\"https:\\\/\\\/boatorna.com\\\/product\\\/pace-coffee-table\\\/#primaryimage\"},\"image\":{\"@id\":\"https:\\\/\\\/boatorna.com\\\/product\\\/pace-coffee-table\\\/#primaryimage\"},\"thumbnailUrl\":\"https:\\\/\\\/boatorna.com\\\/wp-content\\\/uploads\\\/2026\\\/05\\\/Pace-coffee-table-large.webp\",\"datePublished\":\"2026-05-13T12:38:33+00:00\",\"dateModified\":\"2026-05-14T14:27:56+00:00\",\"description\":\"A Pace Coffee table \u00e9 uma mesa de caf\u00e9 intemporal, dispon\u00edvel em tr\u00eas tamanhos, concebida pelo duo de design dinamarqu\u00eas Foersom & Hiort-Lorenzen MDD. Produzida em elegante madeira de mogno escuro, apresenta uma est\u00e9tica cl\u00e1ssica e moderna ao mesmo tempo, integrando-se facilmente em diferentes ambientes. Representa o melhor do design dinamarqu\u00eas: sofistica\u00e7\u00e3o, equil\u00edbrio e qualidade superior. As tr\u00eas dimens\u00f5es permitem utiliza\u00e7\u00e3o individual ou em conjunto, criando composi\u00e7\u00f5es vers\u00e1teis e harmoniosas com presen\u00e7a discreta e refinada.\",\"breadcrumb\":{\"@id\":\"https:\\\/\\\/boatorna.com\\\/product\\\/pace-coffee-table\\\/#breadcrumb\"},\"inLanguage\":\"en-GB\",\"potentialAction\":[{\"@type\":\"ReadAction\",\"target\":[\"https:\\\/\\\/boatorna.com\\\/product\\\/pace-coffee-table\\\/\"]}]},{\"@type\":\"ImageObject\",\"inLanguage\":\"en-GB\",\"@id\":\"https:\\\/\\\/boatorna.com\\\/product\\\/pace-coffee-table\\\/#primaryimage\",\"url\":\"https:\\\/\\\/boatorna.com\\\/wp-content\\\/uploads\\\/2026\\\/05\\\/Pace-coffee-table-large.webp\",\"contentUrl\":\"https:\\\/\\\/boatorna.com\\\/wp-content\\\/uploads\\\/2026\\\/05\\\/Pace-coffee-table-large.webp\",\"width\":1800,\"height\":1600},{\"@type\":\"BreadcrumbList\",\"@id\":\"https:\\\/\\\/boatorna.com\\\/product\\\/pace-coffee-table\\\/#breadcrumb\",\"itemListElement\":[{\"@type\":\"ListItem\",\"position\":1,\"name\":\"In\u00edcio\",\"item\":\"https:\\\/\\\/boatorna.com\\\/en\\\/\"},{\"@type\":\"ListItem\",\"position\":2,\"name\":\"Produtos\",\"item\":\"https:\\\/\\\/boatorna.com\\\/shop\\\/\"},{\"@type\":\"ListItem\",\"position\":3,\"name\":\"Pace coffee table\"}]},{\"@type\":\"WebSite\",\"@id\":\"https:\\\/\\\/boatorna.com\\\/en\\\/#website\",\"url\":\"https:\\\/\\\/boatorna.com\\\/en\\\/\",\"name\":\"BoaTorna\",\"description\":\"Loja online de decora\u00e7\u00e3o, com pe\u00e7as \u00fanicas para quem valoriza estilo e eleg\u00e2ncia. Descubra a BoaTorna e transforme a sua casa com bom gosto.\",\"publisher\":{\"@id\":\"https:\\\/\\\/boatorna.com\\\/en\\\/#organization\"},\"potentialAction\":[{\"@type\":\"SearchAction\",\"target\":{\"@type\":\"EntryPoint\",\"urlTemplate\":\"https:\\\/\\\/boatorna.com\\\/en\\\/?s={search_term_string}\"},\"query-input\":{\"@type\":\"PropertyValueSpecification\",\"valueRequired\":true,\"valueName\":\"search_term_string\"}}],\"inLanguage\":\"en-GB\"},{\"@type\":\"Organization\",\"@id\":\"https:\\\/\\\/boatorna.com\\\/en\\\/#organization\",\"name\":\"BoaTorna\",\"url\":\"https:\\\/\\\/boatorna.com\\\/en\\\/\",\"logo\":{\"@type\":\"ImageObject\",\"inLanguage\":\"en-GB\",\"@id\":\"https:\\\/\\\/boatorna.com\\\/en\\\/#\\\/schema\\\/logo\\\/image\\\/\",\"url\":\"https:\\\/\\\/boatorna.com\\\/wp-content\\\/uploads\\\/2026\\\/04\\\/Design-sem-nome-3.png\",\"contentUrl\":\"https:\\\/\\\/boatorna.com\\\/wp-content\\\/uploads\\\/2026\\\/04\\\/Design-sem-nome-3.png\",\"width\":2048,\"height\":2048,\"caption\":\"BoaTorna\"},\"image\":{\"@id\":\"https:\\\/\\\/boatorna.com\\\/en\\\/#\\\/schema\\\/logo\\\/image\\\/\"},\"sameAs\":[\"https:\\\/\\\/www.instagram.com\\\/boatorna.pt?igsh=MWo0aXRmMmF4cjV2aw&utm_source=qr\"]}]}<\/script>\n<!-- \/ Yoast SEO plugin. -->","yoast_head_json":{"title":"Pace coffee table - BoaTorna","description":"A Pace Coffee table \u00e9 uma mesa de caf\u00e9 intemporal, dispon\u00edvel em tr\u00eas tamanhos, concebida pelo duo de design dinamarqu\u00eas Foersom & Hiort-Lorenzen MDD. Produzida em elegante madeira de mogno escuro, apresenta uma est\u00e9tica cl\u00e1ssica e moderna ao mesmo tempo, integrando-se facilmente em diferentes ambientes. Representa o melhor do design dinamarqu\u00eas: sofistica\u00e7\u00e3o, equil\u00edbrio e qualidade superior. As tr\u00eas dimens\u00f5es permitem utiliza\u00e7\u00e3o individual ou em conjunto, criando composi\u00e7\u00f5es vers\u00e1teis e harmoniosas com presen\u00e7a discreta e refinada.","robots":{"index":"index","follow":"follow","max-snippet":"max-snippet:-1","max-image-preview":"max-image-preview:large","max-video-preview":"max-video-preview:-1"},"canonical":"https:\/\/boatorna.com\/en\/product\/pace-coffee-table\/","og_locale":"en_GB","og_type":"article","og_title":"Pace coffee table - BoaTorna","og_description":"A Pace Coffee table \u00e9 uma mesa de caf\u00e9 intemporal, dispon\u00edvel em tr\u00eas tamanhos, concebida pelo duo de design dinamarqu\u00eas Foersom & Hiort-Lorenzen MDD. Produzida em elegante madeira de mogno escuro, apresenta uma est\u00e9tica cl\u00e1ssica e moderna ao mesmo tempo, integrando-se facilmente em diferentes ambientes. Representa o melhor do design dinamarqu\u00eas: sofistica\u00e7\u00e3o, equil\u00edbrio e qualidade superior. As tr\u00eas dimens\u00f5es permitem utiliza\u00e7\u00e3o individual ou em conjunto, criando composi\u00e7\u00f5es vers\u00e1teis e harmoniosas com presen\u00e7a discreta e refinada.","og_url":"https:\/\/boatorna.com\/en\/product\/pace-coffee-table\/","og_site_name":"BoaTorna","article_modified_time":"2026-05-14T14:27:56+00:00","og_image":[{"width":1800,"height":1600,"url":"https:\/\/boatorna.com\/wp-content\/uploads\/2026\/05\/Pace-coffee-table-large.webp","type":"image\/webp"}],"twitter_card":"summary_large_image","twitter_misc":{"Estimated reading time":"1 minute"},"schema":{"@context":"https:\/\/schema.org","@graph":[{"@type":"WebPage","@id":"https:\/\/boatorna.com\/product\/pace-coffee-table\/","url":"https:\/\/boatorna.com\/product\/pace-coffee-table\/","name":"Pace coffee table - BoaTorna","isPartOf":{"@id":"https:\/\/boatorna.com\/en\/#website"},"primaryImageOfPage":{"@id":"https:\/\/boatorna.com\/product\/pace-coffee-table\/#primaryimage"},"image":{"@id":"https:\/\/boatorna.com\/product\/pace-coffee-table\/#primaryimage"},"thumbnailUrl":"https:\/\/boatorna.com\/wp-content\/uploads\/2026\/05\/Pace-coffee-table-large.webp","datePublished":"2026-05-13T12:38:33+00:00","dateModified":"2026-05-14T14:27:56+00:00","description":"A Pace Coffee table \u00e9 uma mesa de caf\u00e9 intemporal, dispon\u00edvel em tr\u00eas tamanhos, concebida pelo duo de design dinamarqu\u00eas Foersom & Hiort-Lorenzen MDD. Produzida em elegante madeira de mogno escuro, apresenta uma est\u00e9tica cl\u00e1ssica e moderna ao mesmo tempo, integrando-se facilmente em diferentes ambientes. Representa o melhor do design dinamarqu\u00eas: sofistica\u00e7\u00e3o, equil\u00edbrio e qualidade superior. As tr\u00eas dimens\u00f5es permitem utiliza\u00e7\u00e3o individual ou em conjunto, criando composi\u00e7\u00f5es vers\u00e1teis e harmoniosas com presen\u00e7a discreta e refinada.","breadcrumb":{"@id":"https:\/\/boatorna.com\/product\/pace-coffee-table\/#breadcrumb"},"inLanguage":"en-GB","potentialAction":[{"@type":"ReadAction","target":["https:\/\/boatorna.com\/product\/pace-coffee-table\/"]}]},{"@type":"ImageObject","inLanguage":"en-GB","@id":"https:\/\/boatorna.com\/product\/pace-coffee-table\/#primaryimage","url":"https:\/\/boatorna.com\/wp-content\/uploads\/2026\/05\/Pace-coffee-table-large.webp","contentUrl":"https:\/\/boatorna.com\/wp-content\/uploads\/2026\/05\/Pace-coffee-table-large.webp","width":1800,"height":1600},{"@type":"BreadcrumbList","@id":"https:\/\/boatorna.com\/product\/pace-coffee-table\/#breadcrumb","itemListElement":[{"@type":"ListItem","position":1,"name":"In\u00edcio","item":"https:\/\/boatorna.com\/en\/"},{"@type":"ListItem","position":2,"name":"Produtos","item":"https:\/\/boatorna.com\/shop\/"},{"@type":"ListItem","position":3,"name":"Pace coffee table"}]},{"@type":"WebSite","@id":"https:\/\/boatorna.com\/en\/#website","url":"https:\/\/boatorna.com\/en\/","name":"BoaTorna","description":"Loja online de decora\u00e7\u00e3o, com pe\u00e7as \u00fanicas para quem valoriza estilo e eleg\u00e2ncia. Descubra a BoaTorna e transforme a sua casa com bom gosto.","publisher":{"@id":"https:\/\/boatorna.com\/en\/#organization"},"potentialAction":[{"@type":"SearchAction","target":{"@type":"EntryPoint","urlTemplate":"https:\/\/boatorna.com\/en\/?s={search_term_string}"},"query-input":{"@type":"PropertyValueSpecification","valueRequired":true,"valueName":"search_term_string"}}],"inLanguage":"en-GB"},{"@type":"Organization","@id":"https:\/\/boatorna.com\/en\/#organization","name":"BoaTorna","url":"https:\/\/boatorna.com\/en\/","logo":{"@type":"ImageObject","inLanguage":"en-GB","@id":"https:\/\/boatorna.com\/en\/#\/schema\/logo\/image\/","url":"https:\/\/boatorna.com\/wp-content\/uploads\/2026\/04\/Design-sem-nome-3.png","contentUrl":"https:\/\/boatorna.com\/wp-content\/uploads\/2026\/04\/Design-sem-nome-3.png","width":2048,"height":2048,"caption":"BoaTorna"},"image":{"@id":"https:\/\/boatorna.com\/en\/#\/schema\/logo\/image\/"},"sameAs":["https:\/\/www.instagram.com\/boatorna.pt?igsh=MWo0aXRmMmF4cjV2aw&utm_source=qr"]}]}},"_links":{"self":[{"href":"https:\/\/boatorna.com\/en\/wp-json\/wp\/v2\/product\/2637","targetHints":{"allow":["GET"]}}],"collection":[{"href":"https:\/\/boatorna.com\/en\/wp-json\/wp\/v2\/product"}],"about":[{"href":"https:\/\/boatorna.com\/en\/wp-json\/wp\/v2\/types\/product"}],"replies":[{"embeddable":true,"href":"https:\/\/boatorna.com\/en\/wp-json\/wp\/v2\/comments?post=2637"}],"wp:featuredmedia":[{"embeddable":true,"href":"https:\/\/boatorna.com\/en\/wp-json\/wp\/v2\/media\/2641"}],"wp:attachment":[{"href":"https:\/\/boatorna.com\/en\/wp-json\/wp\/v2\/media?parent=2637"}],"wp:term":[{"taxonomy":"product_brand","embeddable":true,"href":"https:\/\/boatorna.com\/en\/wp-json\/wp\/v2\/product_brand?post=2637"},{"taxonomy":"product_cat","embeddable":true,"href":"https:\/\/boatorna.com\/en\/wp-json\/wp\/v2\/product_cat?post=2637"},{"taxonomy":"product_tag","embeddable":true,"href":"https:\/\/boatorna.com\/en\/wp-json\/wp\/v2\/product_tag?post=2637"}],"curies":[{"name":"wp","href":"https:\/\/api.w.org\/{rel}","templated":true}]}}